{"id":1538,"date":"2024-01-24T11:33:17","date_gmt":"2024-01-24T10:33:17","guid":{"rendered":"https:\/\/xn--schav-8ra.com\/?page_id=1538"},"modified":"2024-01-24T14:30:36","modified_gmt":"2024-01-24T13:30:36","slug":"rejoignez-notre-marketplace","status":"publish","type":"page","link":"https:\/\/xn--schav-8ra.com\/index.php\/rejoignez-notre-marketplace\/","title":{"rendered":"DEVENIR VENDEUR"},"content":{"rendered":"\t\t<div data-elementor-type=\"wp-page\" data-elementor-id=\"1538\" class=\"elementor elementor-1538\" data-elementor-settings=\"{&quot;ha_cmc_init_switcher&quot;:&quot;no&quot;}\">\n\t\t\t\t<div class=\"elementor-element elementor-element-2478db2 e-con-full e-flex wpr-particle-no wpr-jarallax-no wpr-parallax-no wpr-sticky-section-no e-con e-parent\" data-id=\"2478db2\" data-element_type=\"container\" data-e-type=\"container\" data-settings=\"{&quot;background_background&quot;:&quot;classic&quot;,&quot;shape_divider_bottom&quot;:&quot;pyramids&quot;,&quot;_ha_eqh_enable&quot;:false}\">\n\t\t\t\t<div class=\"elementor-shape elementor-shape-bottom\" aria-hidden=\"true\" data-negative=\"false\">\n\t\t\t<svg xmlns=\"http:\/\/www.w3.org\/2000\/svg\" viewBox=\"0 0 1000 100\" preserveAspectRatio=\"none\">\n\t<path class=\"elementor-shape-fill\" d=\"M761.9,44.1L643.1,27.2L333.8,98L0,3.8V0l1000,0v3.9\"\/>\n<\/svg>\t\t<\/div>\n\t\t\t\t<div class=\"elementor-element elementor-element-a4d24e5 elementor-widget elementor-widget-spacer\" data-id=\"a4d24e5\" data-element_type=\"widget\" data-e-type=\"widget\" data-widget_type=\"spacer.default\">\n\t\t\t\t<div class=\"elementor-widget-container\">\n\t\t\t\t\t\t\t<div class=\"elementor-spacer\">\n\t\t\t<div class=\"elementor-spacer-inner\"><\/div>\n\t\t<\/div>\n\t\t\t\t\t\t<\/div>\n\t\t\t\t<\/div>\n\t\t\t\t<\/div>\n\t\t<div class=\"elementor-element elementor-element-36a0833 e-con-full e-flex wpr-particle-no wpr-jarallax-no wpr-parallax-no wpr-sticky-section-no e-con e-parent\" data-id=\"36a0833\" data-element_type=\"container\" data-e-type=\"container\" data-settings=\"{&quot;_ha_eqh_enable&quot;:false}\">\n\t\t\t\t<div class=\"elementor-element elementor-element-69a3611 elementor-widget elementor-widget-heading\" data-id=\"69a3611\" data-element_type=\"widget\" data-e-type=\"widget\" data-widget_type=\"heading.default\">\n\t\t\t\t<div class=\"elementor-widget-container\">\n\t\t\t\t\t<h2 class=\"elementor-heading-title elementor-size-default\">vous \u00eates entrepreneur(e) et vous voulez gagner en visibilit\u00e9 et vendre vos produits \u00e0 une forte communaut\u00e9? <\/h2>\t\t\t\t<\/div>\n\t\t\t\t<\/div>\n\t\t\t\t<\/div>\n\t\t<div class=\"elementor-element elementor-element-00d6ff4 e-flex e-con-boxed wpr-particle-no wpr-jarallax-no wpr-parallax-no wpr-sticky-section-no e-con e-parent\" data-id=\"00d6ff4\" data-element_type=\"container\" data-e-type=\"container\" data-settings=\"{&quot;_ha_eqh_enable&quot;:false}\">\n\t\t\t\t\t<div class=\"e-con-inner\">\n\t\t\t\t<div class=\"elementor-element elementor-element-be0d727 elementor-widget elementor-widget-text-editor\" data-id=\"be0d727\" data-element_type=\"widget\" data-e-type=\"widget\" data-widget_type=\"text-editor.default\">\n\t\t\t\t<div class=\"elementor-widget-container\">\n\t\t\t\t\t\t\t\t\t<p>Rejoignez notre Marketplace et vendez vos produits en toute s\u00e9curit\u00e9\u00a0<\/p>\t\t\t\t\t\t\t\t<\/div>\n\t\t\t\t<\/div>\n\t\t\t\t<div class=\"elementor-element elementor-element-b4d9b4b elementor-button-success elementor-align-center elementor-widget elementor-widget-button\" data-id=\"b4d9b4b\" data-element_type=\"widget\" data-e-type=\"widget\" data-widget_type=\"button.default\">\n\t\t\t\t<div class=\"elementor-widget-container\">\n\t\t\t\t\t\t\t\t\t<div class=\"elementor-button-wrapper\">\n\t\t\t\t\t<a class=\"elementor-button elementor-button-link elementor-size-sm\" href=\"https:\/\/xn--schav-8ra.com\/index.php\/vendor-register\/\">\n\t\t\t\t\t\t<span class=\"elementor-button-content-wrapper\">\n\t\t\t\t\t\t\t\t\t<span class=\"elementor-button-text\">JE M'INSCRIS<\/span>\n\t\t\t\t\t<\/span>\n\t\t\t\t\t<\/a>\n\t\t\t\t<\/div>\n\t\t\t\t\t\t\t\t<\/div>\n\t\t\t\t<\/div>\n\t\t\t\t\t<\/div>\n\t\t\t\t<\/div>\n\t\t<div class=\"elementor-element elementor-element-3845b3d e-flex e-con-boxed wpr-particle-no wpr-jarallax-no wpr-parallax-no wpr-sticky-section-no e-con e-parent\" data-id=\"3845b3d\" data-element_type=\"container\" data-e-type=\"container\" data-settings=\"{&quot;_ha_eqh_enable&quot;:false}\">\n\t\t\t\t\t<div class=\"e-con-inner\">\n\t\t\t\t<div class=\"elementor-element elementor-element-bc2eb5b elementor-widget elementor-widget-spacer\" data-id=\"bc2eb5b\" data-element_type=\"widget\" data-e-type=\"widget\" data-widget_type=\"spacer.default\">\n\t\t\t\t<div class=\"elementor-widget-container\">\n\t\t\t\t\t\t\t<div class=\"elementor-spacer\">\n\t\t\t<div class=\"elementor-spacer-inner\"><\/div>\n\t\t<\/div>\n\t\t\t\t\t\t<\/div>\n\t\t\t\t<\/div>\n\t\t\t\t\t<\/div>\n\t\t\t\t<\/div>\n\t\t<div class=\"elementor-element elementor-element-472d0f4 e-con-full e-flex wpr-particle-no wpr-jarallax-no wpr-parallax-no wpr-sticky-section-no e-con e-parent\" data-id=\"472d0f4\" data-element_type=\"container\" data-e-type=\"container\" data-settings=\"{&quot;background_background&quot;:&quot;classic&quot;,&quot;shape_divider_top&quot;:&quot;pyramids&quot;,&quot;shape_divider_top_negative&quot;:&quot;yes&quot;,&quot;_ha_eqh_enable&quot;:false}\">\n\t\t\t\t<div class=\"elementor-shape elementor-shape-top\" aria-hidden=\"true\" data-negative=\"true\">\n\t\t\t<svg xmlns=\"http:\/\/www.w3.org\/2000\/svg\" viewBox=\"0 0 1000 100\" preserveAspectRatio=\"none\">\n\t<path class=\"elementor-shape-fill\" d=\"M761.9,40.6L643.1,24L333.9,93.8L0.1,1H0v99h1000V1\"\/>\n<\/svg>\t\t<\/div>\n\t\t\t\t<div class=\"elementor-element elementor-element-4e1d221 elementor-widget elementor-widget-spacer\" data-id=\"4e1d221\" data-element_type=\"widget\" data-e-type=\"widget\" data-widget_type=\"spacer.default\">\n\t\t\t\t<div class=\"elementor-widget-container\">\n\t\t\t\t\t\t\t<div class=\"elementor-spacer\">\n\t\t\t<div class=\"elementor-spacer-inner\"><\/div>\n\t\t<\/div>\n\t\t\t\t\t\t<\/div>\n\t\t\t\t<\/div>\n\t\t\t\t<div class=\"elementor-element elementor-element-6423691 elementor-widget elementor-widget-heading\" data-id=\"6423691\" data-element_type=\"widget\" data-e-type=\"widget\" data-widget_type=\"heading.default\">\n\t\t\t\t<div class=\"elementor-widget-container\">\n\t\t\t\t\t<h2 class=\"elementor-heading-title elementor-size-default\">POURQUOI CHOISIR NOTRE MARKETPLACE? <\/h2>\t\t\t\t<\/div>\n\t\t\t\t<\/div>\n\t\t\t\t<div class=\"elementor-element elementor-element-d05e01b elementor-widget elementor-widget-text-editor\" data-id=\"d05e01b\" data-element_type=\"widget\" data-e-type=\"widget\" data-widget_type=\"text-editor.default\">\n\t\t\t\t<div class=\"elementor-widget-container\">\n\t\t\t\t\t\t\t\t\t<p><strong>Gestion Facile et Intuitive<\/strong> : G\u00e9rez votre boutique directement facilement:\u00a0 ajoutez et modifiez vos produits, g\u00e9rez vos commandes et visualisez vos rapports de vente, le tout avec une simplicit\u00e9 d\u00e9concertante.<\/p><p><strong>Commission Minimale sur les Ventes<\/strong> : Nous croyons \u00e0 votre r\u00e9ussite. C&rsquo;est pourquoi nous pratiquons une commission d\u00e9risoire sur vos ventes. Plus de b\u00e9n\u00e9fices pour vous, c&rsquo;est notre engagement !<\/p><p><strong>Large Audience<\/strong> : En vous inscrivant chez nous, vous acc\u00e9dez \u00e0 une client\u00e8le vaste et diversifi\u00e9e, impatiente de d\u00e9couvrir vos produits.<\/p><p><strong>Support des Produits Vari\u00e9s<\/strong> : Que vous vendiez des articles physiques, num\u00e9riques ou des services, notre plateforme est \u00e9quip\u00e9e pour accueillir une grande vari\u00e9t\u00e9 de produits.<\/p><p><strong>S\u00e9curit\u00e9 et Fiabilit\u00e9<\/strong> : Nous accordons une importance primordiale \u00e0 la s\u00e9curit\u00e9 de vos donn\u00e9es et de celles de vos clients, garantissant une exp\u00e9rience de vente s\u00fbre et fiable.<\/p><p><strong>Assistance et Communaut\u00e9<\/strong> : Rejoignez une communaut\u00e9 de vendeurs dynamiques et b\u00e9n\u00e9ficiez de notre support client r\u00e9actif pour toute question ou besoin d&rsquo;aide.<\/p><p><strong>Rejoignez-nous d\u00e8s aujourd&rsquo;hui !<\/strong> Ne manquez pas cette opportunit\u00e9 unique de faire cro\u00eetre votre entreprise sur une plateforme moderne, flexible et ax\u00e9e sur vos besoins. Inscrivez-vous maintenant et commencez \u00e0 r\u00e9colter les fruits de votre travail sur notre marketplace !<\/p><p><strong>Nous sommes impatients de vous accueillir dans notre communaut\u00e9 de vendeurs prosp\u00e8res.<\/strong><\/p>\t\t\t\t\t\t\t\t<\/div>\n\t\t\t\t<\/div>\n\t\t\t\t<div class=\"elementor-element elementor-element-88d172b elementor-button-success elementor-align-center elementor-widget elementor-widget-button\" data-id=\"88d172b\" data-element_type=\"widget\" data-e-type=\"widget\" data-widget_type=\"button.default\">\n\t\t\t\t<div class=\"elementor-widget-container\">\n\t\t\t\t\t\t\t\t\t<div class=\"elementor-button-wrapper\">\n\t\t\t\t\t<a class=\"elementor-button elementor-button-link elementor-size-sm\" href=\"https:\/\/xn--schav-8ra.com\/index.php\/vendor-register\/\">\n\t\t\t\t\t\t<span class=\"elementor-button-content-wrapper\">\n\t\t\t\t\t\t\t\t\t<span class=\"elementor-button-text\">JE M'INSCRIS<\/span>\n\t\t\t\t\t<\/span>\n\t\t\t\t\t<\/a>\n\t\t\t\t<\/div>\n\t\t\t\t\t\t\t\t<\/div>\n\t\t\t\t<\/div>\n\t\t\t\t<\/div>\n\t\t\t\t<\/div>\n\t\t","protected":false},"excerpt":{"rendered":"<p>vous \u00eates entrepreneur(e) et vous voulez gagner en visibilit\u00e9 et vendre vos produits \u00e0 une forte communaut\u00e9? Rejoignez notre Marketplace et vendez vos produits en toute s\u00e9curit\u00e9\u00a0 JE M&rsquo;INSCRIS POURQUOI CHOISIR NOTRE MARKETPLACE? Gestion Facile et Intuitive : G\u00e9rez votre boutique directement facilement:\u00a0 ajoutez et modifiez vos produits, g\u00e9rez vos commandes et visualisez vos rapports de vente, le tout avec une simplicit\u00e9 d\u00e9concertante. Commission Minimale sur les Ventes : Nous croyons \u00e0 votre r\u00e9ussite. C&rsquo;est pourquoi nous pratiquons une commission d\u00e9risoire sur vos ventes. Plus de b\u00e9n\u00e9fices pour vous, c&rsquo;est notre engagement ! Large Audience : En vous inscrivant chez nous, vous acc\u00e9dez \u00e0 une client\u00e8le vaste et diversifi\u00e9e, impatiente de d\u00e9couvrir vos produits. Support des Produits Vari\u00e9s : Que vous vendiez des articles physiques, num\u00e9riques ou des services, notre plateforme est \u00e9quip\u00e9e pour accueillir une grande vari\u00e9t\u00e9 de produits. S\u00e9curit\u00e9 et Fiabilit\u00e9 : Nous accordons une importance primordiale \u00e0 la s\u00e9curit\u00e9 de vos donn\u00e9es et de celles de vos clients, garantissant une exp\u00e9rience de vente s\u00fbre et fiable. Assistance et Communaut\u00e9 : Rejoignez une communaut\u00e9 de vendeurs dynamiques et b\u00e9n\u00e9ficiez de notre support client r\u00e9actif pour toute question ou besoin d&rsquo;aide. Rejoignez-nous d\u00e8s aujourd&rsquo;hui ! Ne manquez pas cette opportunit\u00e9 unique de faire cro\u00eetre votre entreprise sur une plateforme moderne, flexible et ax\u00e9e sur vos besoins. Inscrivez-vous maintenant et commencez \u00e0 r\u00e9colter les fruits de votre travail sur notre marketplace ! Nous sommes impatients de vous accueillir dans notre communaut\u00e9 de vendeurs prosp\u00e8res. JE M&rsquo;INSCRIS<\/p>\n","protected":false},"author":1,"featured_media":0,"parent":0,"menu_order":0,"comment_status":"closed","ping_status":"closed","template":"elementor_header_footer","meta":{"_kadence_starter_templates_imported_post":false,"_kad_post_transparent":"","_kad_post_title":"hide","_kad_post_layout":"fullwidth","_kad_post_sidebar_id":"","_kad_post_content_style":"unboxed","_kad_post_vertical_padding":"hide","_kad_post_feature":"hide","_kad_post_feature_position":"","_kad_post_header":false,"_kad_post_footer":false,"footnotes":""},"class_list":["post-1538","page","type-page","status-publish","hentry"],"yoast_head":"<!-- This site is optimized with the Yoast SEO plugin v26.3 - https:\/\/yoast.com\/wordpress\/plugins\/seo\/ -->\n<title>DEVENIR VENDEUR - SCHAV\u00c8<\/title>\n<meta name=\"robots\" content=\"index, follow, max-snippet:-1, max-image-preview:large, max-video-preview:-1\" \/>\n<link rel=\"canonical\" href=\"https:\/\/xn--schav-8ra.com\/index.php\/rejoignez-notre-marketplace\/\" \/>\n<meta property=\"og:locale\" content=\"fr_FR\" \/>\n<meta property=\"og:type\" content=\"article\" \/>\n<meta property=\"og:title\" content=\"DEVENIR VENDEUR - SCHAV\u00c8\" \/>\n<meta property=\"og:description\" content=\"vous \u00eates entrepreneur(e) et vous voulez gagner en visibilit\u00e9 et vendre vos produits \u00e0 une forte communaut\u00e9? Rejoignez notre Marketplace et vendez vos produits en toute s\u00e9curit\u00e9\u00a0 JE M&rsquo;INSCRIS POURQUOI CHOISIR NOTRE MARKETPLACE? Gestion Facile et Intuitive : G\u00e9rez votre boutique directement facilement:\u00a0 ajoutez et modifiez vos produits, g\u00e9rez vos commandes et visualisez vos rapports de vente, le tout avec une simplicit\u00e9 d\u00e9concertante. Commission Minimale sur les Ventes : Nous croyons \u00e0 votre r\u00e9ussite. C&rsquo;est pourquoi nous pratiquons une commission d\u00e9risoire sur vos ventes. Plus de b\u00e9n\u00e9fices pour vous, c&rsquo;est notre engagement ! Large Audience : En vous inscrivant chez nous, vous acc\u00e9dez \u00e0 une client\u00e8le vaste et diversifi\u00e9e, impatiente de d\u00e9couvrir vos produits. Support des Produits Vari\u00e9s : Que vous vendiez des articles physiques, num\u00e9riques ou des services, notre plateforme est \u00e9quip\u00e9e pour accueillir une grande vari\u00e9t\u00e9 de produits. S\u00e9curit\u00e9 et Fiabilit\u00e9 : Nous accordons une importance primordiale \u00e0 la s\u00e9curit\u00e9 de vos donn\u00e9es et de celles de vos clients, garantissant une exp\u00e9rience de vente s\u00fbre et fiable. Assistance et Communaut\u00e9 : Rejoignez une communaut\u00e9 de vendeurs dynamiques et b\u00e9n\u00e9ficiez de notre support client r\u00e9actif pour toute question ou besoin d&rsquo;aide. Rejoignez-nous d\u00e8s aujourd&rsquo;hui ! Ne manquez pas cette opportunit\u00e9 unique de faire cro\u00eetre votre entreprise sur une plateforme moderne, flexible et ax\u00e9e sur vos besoins. Inscrivez-vous maintenant et commencez \u00e0 r\u00e9colter les fruits de votre travail sur notre marketplace ! Nous sommes impatients de vous accueillir dans notre communaut\u00e9 de vendeurs prosp\u00e8res. JE M&rsquo;INSCRIS\" \/>\n<meta property=\"og:url\" content=\"https:\/\/xn--schav-8ra.com\/index.php\/rejoignez-notre-marketplace\/\" \/>\n<meta property=\"og:site_name\" content=\"SCHAV\u00c8\" \/>\n<meta property=\"article:modified_time\" content=\"2024-01-24T13:30:36+00:00\" \/>\n<meta name=\"twitter:card\" content=\"summary_large_image\" \/>\n<meta name=\"twitter:label1\" content=\"Dur\u00e9e de lecture estim\u00e9e\" \/>\n\t<meta name=\"twitter:data1\" content=\"2 minutes\" \/>\n<script type=\"application\/ld+json\" class=\"yoast-schema-graph\">{\"@context\":\"https:\/\/schema.org\",\"@graph\":[{\"@type\":\"WebPage\",\"@id\":\"https:\/\/xn--schav-8ra.com\/index.php\/rejoignez-notre-marketplace\/\",\"url\":\"https:\/\/xn--schav-8ra.com\/index.php\/rejoignez-notre-marketplace\/\",\"name\":\"DEVENIR VENDEUR - SCHAV\u00c8\",\"isPartOf\":{\"@id\":\"https:\/\/xn--schav-8ra.com\/#website\"},\"datePublished\":\"2024-01-24T10:33:17+00:00\",\"dateModified\":\"2024-01-24T13:30:36+00:00\",\"breadcrumb\":{\"@id\":\"https:\/\/xn--schav-8ra.com\/index.php\/rejoignez-notre-marketplace\/#breadcrumb\"},\"inLanguage\":\"fr-FR\",\"potentialAction\":[{\"@type\":\"ReadAction\",\"target\":[\"https:\/\/xn--schav-8ra.com\/index.php\/rejoignez-notre-marketplace\/\"]}]},{\"@type\":\"BreadcrumbList\",\"@id\":\"https:\/\/xn--schav-8ra.com\/index.php\/rejoignez-notre-marketplace\/#breadcrumb\",\"itemListElement\":[{\"@type\":\"ListItem\",\"position\":1,\"name\":\"Accueil\",\"item\":\"https:\/\/xn--schav-8ra.com\/\"},{\"@type\":\"ListItem\",\"position\":2,\"name\":\"DEVENIR VENDEUR\"}]},{\"@type\":\"WebSite\",\"@id\":\"https:\/\/xn--schav-8ra.com\/#website\",\"url\":\"https:\/\/xn--schav-8ra.com\/\",\"name\":\"SCHAV\u00c8\",\"description\":\"La Vall\u00e9e des Rois et des Reines\",\"publisher\":{\"@id\":\"https:\/\/xn--schav-8ra.com\/#organization\"},\"potentialAction\":[{\"@type\":\"SearchAction\",\"target\":{\"@type\":\"EntryPoint\",\"urlTemplate\":\"https:\/\/xn--schav-8ra.com\/?s={search_term_string}\"},\"query-input\":{\"@type\":\"PropertyValueSpecification\",\"valueRequired\":true,\"valueName\":\"search_term_string\"}}],\"inLanguage\":\"fr-FR\"},{\"@type\":\"Organization\",\"@id\":\"https:\/\/xn--schav-8ra.com\/#organization\",\"name\":\"SCHAV\u00c8\",\"url\":\"https:\/\/xn--schav-8ra.com\/\",\"logo\":{\"@type\":\"ImageObject\",\"inLanguage\":\"fr-FR\",\"@id\":\"https:\/\/xn--schav-8ra.com\/#\/schema\/logo\/image\/\",\"url\":\"https:\/\/xn--schav-8ra.com\/wp-content\/uploads\/2024\/01\/cropped-png_20230413_140706_0000.png\",\"contentUrl\":\"https:\/\/xn--schav-8ra.com\/wp-content\/uploads\/2024\/01\/cropped-png_20230413_140706_0000.png\",\"width\":4000,\"height\":4000,\"caption\":\"SCHAV\u00c8\"},\"image\":{\"@id\":\"https:\/\/xn--schav-8ra.com\/#\/schema\/logo\/image\/\"}}]}<\/script>\n<!-- \/ Yoast SEO plugin. -->","yoast_head_json":{"title":"DEVENIR VENDEUR - SCHAV\u00c8","robots":{"index":"index","follow":"follow","max-snippet":"max-snippet:-1","max-image-preview":"max-image-preview:large","max-video-preview":"max-video-preview:-1"},"canonical":"https:\/\/xn--schav-8ra.com\/index.php\/rejoignez-notre-marketplace\/","og_locale":"fr_FR","og_type":"article","og_title":"DEVENIR VENDEUR - SCHAV\u00c8","og_description":"vous \u00eates entrepreneur(e) et vous voulez gagner en visibilit\u00e9 et vendre vos produits \u00e0 une forte communaut\u00e9? Rejoignez notre Marketplace et vendez vos produits en toute s\u00e9curit\u00e9\u00a0 JE M&rsquo;INSCRIS POURQUOI CHOISIR NOTRE MARKETPLACE? Gestion Facile et Intuitive : G\u00e9rez votre boutique directement facilement:\u00a0 ajoutez et modifiez vos produits, g\u00e9rez vos commandes et visualisez vos rapports de vente, le tout avec une simplicit\u00e9 d\u00e9concertante. Commission Minimale sur les Ventes : Nous croyons \u00e0 votre r\u00e9ussite. C&rsquo;est pourquoi nous pratiquons une commission d\u00e9risoire sur vos ventes. Plus de b\u00e9n\u00e9fices pour vous, c&rsquo;est notre engagement ! Large Audience : En vous inscrivant chez nous, vous acc\u00e9dez \u00e0 une client\u00e8le vaste et diversifi\u00e9e, impatiente de d\u00e9couvrir vos produits. Support des Produits Vari\u00e9s : Que vous vendiez des articles physiques, num\u00e9riques ou des services, notre plateforme est \u00e9quip\u00e9e pour accueillir une grande vari\u00e9t\u00e9 de produits. S\u00e9curit\u00e9 et Fiabilit\u00e9 : Nous accordons une importance primordiale \u00e0 la s\u00e9curit\u00e9 de vos donn\u00e9es et de celles de vos clients, garantissant une exp\u00e9rience de vente s\u00fbre et fiable. Assistance et Communaut\u00e9 : Rejoignez une communaut\u00e9 de vendeurs dynamiques et b\u00e9n\u00e9ficiez de notre support client r\u00e9actif pour toute question ou besoin d&rsquo;aide. Rejoignez-nous d\u00e8s aujourd&rsquo;hui ! Ne manquez pas cette opportunit\u00e9 unique de faire cro\u00eetre votre entreprise sur une plateforme moderne, flexible et ax\u00e9e sur vos besoins. Inscrivez-vous maintenant et commencez \u00e0 r\u00e9colter les fruits de votre travail sur notre marketplace ! Nous sommes impatients de vous accueillir dans notre communaut\u00e9 de vendeurs prosp\u00e8res. JE M&rsquo;INSCRIS","og_url":"https:\/\/xn--schav-8ra.com\/index.php\/rejoignez-notre-marketplace\/","og_site_name":"SCHAV\u00c8","article_modified_time":"2024-01-24T13:30:36+00:00","twitter_card":"summary_large_image","twitter_misc":{"Dur\u00e9e de lecture estim\u00e9e":"2 minutes"},"schema":{"@context":"https:\/\/schema.org","@graph":[{"@type":"WebPage","@id":"https:\/\/xn--schav-8ra.com\/index.php\/rejoignez-notre-marketplace\/","url":"https:\/\/xn--schav-8ra.com\/index.php\/rejoignez-notre-marketplace\/","name":"DEVENIR VENDEUR - SCHAV\u00c8","isPartOf":{"@id":"https:\/\/xn--schav-8ra.com\/#website"},"datePublished":"2024-01-24T10:33:17+00:00","dateModified":"2024-01-24T13:30:36+00:00","breadcrumb":{"@id":"https:\/\/xn--schav-8ra.com\/index.php\/rejoignez-notre-marketplace\/#breadcrumb"},"inLanguage":"fr-FR","potentialAction":[{"@type":"ReadAction","target":["https:\/\/xn--schav-8ra.com\/index.php\/rejoignez-notre-marketplace\/"]}]},{"@type":"BreadcrumbList","@id":"https:\/\/xn--schav-8ra.com\/index.php\/rejoignez-notre-marketplace\/#breadcrumb","itemListElement":[{"@type":"ListItem","position":1,"name":"Accueil","item":"https:\/\/xn--schav-8ra.com\/"},{"@type":"ListItem","position":2,"name":"DEVENIR VENDEUR"}]},{"@type":"WebSite","@id":"https:\/\/xn--schav-8ra.com\/#website","url":"https:\/\/xn--schav-8ra.com\/","name":"SCHAV\u00c8","description":"La Vall\u00e9e des Rois et des Reines","publisher":{"@id":"https:\/\/xn--schav-8ra.com\/#organization"},"potentialAction":[{"@type":"SearchAction","target":{"@type":"EntryPoint","urlTemplate":"https:\/\/xn--schav-8ra.com\/?s={search_term_string}"},"query-input":{"@type":"PropertyValueSpecification","valueRequired":true,"valueName":"search_term_string"}}],"inLanguage":"fr-FR"},{"@type":"Organization","@id":"https:\/\/xn--schav-8ra.com\/#organization","name":"SCHAV\u00c8","url":"https:\/\/xn--schav-8ra.com\/","logo":{"@type":"ImageObject","inLanguage":"fr-FR","@id":"https:\/\/xn--schav-8ra.com\/#\/schema\/logo\/image\/","url":"https:\/\/xn--schav-8ra.com\/wp-content\/uploads\/2024\/01\/cropped-png_20230413_140706_0000.png","contentUrl":"https:\/\/xn--schav-8ra.com\/wp-content\/uploads\/2024\/01\/cropped-png_20230413_140706_0000.png","width":4000,"height":4000,"caption":"SCHAV\u00c8"},"image":{"@id":"https:\/\/xn--schav-8ra.com\/#\/schema\/logo\/image\/"}}]}},"_hostinger_reach_plugin_has_subscription_block":false,"_hostinger_reach_plugin_is_elementor":false,"_links":{"self":[{"href":"https:\/\/xn--schav-8ra.com\/index.php\/wp-json\/wp\/v2\/pages\/1538","targetHints":{"allow":["GET"]}}],"collection":[{"href":"https:\/\/xn--schav-8ra.com\/index.php\/wp-json\/wp\/v2\/pages"}],"about":[{"href":"https:\/\/xn--schav-8ra.com\/index.php\/wp-json\/wp\/v2\/types\/page"}],"author":[{"embeddable":true,"href":"https:\/\/xn--schav-8ra.com\/index.php\/wp-json\/wp\/v2\/users\/1"}],"replies":[{"embeddable":true,"href":"https:\/\/xn--schav-8ra.com\/index.php\/wp-json\/wp\/v2\/comments?post=1538"}],"version-history":[{"count":17,"href":"https:\/\/xn--schav-8ra.com\/index.php\/wp-json\/wp\/v2\/pages\/1538\/revisions"}],"predecessor-version":[{"id":1575,"href":"https:\/\/xn--schav-8ra.com\/index.php\/wp-json\/wp\/v2\/pages\/1538\/revisions\/1575"}],"wp:attachment":[{"href":"https:\/\/xn--schav-8ra.com\/index.php\/wp-json\/wp\/v2\/media?parent=1538"}],"curies":[{"name":"wp","href":"https:\/\/api.w.org\/{rel}","templated":true}]}}