{"id":1535,"date":"2024-01-24T11:11:05","date_gmt":"2024-01-24T10:11:05","guid":{"rendered":"https:\/\/xn--schav-8ra.com\/index.php\/produit\/reste-a-ta-place-quand-tout-va-bien-mais-aussi-quand-tout-va-mal\/"},"modified":"2024-08-01T23:07:39","modified_gmt":"2024-08-01T21:07:39","slug":"reste-a-ta-place-quand-tout-va-bien-mais-aussi-quand-tout-va-mal","status":"publish","type":"product","link":"https:\/\/xn--schav-8ra.com\/index.php\/produit\/reste-a-ta-place-quand-tout-va-bien-mais-aussi-quand-tout-va-mal\/","title":{"rendered":"RESTE A TA PLACE QUAND TOUT VA BIEN MAIS AUSSI QUAND TOUT VA MAL"},"content":{"rendered":"<p><\/p>\n","protected":false},"excerpt":{"rendered":"<p><span class=\"a-text-bold\">Dans un monde o\u00f9 l\u2019on pr\u00f4ne le fait de fuir les relations dites toxiques, o\u00f9 l\u2019on pr\u00f4ne les s\u00e9parations \u00e0 la moindre difficult\u00e9, o\u00f9 rester dans son travail devient difficile, \u00ab Reste \u00e0 ta place \u00bb est une sorte de guide pratique de patience \u00e0 toutes \u00e9preuves. Ce livre se veut \u00eatre un livre d\u2019encouragements \u00e0 rester fid\u00e8le, patient.e, endurant.e, pers\u00e9verant.e dans les bonnes et les mauvaises circonstances et\/ou conditions.<\/span><\/p>\n<p>Tiki Sarah BEKOE Est une \u00ab mamanpreneure \u00bb (maman et entrepreneure : \u00e9crivaine publique, accompagnatrice en \u00e9panouissement spirituel, familial, et socio-professionnel). Consacr\u00e9e \u00e0 Dieu par ses parents bien avant sa naissance comme \u00ab1 er n\u00e9 \u00bb, elle a d\u00e9cid\u00e9 de suivre JESUS d\u00e8s ses premi\u00e8res ann\u00e9es (4-6 ans) et est engag\u00e9e dans les \u00e9glises depuis l\u2019\u00e2ge de 12 ans. Elle a \u00e9t\u00e9 mari\u00e9e pendant 13 ans et a eu 3 merveilleux enfants de cette union. Introduite dans le minist\u00e8re pastoral comme monitrice du culte d\u2019enfants \u00e0 23 ans, elle a \u00e9t\u00e9 ordonn\u00e9e pasteur \u00e0 41 ans. Elle est engag\u00e9e dans les milieux associatifs et Auteure du livre \u00ab\u00a0L&rsquo;\u00e9ducation parentale du point de vue des enfants\u00a0\u00bb. Ayant re\u00e7u de ses parents les valeurs du Royaume des Cieux, ses mots d\u2019ordre sont entre autres: crainte de Dieu, foi, amour, v\u00e9rit\u00e9, fid\u00e9lit\u00e9, loyaut\u00e9, patience, pers\u00e9v\u00e9rance.<\/p>\n","protected":false},"featured_media":1303,"comment_status":"open","ping_status":"closed","template":"","meta":{"_kadence_starter_templates_imported_post":false,"_kad_post_transparent":"","_kad_post_title":"","_kad_post_layout":"","_kad_post_sidebar_id":"","_kad_post_content_style":"","_kad_post_vertical_padding":"","_kad_post_feature":"","_kad_post_feature_position":"","_kad_post_header":false,"_kad_post_footer":false},"product_brand":[],"product_cat":[20],"product_tag":[50],"class_list":{"0":"post-1535","1":"product","2":"type-product","3":"status-publish","4":"has-post-thumbnail","6":"product_cat-lives","7":"product_tag-livres","9":"first","10":"instock","11":"shipping-taxable","12":"purchasable","13":"product-type-simple","14":"entry","15":"content-bg","16":"loop-entry"},"yoast_head":"<!-- This site is optimized with the Yoast SEO plugin v26.3 - https:\/\/yoast.com\/wordpress\/plugins\/seo\/ -->\n<title>RESTE A TA PLACE QUAND TOUT VA BIEN MAIS AUSSI QUAND TOUT VA MAL - SCHAV\u00c8<\/title>\n<meta name=\"robots\" content=\"index, follow, max-snippet:-1, max-image-preview:large, max-video-preview:-1\" \/>\n<link rel=\"canonical\" href=\"https:\/\/xn--schav-8ra.com\/index.php\/produit\/reste-a-ta-place-quand-tout-va-bien-mais-aussi-quand-tout-va-mal\/\" \/>\n<meta property=\"og:locale\" content=\"fr_FR\" \/>\n<meta property=\"og:type\" content=\"article\" \/>\n<meta property=\"og:title\" content=\"RESTE A TA PLACE QUAND TOUT VA BIEN MAIS AUSSI QUAND TOUT VA MAL - SCHAV\u00c8\" \/>\n<meta property=\"og:description\" content=\"Dans un monde o\u00f9 l\u2019on pr\u00f4ne le fait de fuir les relations dites toxiques, o\u00f9 l\u2019on pr\u00f4ne les s\u00e9parations \u00e0 la moindre difficult\u00e9, o\u00f9 rester dans son travail devient difficile, \u00ab Reste \u00e0 ta place \u00bb est une sorte de guide pratique de patience \u00e0 toutes \u00e9preuves. Ce livre se veut \u00eatre un livre d\u2019encouragements \u00e0 rester fid\u00e8le, patient.e, endurant.e, pers\u00e9verant.e dans les bonnes et les mauvaises circonstances et\/ou conditions.Tiki Sarah BEKOE Est une \u00ab mamanpreneure \u00bb (maman et entrepreneure : \u00e9crivaine publique, accompagnatrice en \u00e9panouissement spirituel, familial, et socio-professionnel). Consacr\u00e9e \u00e0 Dieu par ses parents bien avant sa naissance comme \u00ab1 er n\u00e9 \u00bb, elle a d\u00e9cid\u00e9 de suivre JESUS d\u00e8s ses premi\u00e8res ann\u00e9es (4-6 ans) et est engag\u00e9e dans les \u00e9glises depuis l\u2019\u00e2ge de 12 ans. Elle a \u00e9t\u00e9 mari\u00e9e pendant 13 ans et a eu 3 merveilleux enfants de cette union. Introduite dans le minist\u00e8re pastoral comme monitrice du culte d\u2019enfants \u00e0 23 ans, elle a \u00e9t\u00e9 ordonn\u00e9e pasteur \u00e0 41 ans. Elle est engag\u00e9e dans les milieux associatifs et Auteure du livre &quot;L&#039;\u00e9ducation parentale du point de vue des enfants&quot;. Ayant re\u00e7u de ses parents les valeurs du Royaume des Cieux, ses mots d\u2019ordre sont entre autres: crainte de Dieu, foi, amour, v\u00e9rit\u00e9, fid\u00e9lit\u00e9, loyaut\u00e9, patience, pers\u00e9v\u00e9rance.\" \/>\n<meta property=\"og:url\" content=\"https:\/\/xn--schav-8ra.com\/index.php\/produit\/reste-a-ta-place-quand-tout-va-bien-mais-aussi-quand-tout-va-mal\/\" \/>\n<meta property=\"og:site_name\" content=\"SCHAV\u00c8\" \/>\n<meta property=\"article:modified_time\" content=\"2024-08-01T21:07:39+00:00\" \/>\n<meta property=\"og:image\" content=\"https:\/\/xn--schav-8ra.com\/wp-content\/uploads\/2024\/01\/7.png\" \/>\n\t<meta property=\"og:image:width\" content=\"1015\" \/>\n\t<meta property=\"og:image:height\" content=\"768\" \/>\n\t<meta property=\"og:image:type\" content=\"image\/png\" \/>\n<meta name=\"twitter:card\" content=\"summary_large_image\" \/>\n<script type=\"application\/ld+json\" class=\"yoast-schema-graph\">{\"@context\":\"https:\/\/schema.org\",\"@graph\":[{\"@type\":\"WebPage\",\"@id\":\"https:\/\/xn--schav-8ra.com\/index.php\/produit\/reste-a-ta-place-quand-tout-va-bien-mais-aussi-quand-tout-va-mal\/\",\"url\":\"https:\/\/xn--schav-8ra.com\/index.php\/produit\/reste-a-ta-place-quand-tout-va-bien-mais-aussi-quand-tout-va-mal\/\",\"name\":\"RESTE A TA PLACE QUAND TOUT VA BIEN MAIS AUSSI QUAND TOUT VA MAL - SCHAV\u00c8\",\"isPartOf\":{\"@id\":\"https:\/\/xn--schav-8ra.com\/#website\"},\"primaryImageOfPage\":{\"@id\":\"https:\/\/xn--schav-8ra.com\/index.php\/produit\/reste-a-ta-place-quand-tout-va-bien-mais-aussi-quand-tout-va-mal\/#primaryimage\"},\"image\":{\"@id\":\"https:\/\/xn--schav-8ra.com\/index.php\/produit\/reste-a-ta-place-quand-tout-va-bien-mais-aussi-quand-tout-va-mal\/#primaryimage\"},\"thumbnailUrl\":\"https:\/\/xn--schav-8ra.com\/wp-content\/uploads\/2024\/01\/7.png\",\"datePublished\":\"2024-01-24T10:11:05+00:00\",\"dateModified\":\"2024-08-01T21:07:39+00:00\",\"breadcrumb\":{\"@id\":\"https:\/\/xn--schav-8ra.com\/index.php\/produit\/reste-a-ta-place-quand-tout-va-bien-mais-aussi-quand-tout-va-mal\/#breadcrumb\"},\"inLanguage\":\"fr-FR\",\"potentialAction\":[{\"@type\":\"ReadAction\",\"target\":[\"https:\/\/xn--schav-8ra.com\/index.php\/produit\/reste-a-ta-place-quand-tout-va-bien-mais-aussi-quand-tout-va-mal\/\"]}]},{\"@type\":\"ImageObject\",\"inLanguage\":\"fr-FR\",\"@id\":\"https:\/\/xn--schav-8ra.com\/index.php\/produit\/reste-a-ta-place-quand-tout-va-bien-mais-aussi-quand-tout-va-mal\/#primaryimage\",\"url\":\"https:\/\/xn--schav-8ra.com\/wp-content\/uploads\/2024\/01\/7.png\",\"contentUrl\":\"https:\/\/xn--schav-8ra.com\/wp-content\/uploads\/2024\/01\/7.png\",\"width\":1015,\"height\":768},{\"@type\":\"BreadcrumbList\",\"@id\":\"https:\/\/xn--schav-8ra.com\/index.php\/produit\/reste-a-ta-place-quand-tout-va-bien-mais-aussi-quand-tout-va-mal\/#breadcrumb\",\"itemListElement\":[{\"@type\":\"ListItem\",\"position\":1,\"name\":\"Accueil\",\"item\":\"https:\/\/xn--schav-8ra.com\/\"},{\"@type\":\"ListItem\",\"position\":2,\"name\":\"Boutique\",\"item\":\"https:\/\/xn--schav-8ra.com\/index.php\/boutique\/\"},{\"@type\":\"ListItem\",\"position\":3,\"name\":\"RESTE A TA PLACE QUAND TOUT VA BIEN MAIS AUSSI QUAND TOUT VA MAL\"}]},{\"@type\":\"WebSite\",\"@id\":\"https:\/\/xn--schav-8ra.com\/#website\",\"url\":\"https:\/\/xn--schav-8ra.com\/\",\"name\":\"SCHAV\u00c8\",\"description\":\"La Vall\u00e9e des Rois et des Reines\",\"publisher\":{\"@id\":\"https:\/\/xn--schav-8ra.com\/#organization\"},\"potentialAction\":[{\"@type\":\"SearchAction\",\"target\":{\"@type\":\"EntryPoint\",\"urlTemplate\":\"https:\/\/xn--schav-8ra.com\/?s={search_term_string}\"},\"query-input\":{\"@type\":\"PropertyValueSpecification\",\"valueRequired\":true,\"valueName\":\"search_term_string\"}}],\"inLanguage\":\"fr-FR\"},{\"@type\":\"Organization\",\"@id\":\"https:\/\/xn--schav-8ra.com\/#organization\",\"name\":\"SCHAV\u00c8\",\"url\":\"https:\/\/xn--schav-8ra.com\/\",\"logo\":{\"@type\":\"ImageObject\",\"inLanguage\":\"fr-FR\",\"@id\":\"https:\/\/xn--schav-8ra.com\/#\/schema\/logo\/image\/\",\"url\":\"https:\/\/xn--schav-8ra.com\/wp-content\/uploads\/2024\/01\/cropped-png_20230413_140706_0000.png\",\"contentUrl\":\"https:\/\/xn--schav-8ra.com\/wp-content\/uploads\/2024\/01\/cropped-png_20230413_140706_0000.png\",\"width\":4000,\"height\":4000,\"caption\":\"SCHAV\u00c8\"},\"image\":{\"@id\":\"https:\/\/xn--schav-8ra.com\/#\/schema\/logo\/image\/\"}}]}<\/script>\n<!-- \/ Yoast SEO plugin. -->","yoast_head_json":{"title":"RESTE A TA PLACE QUAND TOUT VA BIEN MAIS AUSSI QUAND TOUT VA MAL - SCHAV\u00c8","robots":{"index":"index","follow":"follow","max-snippet":"max-snippet:-1","max-image-preview":"max-image-preview:large","max-video-preview":"max-video-preview:-1"},"canonical":"https:\/\/xn--schav-8ra.com\/index.php\/produit\/reste-a-ta-place-quand-tout-va-bien-mais-aussi-quand-tout-va-mal\/","og_locale":"fr_FR","og_type":"article","og_title":"RESTE A TA PLACE QUAND TOUT VA BIEN MAIS AUSSI QUAND TOUT VA MAL - SCHAV\u00c8","og_description":"Dans un monde o\u00f9 l\u2019on pr\u00f4ne le fait de fuir les relations dites toxiques, o\u00f9 l\u2019on pr\u00f4ne les s\u00e9parations \u00e0 la moindre difficult\u00e9, o\u00f9 rester dans son travail devient difficile, \u00ab Reste \u00e0 ta place \u00bb est une sorte de guide pratique de patience \u00e0 toutes \u00e9preuves. Ce livre se veut \u00eatre un livre d\u2019encouragements \u00e0 rester fid\u00e8le, patient.e, endurant.e, pers\u00e9verant.e dans les bonnes et les mauvaises circonstances et\/ou conditions.Tiki Sarah BEKOE Est une \u00ab mamanpreneure \u00bb (maman et entrepreneure : \u00e9crivaine publique, accompagnatrice en \u00e9panouissement spirituel, familial, et socio-professionnel). Consacr\u00e9e \u00e0 Dieu par ses parents bien avant sa naissance comme \u00ab1 er n\u00e9 \u00bb, elle a d\u00e9cid\u00e9 de suivre JESUS d\u00e8s ses premi\u00e8res ann\u00e9es (4-6 ans) et est engag\u00e9e dans les \u00e9glises depuis l\u2019\u00e2ge de 12 ans. Elle a \u00e9t\u00e9 mari\u00e9e pendant 13 ans et a eu 3 merveilleux enfants de cette union. Introduite dans le minist\u00e8re pastoral comme monitrice du culte d\u2019enfants \u00e0 23 ans, elle a \u00e9t\u00e9 ordonn\u00e9e pasteur \u00e0 41 ans. Elle est engag\u00e9e dans les milieux associatifs et Auteure du livre \"L'\u00e9ducation parentale du point de vue des enfants\". Ayant re\u00e7u de ses parents les valeurs du Royaume des Cieux, ses mots d\u2019ordre sont entre autres: crainte de Dieu, foi, amour, v\u00e9rit\u00e9, fid\u00e9lit\u00e9, loyaut\u00e9, patience, pers\u00e9v\u00e9rance.","og_url":"https:\/\/xn--schav-8ra.com\/index.php\/produit\/reste-a-ta-place-quand-tout-va-bien-mais-aussi-quand-tout-va-mal\/","og_site_name":"SCHAV\u00c8","article_modified_time":"2024-08-01T21:07:39+00:00","og_image":[{"width":1015,"height":768,"url":"https:\/\/xn--schav-8ra.com\/wp-content\/uploads\/2024\/01\/7.png","type":"image\/png"}],"twitter_card":"summary_large_image","schema":{"@context":"https:\/\/schema.org","@graph":[{"@type":"WebPage","@id":"https:\/\/xn--schav-8ra.com\/index.php\/produit\/reste-a-ta-place-quand-tout-va-bien-mais-aussi-quand-tout-va-mal\/","url":"https:\/\/xn--schav-8ra.com\/index.php\/produit\/reste-a-ta-place-quand-tout-va-bien-mais-aussi-quand-tout-va-mal\/","name":"RESTE A TA PLACE QUAND TOUT VA BIEN MAIS AUSSI QUAND TOUT VA MAL - SCHAV\u00c8","isPartOf":{"@id":"https:\/\/xn--schav-8ra.com\/#website"},"primaryImageOfPage":{"@id":"https:\/\/xn--schav-8ra.com\/index.php\/produit\/reste-a-ta-place-quand-tout-va-bien-mais-aussi-quand-tout-va-mal\/#primaryimage"},"image":{"@id":"https:\/\/xn--schav-8ra.com\/index.php\/produit\/reste-a-ta-place-quand-tout-va-bien-mais-aussi-quand-tout-va-mal\/#primaryimage"},"thumbnailUrl":"https:\/\/xn--schav-8ra.com\/wp-content\/uploads\/2024\/01\/7.png","datePublished":"2024-01-24T10:11:05+00:00","dateModified":"2024-08-01T21:07:39+00:00","breadcrumb":{"@id":"https:\/\/xn--schav-8ra.com\/index.php\/produit\/reste-a-ta-place-quand-tout-va-bien-mais-aussi-quand-tout-va-mal\/#breadcrumb"},"inLanguage":"fr-FR","potentialAction":[{"@type":"ReadAction","target":["https:\/\/xn--schav-8ra.com\/index.php\/produit\/reste-a-ta-place-quand-tout-va-bien-mais-aussi-quand-tout-va-mal\/"]}]},{"@type":"ImageObject","inLanguage":"fr-FR","@id":"https:\/\/xn--schav-8ra.com\/index.php\/produit\/reste-a-ta-place-quand-tout-va-bien-mais-aussi-quand-tout-va-mal\/#primaryimage","url":"https:\/\/xn--schav-8ra.com\/wp-content\/uploads\/2024\/01\/7.png","contentUrl":"https:\/\/xn--schav-8ra.com\/wp-content\/uploads\/2024\/01\/7.png","width":1015,"height":768},{"@type":"BreadcrumbList","@id":"https:\/\/xn--schav-8ra.com\/index.php\/produit\/reste-a-ta-place-quand-tout-va-bien-mais-aussi-quand-tout-va-mal\/#breadcrumb","itemListElement":[{"@type":"ListItem","position":1,"name":"Accueil","item":"https:\/\/xn--schav-8ra.com\/"},{"@type":"ListItem","position":2,"name":"Boutique","item":"https:\/\/xn--schav-8ra.com\/index.php\/boutique\/"},{"@type":"ListItem","position":3,"name":"RESTE A TA PLACE QUAND TOUT VA BIEN MAIS AUSSI QUAND TOUT VA MAL"}]},{"@type":"WebSite","@id":"https:\/\/xn--schav-8ra.com\/#website","url":"https:\/\/xn--schav-8ra.com\/","name":"SCHAV\u00c8","description":"La Vall\u00e9e des Rois et des Reines","publisher":{"@id":"https:\/\/xn--schav-8ra.com\/#organization"},"potentialAction":[{"@type":"SearchAction","target":{"@type":"EntryPoint","urlTemplate":"https:\/\/xn--schav-8ra.com\/?s={search_term_string}"},"query-input":{"@type":"PropertyValueSpecification","valueRequired":true,"valueName":"search_term_string"}}],"inLanguage":"fr-FR"},{"@type":"Organization","@id":"https:\/\/xn--schav-8ra.com\/#organization","name":"SCHAV\u00c8","url":"https:\/\/xn--schav-8ra.com\/","logo":{"@type":"ImageObject","inLanguage":"fr-FR","@id":"https:\/\/xn--schav-8ra.com\/#\/schema\/logo\/image\/","url":"https:\/\/xn--schav-8ra.com\/wp-content\/uploads\/2024\/01\/cropped-png_20230413_140706_0000.png","contentUrl":"https:\/\/xn--schav-8ra.com\/wp-content\/uploads\/2024\/01\/cropped-png_20230413_140706_0000.png","width":4000,"height":4000,"caption":"SCHAV\u00c8"},"image":{"@id":"https:\/\/xn--schav-8ra.com\/#\/schema\/logo\/image\/"}}]}},"_links":{"self":[{"href":"https:\/\/xn--schav-8ra.com\/index.php\/wp-json\/wp\/v2\/product\/1535","targetHints":{"allow":["GET"]}}],"collection":[{"href":"https:\/\/xn--schav-8ra.com\/index.php\/wp-json\/wp\/v2\/product"}],"about":[{"href":"https:\/\/xn--schav-8ra.com\/index.php\/wp-json\/wp\/v2\/types\/product"}],"replies":[{"embeddable":true,"href":"https:\/\/xn--schav-8ra.com\/index.php\/wp-json\/wp\/v2\/comments?post=1535"}],"wp:featuredmedia":[{"embeddable":true,"href":"https:\/\/xn--schav-8ra.com\/index.php\/wp-json\/wp\/v2\/media\/1303"}],"wp:attachment":[{"href":"https:\/\/xn--schav-8ra.com\/index.php\/wp-json\/wp\/v2\/media?parent=1535"}],"wp:term":[{"taxonomy":"product_brand","embeddable":true,"href":"https:\/\/xn--schav-8ra.com\/index.php\/wp-json\/wp\/v2\/product_brand?post=1535"},{"taxonomy":"product_cat","embeddable":true,"href":"https:\/\/xn--schav-8ra.com\/index.php\/wp-json\/wp\/v2\/product_cat?post=1535"},{"taxonomy":"product_tag","embeddable":true,"href":"https:\/\/xn--schav-8ra.com\/index.php\/wp-json\/wp\/v2\/product_tag?post=1535"}],"curies":[{"name":"wp","href":"https:\/\/api.w.org\/{rel}","templated":true}]}}