{"id":1631,"date":"2024-01-25T16:09:14","date_gmt":"2024-01-25T15:09:14","guid":{"rendered":"https:\/\/xn--schav-8ra.com\/?post_type=product&#038;p=1631"},"modified":"2024-01-25T16:09:14","modified_gmt":"2024-01-25T15:09:14","slug":"leducation-parentale-du-point-de-vue-des-enfants-cas-de-familles-de-religion-protestante","status":"publish","type":"product","link":"https:\/\/xn--schav-8ra.com\/index.php\/produit\/leducation-parentale-du-point-de-vue-des-enfants-cas-de-familles-de-religion-protestante\/","title":{"rendered":"L&rsquo;\u00c9DUCATION PARENTALE DU POINT DE VUE DES ENFANTS : Cas de familles de religion protestante"},"content":{"rendered":"<div id=\"bookDescription_feature_div\" class=\"celwidget\" data-feature-name=\"bookDescription\" data-csa-c-type=\"widget\" data-csa-c-content-id=\"bookDescription\" data-csa-c-slot-id=\"bookDescription_feature_div\" data-csa-c-asin=\"B0BT59WJ7Q\" data-csa-c-is-in-initial-active-row=\"false\" data-csa-c-id=\"1x56z0-92osmw-3f0yi5-o43fh\" data-cel-widget=\"bookDescription_feature_div\">\n<div class=\"a-expander-collapsed-height a-row a-expander-container a-spacing-base a-expander-partial-collapse-container\" data-a-expander-name=\"book_description_expander\" data-a-expander-collapsed-height=\"280\">\n<div class=\"a-expander-content a-expander-partial-collapse-content\" aria-expanded=\"false\">\n<p>Des entretiens avec neuf enfants de douze \u00e0 quatorze ans, appartenant \u00e0 des familles pratiquant la religion protestante \u00e9vang\u00e9lique et leur m\u00e8re, ont permis de mettre en \u00e9vidence la n\u00e9cessit\u00e9 de prendre en compte l\u2019avis des enfants sur l\u2019\u00e9ducation qu\u2019ils re\u00e7oivent. Mais :<\/p>\n<ul class=\"a-unordered-list a-vertical\">\n<li><span class=\"a-list-item\">Le point de vue des enfants est-il pris en compte par les parents, par la soci\u00e9t\u00e9 dans les strat\u00e9gies \u00e9ducatives ?<\/span><\/li>\n<li><span class=\"a-list-item\">Nous parents, prenons-nous le temps d\u2019\u00e9couter nos enfants afin de r\u00e9pondre correctement \u00e0 leurs besoins ?<\/span><\/li>\n<li><span class=\"a-list-item\">Depuis la \u00ab r\u00e9volution sociale \u00bb de Mai 1968, notre \u00e9ducation sociale est-elle pass\u00e9e de l\u2019autoritarisme absolu \u00e0 l\u2019absolu laxisme ?<\/span><\/li>\n<li><span class=\"a-list-item\">Quelle est la place de l\u2019\u00e9ducation religieuse dans la construction de l\u2019identit\u00e9 de l\u2019enfant ? Celle-ci peut-elle influencer \u2018\u2019positivement\u2019\u2019 les choix de vie des enfants ?<\/span><\/li>\n<\/ul>\n<p><span class=\"a-text-bold\">Autant de questions poignantes auxquelles le livre de Sarah TIKI tente d\u2019apporter des \u00e9l\u00e9ments de r\u00e9ponse.<\/span><\/p>\n<div id=\"detailBullets_feature_div\">\n<ul class=\"a-unordered-list a-nostyle a-vertical a-spacing-none detail-bullet-list\">\n<li><span class=\"a-list-item\"><span class=\"a-text-bold\">Langue \u200f : \u200e\u00a0<\/span>Fran\u00e7ais<\/span><\/li>\n<li><span class=\"a-list-item\"><span class=\"a-text-bold\">Broch\u00e9 \u200f : \u200e\u00a0<\/span>269 pages<\/span><\/li>\n<li><span class=\"a-list-item\"><span class=\"a-text-bold\">ISBN-13 \u200f : \u200e\u00a0<\/span>979-8374926118<\/span><\/li>\n<li><span class=\"a-list-item\"><span class=\"a-text-bold\">Poids de l&rsquo;article \u200f : \u200e\u00a0<\/span>363 g<\/span><\/li>\n<li><span class=\"a-list-item\"><span class=\"a-text-bold\">Dimensions \u200f : \u200e\u00a0<\/span>15.24 x 1.55 x 22.86 cm<\/span><\/li>\n<\/ul>\n<\/div>\n<\/div>\n<\/div>\n<\/div>\n<div id=\"globalStoreInfoBullets_feature_div\" class=\"celwidget\" data-feature-name=\"globalStoreInfoBullets\" data-csa-c-type=\"widget\" data-csa-c-content-id=\"globalStoreInfoBullets\" data-csa-c-slot-id=\"globalStoreInfoBullets_feature_div\" data-csa-c-asin=\"B0BT59WJ7Q\" data-csa-c-is-in-initial-active-row=\"false\" data-csa-c-id=\"scgnxr-kgpqvu-7oaovc-45g0qh\" data-cel-widget=\"globalStoreInfoBullets_feature_div\"><\/div>\n<div id=\"buyingOptionNostosBadge_feature_div\" class=\"celwidget\" data-feature-name=\"buyingOptionNostosBadge\" data-csa-c-type=\"widget\" data-csa-c-content-id=\"buyingOptionNostosBadge\" data-csa-c-slot-id=\"buyingOptionNostosBadge_feature_div\" data-csa-c-asin=\"B0BT59WJ7Q\" data-csa-c-is-in-initial-active-row=\"false\" data-csa-c-id=\"3kdc1h-5i9yos-uakjrx-7gqipl\" data-cel-widget=\"buyingOptionNostosBadge_feature_div\"><\/div>\n<div id=\"tellAmazon_feature_div\" class=\"celwidget\" data-feature-name=\"tellAmazon\" data-csa-c-type=\"widget\" data-csa-c-content-id=\"tellAmazon\" data-csa-c-slot-id=\"tellAmazon_feature_div\" data-csa-c-asin=\"B0BT59WJ7Q\" data-csa-c-is-in-initial-active-row=\"false\" data-csa-c-id=\"yf1es7-lekfjc-8njcd8-v0pcot\" data-cel-widget=\"tellAmazon_feature_div\">\n<div class=\"celwidget c-f\" data-csa-op-log-render=\"\" data-csa-c-content-id=\"DsUnknown\" data-csa-c-slot-id=\"DsUnknown-6\" data-csa-c-type=\"widget\" data-csa-c-painter=\"tell-amazon-desktop-cards\" data-csa-c-id=\"38ps7d-z1n3rh-g7h4de-k1k8pj\" data-cel-widget=\"tell-amazon-desktop_DetailPage_5\">\n<div id=\"CardInstance9ShGS_nMkzlZd_D1bHujKQ\" data-card-metrics-id=\"tell-amazon-desktop_DetailPage_5\" data-acp-tracking=\"{}\" data-mix-claimed=\"true\">\n<div class=\"_tell-amazon-desktop_style_tell_amazon_div__1YDZk\" data-asin=\"B0BT59WJ7Q\" data-marketplace=\"A13V1IB3VIYZZH\"><\/div>\n<\/div>\n<\/div>\n<\/div>\n","protected":false},"excerpt":{"rendered":"<p>Des entretiens avec neuf enfants de douze \u00e0 quatorze ans, appartenant \u00e0 des familles pratiquant la religion protestante \u00e9vang\u00e9lique et leur m\u00e8re, ont permis de mettre en \u00e9vidence la n\u00e9cessit\u00e9 de prendre en compte l\u2019avis des enfants sur l\u2019\u00e9ducation qu\u2019ils re\u00e7oivent. Mais : Le point de vue des enfants est-il pris en compte par les parents, par la soci\u00e9t\u00e9 dans les strat\u00e9gies \u00e9ducatives ? Nous parents, prenons-nous le temps d\u2019\u00e9couter nos enfants afin de r\u00e9pondre correctement \u00e0 leurs besoins ? Depuis la \u00ab r\u00e9volution sociale \u00bb de Mai 1968, notre \u00e9ducation sociale est-elle pass\u00e9e de l\u2019autoritarisme absolu \u00e0 l\u2019absolu laxisme ? Quelle est la place de l\u2019\u00e9ducation religieuse dans la construction de l\u2019identit\u00e9 de l\u2019enfant ? Celle-ci peut-elle influencer \u2018\u2019positivement\u2019\u2019 les choix de vie des enfants ? Autant de questions poignantes auxquelles le livre de Sarah TIKI tente d\u2019apporter des \u00e9l\u00e9ments de r\u00e9ponse. Langue \u200f : \u200e\u00a0Fran\u00e7ais Broch\u00e9 \u200f : \u200e\u00a0269 pages ISBN-13 \u200f : \u200e\u00a0979-8374926118 Poids de l&rsquo;article \u200f : \u200e\u00a0363 g Dimensions \u200f : \u200e\u00a015.24 x 1.55 x 22.86 cm<\/p>\n","protected":false},"featured_media":1307,"comment_status":"open","ping_status":"closed","template":"","meta":{"_kadence_starter_templates_imported_post":false,"_kad_post_transparent":"default","_kad_post_title":"","_kad_post_layout":"default","_kad_post_sidebar_id":"","_kad_post_content_style":"default","_kad_post_vertical_padding":"default","_kad_post_feature":"","_kad_post_feature_position":"","_kad_post_header":false,"_kad_post_footer":false},"product_brand":[],"product_cat":[20],"product_tag":[],"class_list":{"0":"post-1631","1":"product","2":"type-product","3":"status-publish","4":"has-post-thumbnail","6":"product_cat-lives","8":"first","9":"instock","10":"shipping-taxable","11":"purchasable","12":"product-type-simple","13":"entry","14":"content-bg","15":"loop-entry"},"yoast_head":"<!-- This site is optimized with the Yoast SEO plugin v26.3 - https:\/\/yoast.com\/wordpress\/plugins\/seo\/ -->\n<title>L&#039;\u00c9DUCATION PARENTALE DU POINT DE VUE DES ENFANTS : Cas de familles de religion protestante - SCHAV\u00c8<\/title>\n<meta name=\"description\" content=\"Des entretiens avec neuf enfants de douze \u00e0 quatorze ans, appartenant \u00e0 des familles pratiquant la religion protestante \u00e9vang\u00e9lique et leur m\u00e8re, ont permis de mettre en \u00e9vidence la n\u00e9cessit\u00e9 de prendre en compte l\u2019avis des enfants sur l\u2019\u00e9ducation qu\u2019ils re\u00e7oivent.\" \/>\n<meta name=\"robots\" content=\"index, follow, max-snippet:-1, max-image-preview:large, max-video-preview:-1\" \/>\n<link rel=\"canonical\" href=\"https:\/\/xn--schav-8ra.com\/index.php\/produit\/leducation-parentale-du-point-de-vue-des-enfants-cas-de-familles-de-religion-protestante\/\" \/>\n<meta property=\"og:locale\" content=\"fr_FR\" \/>\n<meta property=\"og:type\" content=\"article\" \/>\n<meta property=\"og:title\" content=\"L&#039;\u00c9DUCATION PARENTALE DU POINT DE VUE DES ENFANTS : Cas de familles de religion protestante - SCHAV\u00c8\" \/>\n<meta property=\"og:description\" content=\"Des entretiens avec neuf enfants de douze \u00e0 quatorze ans, appartenant \u00e0 des familles pratiquant la religion protestante \u00e9vang\u00e9lique et leur m\u00e8re, ont permis de mettre en \u00e9vidence la n\u00e9cessit\u00e9 de prendre en compte l\u2019avis des enfants sur l\u2019\u00e9ducation qu\u2019ils re\u00e7oivent.\" \/>\n<meta property=\"og:url\" content=\"https:\/\/xn--schav-8ra.com\/index.php\/produit\/leducation-parentale-du-point-de-vue-des-enfants-cas-de-familles-de-religion-protestante\/\" \/>\n<meta property=\"og:site_name\" content=\"SCHAV\u00c8\" \/>\n<meta property=\"og:image\" content=\"https:\/\/xn--schav-8ra.com\/wp-content\/uploads\/2024\/01\/11.png\" \/>\n\t<meta property=\"og:image:width\" content=\"1015\" \/>\n\t<meta property=\"og:image:height\" content=\"768\" \/>\n\t<meta property=\"og:image:type\" content=\"image\/png\" \/>\n<meta name=\"twitter:card\" content=\"summary_large_image\" \/>\n<meta name=\"twitter:label1\" content=\"Dur\u00e9e de lecture estim\u00e9e\" \/>\n\t<meta name=\"twitter:data1\" content=\"2 minutes\" \/>\n<script type=\"application\/ld+json\" class=\"yoast-schema-graph\">{\"@context\":\"https:\/\/schema.org\",\"@graph\":[{\"@type\":\"WebPage\",\"@id\":\"https:\/\/xn--schav-8ra.com\/index.php\/produit\/leducation-parentale-du-point-de-vue-des-enfants-cas-de-familles-de-religion-protestante\/\",\"url\":\"https:\/\/xn--schav-8ra.com\/index.php\/produit\/leducation-parentale-du-point-de-vue-des-enfants-cas-de-familles-de-religion-protestante\/\",\"name\":\"L'\u00c9DUCATION PARENTALE DU POINT DE VUE DES ENFANTS : Cas de familles de religion protestante - SCHAV\u00c8\",\"isPartOf\":{\"@id\":\"https:\/\/xn--schav-8ra.com\/#website\"},\"primaryImageOfPage\":{\"@id\":\"https:\/\/xn--schav-8ra.com\/index.php\/produit\/leducation-parentale-du-point-de-vue-des-enfants-cas-de-familles-de-religion-protestante\/#primaryimage\"},\"image\":{\"@id\":\"https:\/\/xn--schav-8ra.com\/index.php\/produit\/leducation-parentale-du-point-de-vue-des-enfants-cas-de-familles-de-religion-protestante\/#primaryimage\"},\"thumbnailUrl\":\"https:\/\/xn--schav-8ra.com\/wp-content\/uploads\/2024\/01\/11.png\",\"datePublished\":\"2024-01-25T15:09:14+00:00\",\"description\":\"Des entretiens avec neuf enfants de douze \u00e0 quatorze ans, appartenant \u00e0 des familles pratiquant la religion protestante \u00e9vang\u00e9lique et leur m\u00e8re, ont permis de mettre en \u00e9vidence la n\u00e9cessit\u00e9 de prendre en compte l\u2019avis des enfants sur l\u2019\u00e9ducation qu\u2019ils re\u00e7oivent.\",\"breadcrumb\":{\"@id\":\"https:\/\/xn--schav-8ra.com\/index.php\/produit\/leducation-parentale-du-point-de-vue-des-enfants-cas-de-familles-de-religion-protestante\/#breadcrumb\"},\"inLanguage\":\"fr-FR\",\"potentialAction\":[{\"@type\":\"ReadAction\",\"target\":[\"https:\/\/xn--schav-8ra.com\/index.php\/produit\/leducation-parentale-du-point-de-vue-des-enfants-cas-de-familles-de-religion-protestante\/\"]}]},{\"@type\":\"ImageObject\",\"inLanguage\":\"fr-FR\",\"@id\":\"https:\/\/xn--schav-8ra.com\/index.php\/produit\/leducation-parentale-du-point-de-vue-des-enfants-cas-de-familles-de-religion-protestante\/#primaryimage\",\"url\":\"https:\/\/xn--schav-8ra.com\/wp-content\/uploads\/2024\/01\/11.png\",\"contentUrl\":\"https:\/\/xn--schav-8ra.com\/wp-content\/uploads\/2024\/01\/11.png\",\"width\":1015,\"height\":768},{\"@type\":\"BreadcrumbList\",\"@id\":\"https:\/\/xn--schav-8ra.com\/index.php\/produit\/leducation-parentale-du-point-de-vue-des-enfants-cas-de-familles-de-religion-protestante\/#breadcrumb\",\"itemListElement\":[{\"@type\":\"ListItem\",\"position\":1,\"name\":\"Accueil\",\"item\":\"https:\/\/xn--schav-8ra.com\/\"},{\"@type\":\"ListItem\",\"position\":2,\"name\":\"Boutique\",\"item\":\"https:\/\/xn--schav-8ra.com\/index.php\/boutique\/\"},{\"@type\":\"ListItem\",\"position\":3,\"name\":\"L&#8217;\u00c9DUCATION PARENTALE DU POINT DE VUE DES ENFANTS : Cas de familles de religion protestante\"}]},{\"@type\":\"WebSite\",\"@id\":\"https:\/\/xn--schav-8ra.com\/#website\",\"url\":\"https:\/\/xn--schav-8ra.com\/\",\"name\":\"SCHAV\u00c8\",\"description\":\"La Vall\u00e9e des Rois et des Reines\",\"publisher\":{\"@id\":\"https:\/\/xn--schav-8ra.com\/#organization\"},\"potentialAction\":[{\"@type\":\"SearchAction\",\"target\":{\"@type\":\"EntryPoint\",\"urlTemplate\":\"https:\/\/xn--schav-8ra.com\/?s={search_term_string}\"},\"query-input\":{\"@type\":\"PropertyValueSpecification\",\"valueRequired\":true,\"valueName\":\"search_term_string\"}}],\"inLanguage\":\"fr-FR\"},{\"@type\":\"Organization\",\"@id\":\"https:\/\/xn--schav-8ra.com\/#organization\",\"name\":\"SCHAV\u00c8\",\"url\":\"https:\/\/xn--schav-8ra.com\/\",\"logo\":{\"@type\":\"ImageObject\",\"inLanguage\":\"fr-FR\",\"@id\":\"https:\/\/xn--schav-8ra.com\/#\/schema\/logo\/image\/\",\"url\":\"https:\/\/xn--schav-8ra.com\/wp-content\/uploads\/2024\/01\/cropped-png_20230413_140706_0000.png\",\"contentUrl\":\"https:\/\/xn--schav-8ra.com\/wp-content\/uploads\/2024\/01\/cropped-png_20230413_140706_0000.png\",\"width\":4000,\"height\":4000,\"caption\":\"SCHAV\u00c8\"},\"image\":{\"@id\":\"https:\/\/xn--schav-8ra.com\/#\/schema\/logo\/image\/\"}}]}<\/script>\n<!-- \/ Yoast SEO plugin. -->","yoast_head_json":{"title":"L'\u00c9DUCATION PARENTALE DU POINT DE VUE DES ENFANTS : Cas de familles de religion protestante - SCHAV\u00c8","description":"Des entretiens avec neuf enfants de douze \u00e0 quatorze ans, appartenant \u00e0 des familles pratiquant la religion protestante \u00e9vang\u00e9lique et leur m\u00e8re, ont permis de mettre en \u00e9vidence la n\u00e9cessit\u00e9 de prendre en compte l\u2019avis des enfants sur l\u2019\u00e9ducation qu\u2019ils re\u00e7oivent.","robots":{"index":"index","follow":"follow","max-snippet":"max-snippet:-1","max-image-preview":"max-image-preview:large","max-video-preview":"max-video-preview:-1"},"canonical":"https:\/\/xn--schav-8ra.com\/index.php\/produit\/leducation-parentale-du-point-de-vue-des-enfants-cas-de-familles-de-religion-protestante\/","og_locale":"fr_FR","og_type":"article","og_title":"L'\u00c9DUCATION PARENTALE DU POINT DE VUE DES ENFANTS : Cas de familles de religion protestante - SCHAV\u00c8","og_description":"Des entretiens avec neuf enfants de douze \u00e0 quatorze ans, appartenant \u00e0 des familles pratiquant la religion protestante \u00e9vang\u00e9lique et leur m\u00e8re, ont permis de mettre en \u00e9vidence la n\u00e9cessit\u00e9 de prendre en compte l\u2019avis des enfants sur l\u2019\u00e9ducation qu\u2019ils re\u00e7oivent.","og_url":"https:\/\/xn--schav-8ra.com\/index.php\/produit\/leducation-parentale-du-point-de-vue-des-enfants-cas-de-familles-de-religion-protestante\/","og_site_name":"SCHAV\u00c8","og_image":[{"width":1015,"height":768,"url":"https:\/\/xn--schav-8ra.com\/wp-content\/uploads\/2024\/01\/11.png","type":"image\/png"}],"twitter_card":"summary_large_image","twitter_misc":{"Dur\u00e9e de lecture estim\u00e9e":"2 minutes"},"schema":{"@context":"https:\/\/schema.org","@graph":[{"@type":"WebPage","@id":"https:\/\/xn--schav-8ra.com\/index.php\/produit\/leducation-parentale-du-point-de-vue-des-enfants-cas-de-familles-de-religion-protestante\/","url":"https:\/\/xn--schav-8ra.com\/index.php\/produit\/leducation-parentale-du-point-de-vue-des-enfants-cas-de-familles-de-religion-protestante\/","name":"L'\u00c9DUCATION PARENTALE DU POINT DE VUE DES ENFANTS : Cas de familles de religion protestante - SCHAV\u00c8","isPartOf":{"@id":"https:\/\/xn--schav-8ra.com\/#website"},"primaryImageOfPage":{"@id":"https:\/\/xn--schav-8ra.com\/index.php\/produit\/leducation-parentale-du-point-de-vue-des-enfants-cas-de-familles-de-religion-protestante\/#primaryimage"},"image":{"@id":"https:\/\/xn--schav-8ra.com\/index.php\/produit\/leducation-parentale-du-point-de-vue-des-enfants-cas-de-familles-de-religion-protestante\/#primaryimage"},"thumbnailUrl":"https:\/\/xn--schav-8ra.com\/wp-content\/uploads\/2024\/01\/11.png","datePublished":"2024-01-25T15:09:14+00:00","description":"Des entretiens avec neuf enfants de douze \u00e0 quatorze ans, appartenant \u00e0 des familles pratiquant la religion protestante \u00e9vang\u00e9lique et leur m\u00e8re, ont permis de mettre en \u00e9vidence la n\u00e9cessit\u00e9 de prendre en compte l\u2019avis des enfants sur l\u2019\u00e9ducation qu\u2019ils re\u00e7oivent.","breadcrumb":{"@id":"https:\/\/xn--schav-8ra.com\/index.php\/produit\/leducation-parentale-du-point-de-vue-des-enfants-cas-de-familles-de-religion-protestante\/#breadcrumb"},"inLanguage":"fr-FR","potentialAction":[{"@type":"ReadAction","target":["https:\/\/xn--schav-8ra.com\/index.php\/produit\/leducation-parentale-du-point-de-vue-des-enfants-cas-de-familles-de-religion-protestante\/"]}]},{"@type":"ImageObject","inLanguage":"fr-FR","@id":"https:\/\/xn--schav-8ra.com\/index.php\/produit\/leducation-parentale-du-point-de-vue-des-enfants-cas-de-familles-de-religion-protestante\/#primaryimage","url":"https:\/\/xn--schav-8ra.com\/wp-content\/uploads\/2024\/01\/11.png","contentUrl":"https:\/\/xn--schav-8ra.com\/wp-content\/uploads\/2024\/01\/11.png","width":1015,"height":768},{"@type":"BreadcrumbList","@id":"https:\/\/xn--schav-8ra.com\/index.php\/produit\/leducation-parentale-du-point-de-vue-des-enfants-cas-de-familles-de-religion-protestante\/#breadcrumb","itemListElement":[{"@type":"ListItem","position":1,"name":"Accueil","item":"https:\/\/xn--schav-8ra.com\/"},{"@type":"ListItem","position":2,"name":"Boutique","item":"https:\/\/xn--schav-8ra.com\/index.php\/boutique\/"},{"@type":"ListItem","position":3,"name":"L&#8217;\u00c9DUCATION PARENTALE DU POINT DE VUE DES ENFANTS : Cas de familles de religion protestante"}]},{"@type":"WebSite","@id":"https:\/\/xn--schav-8ra.com\/#website","url":"https:\/\/xn--schav-8ra.com\/","name":"SCHAV\u00c8","description":"La Vall\u00e9e des Rois et des Reines","publisher":{"@id":"https:\/\/xn--schav-8ra.com\/#organization"},"potentialAction":[{"@type":"SearchAction","target":{"@type":"EntryPoint","urlTemplate":"https:\/\/xn--schav-8ra.com\/?s={search_term_string}"},"query-input":{"@type":"PropertyValueSpecification","valueRequired":true,"valueName":"search_term_string"}}],"inLanguage":"fr-FR"},{"@type":"Organization","@id":"https:\/\/xn--schav-8ra.com\/#organization","name":"SCHAV\u00c8","url":"https:\/\/xn--schav-8ra.com\/","logo":{"@type":"ImageObject","inLanguage":"fr-FR","@id":"https:\/\/xn--schav-8ra.com\/#\/schema\/logo\/image\/","url":"https:\/\/xn--schav-8ra.com\/wp-content\/uploads\/2024\/01\/cropped-png_20230413_140706_0000.png","contentUrl":"https:\/\/xn--schav-8ra.com\/wp-content\/uploads\/2024\/01\/cropped-png_20230413_140706_0000.png","width":4000,"height":4000,"caption":"SCHAV\u00c8"},"image":{"@id":"https:\/\/xn--schav-8ra.com\/#\/schema\/logo\/image\/"}}]}},"_links":{"self":[{"href":"https:\/\/xn--schav-8ra.com\/index.php\/wp-json\/wp\/v2\/product\/1631","targetHints":{"allow":["GET"]}}],"collection":[{"href":"https:\/\/xn--schav-8ra.com\/index.php\/wp-json\/wp\/v2\/product"}],"about":[{"href":"https:\/\/xn--schav-8ra.com\/index.php\/wp-json\/wp\/v2\/types\/product"}],"replies":[{"embeddable":true,"href":"https:\/\/xn--schav-8ra.com\/index.php\/wp-json\/wp\/v2\/comments?post=1631"}],"wp:featuredmedia":[{"embeddable":true,"href":"https:\/\/xn--schav-8ra.com\/index.php\/wp-json\/wp\/v2\/media\/1307"}],"wp:attachment":[{"href":"https:\/\/xn--schav-8ra.com\/index.php\/wp-json\/wp\/v2\/media?parent=1631"}],"wp:term":[{"taxonomy":"product_brand","embeddable":true,"href":"https:\/\/xn--schav-8ra.com\/index.php\/wp-json\/wp\/v2\/product_brand?post=1631"},{"taxonomy":"product_cat","embeddable":true,"href":"https:\/\/xn--schav-8ra.com\/index.php\/wp-json\/wp\/v2\/product_cat?post=1631"},{"taxonomy":"product_tag","embeddable":true,"href":"https:\/\/xn--schav-8ra.com\/index.php\/wp-json\/wp\/v2\/product_tag?post=1631"}],"curies":[{"name":"wp","href":"https:\/\/api.w.org\/{rel}","templated":true}]}}