{"id":1635,"date":"2024-01-25T16:18:08","date_gmt":"2024-01-25T15:18:08","guid":{"rendered":"https:\/\/xn--schav-8ra.com\/?post_type=product&#038;p=1635"},"modified":"2024-01-25T16:18:25","modified_gmt":"2024-01-25T15:18:25","slug":"les-maux-entre-la-plume","status":"publish","type":"product","link":"https:\/\/xn--schav-8ra.com\/index.php\/produit\/les-maux-entre-la-plume\/","title":{"rendered":"LES MAUX ENTRE LA PLUME"},"content":{"rendered":"<p>Hermine Biyong est une femme aux multiples facettes. M\u00e8re de deux magnifiques enfants. \u00c9crivaine autodidacte,<br \/>\nelle est auteure de \u00a0\u00bb La R\u00e9mun\u00e9ration Divine, et \u00ab\u00a0Je ne suis pas Un syst\u00e8me \u00ab\u00a0. Coach pour mamans solos, Hermine est tr\u00e8s<br \/>\nsoucieuse d&rsquo;aider les mamans en difficult\u00e9s. Ce troisi\u00e8me livre lui \u00e0 permis d&rsquo;exprimer l&rsquo;expression de son \u00e2me.<br \/>\nSon leitmotiv et ce qu&rsquo;elle veut transmettre : La meilleure th\u00e9rapie c&rsquo;est d&rsquo;exprimer l&rsquo;\u00e9tat de son \u00e2me, Par l&rsquo;\u00e9criture.<br \/>\nL&rsquo;\u00e2me qui lit ce recueil de po\u00e8mes, voyagera \u00e0 travers un pass\u00e9 douloureux, un pr\u00e9sent restaur\u00e9 et un<br \/>\navenir plein d&rsquo;espoir.<\/p>\n","protected":false},"excerpt":{"rendered":"<p>Hermine Biyong est une femme aux multiples facettes. M\u00e8re de deux magnifiques enfants. \u00c9crivaine autodidacte, elle est auteure de \u00a0\u00bb La R\u00e9mun\u00e9ration Divine, et \u00ab\u00a0Je ne suis pas Un syst\u00e8me \u00ab\u00a0. Coach pour mamans solos, Hermine est tr\u00e8s soucieuse d&rsquo;aider les mamans en difficult\u00e9s. Ce troisi\u00e8me livre lui \u00e0 permis d&rsquo;exprimer l&rsquo;expression de son \u00e2me. Son leitmotiv et ce qu&rsquo;elle veut transmettre : La meilleure th\u00e9rapie c&rsquo;est d&rsquo;exprimer l&rsquo;\u00e9tat de son \u00e2me, Par l&rsquo;\u00e9criture. L&rsquo;\u00e2me qui lit ce recueil de po\u00e8mes, voyagera \u00e0 travers un pass\u00e9 douloureux, un pr\u00e9sent restaur\u00e9 et un avenir plein d&rsquo;espoir.<\/p>\n","protected":false},"featured_media":1304,"comment_status":"open","ping_status":"closed","template":"","meta":{"_kadence_starter_templates_imported_post":false,"_kad_post_transparent":"default","_kad_post_title":"","_kad_post_layout":"default","_kad_post_sidebar_id":"","_kad_post_content_style":"default","_kad_post_vertical_padding":"default","_kad_post_feature":"","_kad_post_feature_position":"","_kad_post_header":false,"_kad_post_footer":false},"product_brand":[],"product_cat":[20],"product_tag":[],"class_list":{"0":"post-1635","1":"product","2":"type-product","3":"status-publish","4":"has-post-thumbnail","6":"product_cat-lives","8":"first","9":"instock","10":"shipping-taxable","11":"purchasable","12":"product-type-simple","13":"entry","14":"content-bg","15":"loop-entry"},"yoast_head":"<!-- This site is optimized with the Yoast SEO plugin v26.3 - https:\/\/yoast.com\/wordpress\/plugins\/seo\/ -->\n<title>LES MAUX ENTRE LA PLUME - SCHAV\u00c8<\/title>\n<meta name=\"description\" content=\"L&#039;\u00e2me qui lit ce recueil de po\u00e8mes, voyagera \u00e0 travers un pass\u00e9 douloureux, un pr\u00e9sent restaur\u00e9 et unavenir plein d&#039;espoir.\" \/>\n<meta name=\"robots\" content=\"index, follow, max-snippet:-1, max-image-preview:large, max-video-preview:-1\" \/>\n<link rel=\"canonical\" href=\"https:\/\/xn--schav-8ra.com\/index.php\/produit\/les-maux-entre-la-plume\/\" \/>\n<meta property=\"og:locale\" content=\"fr_FR\" \/>\n<meta property=\"og:type\" content=\"article\" \/>\n<meta property=\"og:title\" content=\"LES MAUX ENTRE LA PLUME - SCHAV\u00c8\" \/>\n<meta property=\"og:description\" content=\"L&#039;\u00e2me qui lit ce recueil de po\u00e8mes, voyagera \u00e0 travers un pass\u00e9 douloureux, un pr\u00e9sent restaur\u00e9 et unavenir plein d&#039;espoir.\" \/>\n<meta property=\"og:url\" content=\"https:\/\/xn--schav-8ra.com\/index.php\/produit\/les-maux-entre-la-plume\/\" \/>\n<meta property=\"og:site_name\" content=\"SCHAV\u00c8\" \/>\n<meta property=\"article:modified_time\" content=\"2024-01-25T15:18:25+00:00\" \/>\n<meta property=\"og:image\" content=\"https:\/\/xn--schav-8ra.com\/wp-content\/uploads\/2024\/01\/8.png\" \/>\n\t<meta property=\"og:image:width\" content=\"1015\" \/>\n\t<meta property=\"og:image:height\" content=\"768\" \/>\n\t<meta property=\"og:image:type\" content=\"image\/png\" \/>\n<meta name=\"twitter:card\" content=\"summary_large_image\" \/>\n<meta name=\"twitter:label1\" content=\"Dur\u00e9e de lecture estim\u00e9e\" \/>\n\t<meta name=\"twitter:data1\" content=\"1 minute\" \/>\n<script type=\"application\/ld+json\" class=\"yoast-schema-graph\">{\"@context\":\"https:\/\/schema.org\",\"@graph\":[{\"@type\":\"WebPage\",\"@id\":\"https:\/\/xn--schav-8ra.com\/index.php\/produit\/les-maux-entre-la-plume\/\",\"url\":\"https:\/\/xn--schav-8ra.com\/index.php\/produit\/les-maux-entre-la-plume\/\",\"name\":\"LES MAUX ENTRE LA PLUME - SCHAV\u00c8\",\"isPartOf\":{\"@id\":\"https:\/\/xn--schav-8ra.com\/#website\"},\"primaryImageOfPage\":{\"@id\":\"https:\/\/xn--schav-8ra.com\/index.php\/produit\/les-maux-entre-la-plume\/#primaryimage\"},\"image\":{\"@id\":\"https:\/\/xn--schav-8ra.com\/index.php\/produit\/les-maux-entre-la-plume\/#primaryimage\"},\"thumbnailUrl\":\"https:\/\/xn--schav-8ra.com\/wp-content\/uploads\/2024\/01\/8.png\",\"datePublished\":\"2024-01-25T15:18:08+00:00\",\"dateModified\":\"2024-01-25T15:18:25+00:00\",\"description\":\"L'\u00e2me qui lit ce recueil de po\u00e8mes, voyagera \u00e0 travers un pass\u00e9 douloureux, un pr\u00e9sent restaur\u00e9 et unavenir plein d'espoir.\",\"breadcrumb\":{\"@id\":\"https:\/\/xn--schav-8ra.com\/index.php\/produit\/les-maux-entre-la-plume\/#breadcrumb\"},\"inLanguage\":\"fr-FR\",\"potentialAction\":[{\"@type\":\"ReadAction\",\"target\":[\"https:\/\/xn--schav-8ra.com\/index.php\/produit\/les-maux-entre-la-plume\/\"]}]},{\"@type\":\"ImageObject\",\"inLanguage\":\"fr-FR\",\"@id\":\"https:\/\/xn--schav-8ra.com\/index.php\/produit\/les-maux-entre-la-plume\/#primaryimage\",\"url\":\"https:\/\/xn--schav-8ra.com\/wp-content\/uploads\/2024\/01\/8.png\",\"contentUrl\":\"https:\/\/xn--schav-8ra.com\/wp-content\/uploads\/2024\/01\/8.png\",\"width\":1015,\"height\":768},{\"@type\":\"BreadcrumbList\",\"@id\":\"https:\/\/xn--schav-8ra.com\/index.php\/produit\/les-maux-entre-la-plume\/#breadcrumb\",\"itemListElement\":[{\"@type\":\"ListItem\",\"position\":1,\"name\":\"Accueil\",\"item\":\"https:\/\/xn--schav-8ra.com\/\"},{\"@type\":\"ListItem\",\"position\":2,\"name\":\"Boutique\",\"item\":\"https:\/\/xn--schav-8ra.com\/index.php\/boutique\/\"},{\"@type\":\"ListItem\",\"position\":3,\"name\":\"LES MAUX ENTRE LA PLUME\"}]},{\"@type\":\"WebSite\",\"@id\":\"https:\/\/xn--schav-8ra.com\/#website\",\"url\":\"https:\/\/xn--schav-8ra.com\/\",\"name\":\"SCHAV\u00c8\",\"description\":\"La Vall\u00e9e des Rois et des Reines\",\"publisher\":{\"@id\":\"https:\/\/xn--schav-8ra.com\/#organization\"},\"potentialAction\":[{\"@type\":\"SearchAction\",\"target\":{\"@type\":\"EntryPoint\",\"urlTemplate\":\"https:\/\/xn--schav-8ra.com\/?s={search_term_string}\"},\"query-input\":{\"@type\":\"PropertyValueSpecification\",\"valueRequired\":true,\"valueName\":\"search_term_string\"}}],\"inLanguage\":\"fr-FR\"},{\"@type\":\"Organization\",\"@id\":\"https:\/\/xn--schav-8ra.com\/#organization\",\"name\":\"SCHAV\u00c8\",\"url\":\"https:\/\/xn--schav-8ra.com\/\",\"logo\":{\"@type\":\"ImageObject\",\"inLanguage\":\"fr-FR\",\"@id\":\"https:\/\/xn--schav-8ra.com\/#\/schema\/logo\/image\/\",\"url\":\"https:\/\/xn--schav-8ra.com\/wp-content\/uploads\/2024\/01\/cropped-png_20230413_140706_0000.png\",\"contentUrl\":\"https:\/\/xn--schav-8ra.com\/wp-content\/uploads\/2024\/01\/cropped-png_20230413_140706_0000.png\",\"width\":4000,\"height\":4000,\"caption\":\"SCHAV\u00c8\"},\"image\":{\"@id\":\"https:\/\/xn--schav-8ra.com\/#\/schema\/logo\/image\/\"}}]}<\/script>\n<!-- \/ Yoast SEO plugin. -->","yoast_head_json":{"title":"LES MAUX ENTRE LA PLUME - SCHAV\u00c8","description":"L'\u00e2me qui lit ce recueil de po\u00e8mes, voyagera \u00e0 travers un pass\u00e9 douloureux, un pr\u00e9sent restaur\u00e9 et unavenir plein d'espoir.","robots":{"index":"index","follow":"follow","max-snippet":"max-snippet:-1","max-image-preview":"max-image-preview:large","max-video-preview":"max-video-preview:-1"},"canonical":"https:\/\/xn--schav-8ra.com\/index.php\/produit\/les-maux-entre-la-plume\/","og_locale":"fr_FR","og_type":"article","og_title":"LES MAUX ENTRE LA PLUME - SCHAV\u00c8","og_description":"L'\u00e2me qui lit ce recueil de po\u00e8mes, voyagera \u00e0 travers un pass\u00e9 douloureux, un pr\u00e9sent restaur\u00e9 et unavenir plein d'espoir.","og_url":"https:\/\/xn--schav-8ra.com\/index.php\/produit\/les-maux-entre-la-plume\/","og_site_name":"SCHAV\u00c8","article_modified_time":"2024-01-25T15:18:25+00:00","og_image":[{"width":1015,"height":768,"url":"https:\/\/xn--schav-8ra.com\/wp-content\/uploads\/2024\/01\/8.png","type":"image\/png"}],"twitter_card":"summary_large_image","twitter_misc":{"Dur\u00e9e de lecture estim\u00e9e":"1 minute"},"schema":{"@context":"https:\/\/schema.org","@graph":[{"@type":"WebPage","@id":"https:\/\/xn--schav-8ra.com\/index.php\/produit\/les-maux-entre-la-plume\/","url":"https:\/\/xn--schav-8ra.com\/index.php\/produit\/les-maux-entre-la-plume\/","name":"LES MAUX ENTRE LA PLUME - SCHAV\u00c8","isPartOf":{"@id":"https:\/\/xn--schav-8ra.com\/#website"},"primaryImageOfPage":{"@id":"https:\/\/xn--schav-8ra.com\/index.php\/produit\/les-maux-entre-la-plume\/#primaryimage"},"image":{"@id":"https:\/\/xn--schav-8ra.com\/index.php\/produit\/les-maux-entre-la-plume\/#primaryimage"},"thumbnailUrl":"https:\/\/xn--schav-8ra.com\/wp-content\/uploads\/2024\/01\/8.png","datePublished":"2024-01-25T15:18:08+00:00","dateModified":"2024-01-25T15:18:25+00:00","description":"L'\u00e2me qui lit ce recueil de po\u00e8mes, voyagera \u00e0 travers un pass\u00e9 douloureux, un pr\u00e9sent restaur\u00e9 et unavenir plein d'espoir.","breadcrumb":{"@id":"https:\/\/xn--schav-8ra.com\/index.php\/produit\/les-maux-entre-la-plume\/#breadcrumb"},"inLanguage":"fr-FR","potentialAction":[{"@type":"ReadAction","target":["https:\/\/xn--schav-8ra.com\/index.php\/produit\/les-maux-entre-la-plume\/"]}]},{"@type":"ImageObject","inLanguage":"fr-FR","@id":"https:\/\/xn--schav-8ra.com\/index.php\/produit\/les-maux-entre-la-plume\/#primaryimage","url":"https:\/\/xn--schav-8ra.com\/wp-content\/uploads\/2024\/01\/8.png","contentUrl":"https:\/\/xn--schav-8ra.com\/wp-content\/uploads\/2024\/01\/8.png","width":1015,"height":768},{"@type":"BreadcrumbList","@id":"https:\/\/xn--schav-8ra.com\/index.php\/produit\/les-maux-entre-la-plume\/#breadcrumb","itemListElement":[{"@type":"ListItem","position":1,"name":"Accueil","item":"https:\/\/xn--schav-8ra.com\/"},{"@type":"ListItem","position":2,"name":"Boutique","item":"https:\/\/xn--schav-8ra.com\/index.php\/boutique\/"},{"@type":"ListItem","position":3,"name":"LES MAUX ENTRE LA PLUME"}]},{"@type":"WebSite","@id":"https:\/\/xn--schav-8ra.com\/#website","url":"https:\/\/xn--schav-8ra.com\/","name":"SCHAV\u00c8","description":"La Vall\u00e9e des Rois et des Reines","publisher":{"@id":"https:\/\/xn--schav-8ra.com\/#organization"},"potentialAction":[{"@type":"SearchAction","target":{"@type":"EntryPoint","urlTemplate":"https:\/\/xn--schav-8ra.com\/?s={search_term_string}"},"query-input":{"@type":"PropertyValueSpecification","valueRequired":true,"valueName":"search_term_string"}}],"inLanguage":"fr-FR"},{"@type":"Organization","@id":"https:\/\/xn--schav-8ra.com\/#organization","name":"SCHAV\u00c8","url":"https:\/\/xn--schav-8ra.com\/","logo":{"@type":"ImageObject","inLanguage":"fr-FR","@id":"https:\/\/xn--schav-8ra.com\/#\/schema\/logo\/image\/","url":"https:\/\/xn--schav-8ra.com\/wp-content\/uploads\/2024\/01\/cropped-png_20230413_140706_0000.png","contentUrl":"https:\/\/xn--schav-8ra.com\/wp-content\/uploads\/2024\/01\/cropped-png_20230413_140706_0000.png","width":4000,"height":4000,"caption":"SCHAV\u00c8"},"image":{"@id":"https:\/\/xn--schav-8ra.com\/#\/schema\/logo\/image\/"}}]}},"_links":{"self":[{"href":"https:\/\/xn--schav-8ra.com\/index.php\/wp-json\/wp\/v2\/product\/1635","targetHints":{"allow":["GET"]}}],"collection":[{"href":"https:\/\/xn--schav-8ra.com\/index.php\/wp-json\/wp\/v2\/product"}],"about":[{"href":"https:\/\/xn--schav-8ra.com\/index.php\/wp-json\/wp\/v2\/types\/product"}],"replies":[{"embeddable":true,"href":"https:\/\/xn--schav-8ra.com\/index.php\/wp-json\/wp\/v2\/comments?post=1635"}],"wp:featuredmedia":[{"embeddable":true,"href":"https:\/\/xn--schav-8ra.com\/index.php\/wp-json\/wp\/v2\/media\/1304"}],"wp:attachment":[{"href":"https:\/\/xn--schav-8ra.com\/index.php\/wp-json\/wp\/v2\/media?parent=1635"}],"wp:term":[{"taxonomy":"product_brand","embeddable":true,"href":"https:\/\/xn--schav-8ra.com\/index.php\/wp-json\/wp\/v2\/product_brand?post=1635"},{"taxonomy":"product_cat","embeddable":true,"href":"https:\/\/xn--schav-8ra.com\/index.php\/wp-json\/wp\/v2\/product_cat?post=1635"},{"taxonomy":"product_tag","embeddable":true,"href":"https:\/\/xn--schav-8ra.com\/index.php\/wp-json\/wp\/v2\/product_tag?post=1635"}],"curies":[{"name":"wp","href":"https:\/\/api.w.org\/{rel}","templated":true}]}}