{"id":1639,"date":"2024-01-25T16:26:57","date_gmt":"2024-01-25T15:26:57","guid":{"rendered":"https:\/\/xn--schav-8ra.com\/?post_type=product&#038;p=1639"},"modified":"2024-01-25T16:26:57","modified_gmt":"2024-01-25T15:26:57","slug":"la-remuneration-divine","status":"publish","type":"product","link":"https:\/\/xn--schav-8ra.com\/index.php\/produit\/la-remuneration-divine\/","title":{"rendered":"La R\u00e9mun\u00e9ration Divine"},"content":{"rendered":"<p>La mesure de la foi que produit la parole de Dieu dote chacun de nous d&rsquo;une capacit\u00e9 d&rsquo;agir, permettant de s&rsquo;approcher du Seigneur, dans un esprit de recherche permanente, qui pousse le Seigneur \u00e0 nous r\u00e9mun\u00e9rer.<\/p>\n","protected":false},"excerpt":{"rendered":"<p>La mesure de la foi que produit la parole de Dieu dote chacun de nous d&rsquo;une capacit\u00e9 d&rsquo;agir, permettant de s&rsquo;approcher du Seigneur, dans un esprit de recherche permanente, qui pousse le Seigneur \u00e0 nous r\u00e9mun\u00e9rer.<\/p>\n","protected":false},"featured_media":1305,"comment_status":"open","ping_status":"closed","template":"","meta":{"_kadence_starter_templates_imported_post":false,"_kad_post_transparent":"default","_kad_post_title":"","_kad_post_layout":"default","_kad_post_sidebar_id":"","_kad_post_content_style":"default","_kad_post_vertical_padding":"default","_kad_post_feature":"","_kad_post_feature_position":"","_kad_post_header":false,"_kad_post_footer":false},"product_brand":[],"product_cat":[20],"product_tag":[],"class_list":{"0":"post-1639","1":"product","2":"type-product","3":"status-publish","4":"has-post-thumbnail","6":"product_cat-lives","8":"first","9":"instock","10":"shipping-taxable","11":"purchasable","12":"product-type-simple","13":"entry","14":"content-bg","15":"loop-entry"},"yoast_head":"<!-- This site is optimized with the Yoast SEO plugin v26.3 - https:\/\/yoast.com\/wordpress\/plugins\/seo\/ -->\n<title>La R\u00e9mun\u00e9ration Divine - SCHAV\u00c8<\/title>\n<meta name=\"description\" content=\"La mesure de la foi que produit la parole de Dieu dote chacun de nous d&#039;une capacit\u00e9 d&#039;agir, permettant de s&#039;approcher du Seigneur, dans un esprit de recherche permanente, qui pousse le Seigneur \u00e0 nous r\u00e9mun\u00e9rer.\" \/>\n<meta name=\"robots\" content=\"index, follow, max-snippet:-1, max-image-preview:large, max-video-preview:-1\" \/>\n<link rel=\"canonical\" href=\"https:\/\/xn--schav-8ra.com\/index.php\/produit\/la-remuneration-divine\/\" \/>\n<meta property=\"og:locale\" content=\"fr_FR\" \/>\n<meta property=\"og:type\" content=\"article\" \/>\n<meta property=\"og:title\" content=\"La R\u00e9mun\u00e9ration Divine - SCHAV\u00c8\" \/>\n<meta property=\"og:description\" content=\"La mesure de la foi que produit la parole de Dieu dote chacun de nous d&#039;une capacit\u00e9 d&#039;agir, permettant de s&#039;approcher du Seigneur, dans un esprit de recherche permanente, qui pousse le Seigneur \u00e0 nous r\u00e9mun\u00e9rer.\" \/>\n<meta property=\"og:url\" content=\"https:\/\/xn--schav-8ra.com\/index.php\/produit\/la-remuneration-divine\/\" \/>\n<meta property=\"og:site_name\" content=\"SCHAV\u00c8\" \/>\n<meta property=\"og:image\" content=\"https:\/\/xn--schav-8ra.com\/wp-content\/uploads\/2024\/01\/9.png\" \/>\n\t<meta property=\"og:image:width\" content=\"1015\" \/>\n\t<meta property=\"og:image:height\" content=\"768\" \/>\n\t<meta property=\"og:image:type\" content=\"image\/png\" \/>\n<meta name=\"twitter:card\" content=\"summary_large_image\" \/>\n<meta name=\"twitter:label1\" content=\"Dur\u00e9e de lecture estim\u00e9e\" \/>\n\t<meta name=\"twitter:data1\" content=\"1 minute\" \/>\n<script type=\"application\/ld+json\" class=\"yoast-schema-graph\">{\"@context\":\"https:\/\/schema.org\",\"@graph\":[{\"@type\":\"WebPage\",\"@id\":\"https:\/\/xn--schav-8ra.com\/index.php\/produit\/la-remuneration-divine\/\",\"url\":\"https:\/\/xn--schav-8ra.com\/index.php\/produit\/la-remuneration-divine\/\",\"name\":\"La R\u00e9mun\u00e9ration Divine - SCHAV\u00c8\",\"isPartOf\":{\"@id\":\"https:\/\/xn--schav-8ra.com\/#website\"},\"primaryImageOfPage\":{\"@id\":\"https:\/\/xn--schav-8ra.com\/index.php\/produit\/la-remuneration-divine\/#primaryimage\"},\"image\":{\"@id\":\"https:\/\/xn--schav-8ra.com\/index.php\/produit\/la-remuneration-divine\/#primaryimage\"},\"thumbnailUrl\":\"https:\/\/xn--schav-8ra.com\/wp-content\/uploads\/2024\/01\/9.png\",\"datePublished\":\"2024-01-25T15:26:57+00:00\",\"description\":\"La mesure de la foi que produit la parole de Dieu dote chacun de nous d'une capacit\u00e9 d'agir, permettant de s'approcher du Seigneur, dans un esprit de recherche permanente, qui pousse le Seigneur \u00e0 nous r\u00e9mun\u00e9rer.\",\"breadcrumb\":{\"@id\":\"https:\/\/xn--schav-8ra.com\/index.php\/produit\/la-remuneration-divine\/#breadcrumb\"},\"inLanguage\":\"fr-FR\",\"potentialAction\":[{\"@type\":\"ReadAction\",\"target\":[\"https:\/\/xn--schav-8ra.com\/index.php\/produit\/la-remuneration-divine\/\"]}]},{\"@type\":\"ImageObject\",\"inLanguage\":\"fr-FR\",\"@id\":\"https:\/\/xn--schav-8ra.com\/index.php\/produit\/la-remuneration-divine\/#primaryimage\",\"url\":\"https:\/\/xn--schav-8ra.com\/wp-content\/uploads\/2024\/01\/9.png\",\"contentUrl\":\"https:\/\/xn--schav-8ra.com\/wp-content\/uploads\/2024\/01\/9.png\",\"width\":1015,\"height\":768},{\"@type\":\"BreadcrumbList\",\"@id\":\"https:\/\/xn--schav-8ra.com\/index.php\/produit\/la-remuneration-divine\/#breadcrumb\",\"itemListElement\":[{\"@type\":\"ListItem\",\"position\":1,\"name\":\"Accueil\",\"item\":\"https:\/\/xn--schav-8ra.com\/\"},{\"@type\":\"ListItem\",\"position\":2,\"name\":\"Boutique\",\"item\":\"https:\/\/xn--schav-8ra.com\/index.php\/boutique\/\"},{\"@type\":\"ListItem\",\"position\":3,\"name\":\"La R\u00e9mun\u00e9ration Divine\"}]},{\"@type\":\"WebSite\",\"@id\":\"https:\/\/xn--schav-8ra.com\/#website\",\"url\":\"https:\/\/xn--schav-8ra.com\/\",\"name\":\"SCHAV\u00c8\",\"description\":\"La Vall\u00e9e des Rois et des Reines\",\"publisher\":{\"@id\":\"https:\/\/xn--schav-8ra.com\/#organization\"},\"potentialAction\":[{\"@type\":\"SearchAction\",\"target\":{\"@type\":\"EntryPoint\",\"urlTemplate\":\"https:\/\/xn--schav-8ra.com\/?s={search_term_string}\"},\"query-input\":{\"@type\":\"PropertyValueSpecification\",\"valueRequired\":true,\"valueName\":\"search_term_string\"}}],\"inLanguage\":\"fr-FR\"},{\"@type\":\"Organization\",\"@id\":\"https:\/\/xn--schav-8ra.com\/#organization\",\"name\":\"SCHAV\u00c8\",\"url\":\"https:\/\/xn--schav-8ra.com\/\",\"logo\":{\"@type\":\"ImageObject\",\"inLanguage\":\"fr-FR\",\"@id\":\"https:\/\/xn--schav-8ra.com\/#\/schema\/logo\/image\/\",\"url\":\"https:\/\/xn--schav-8ra.com\/wp-content\/uploads\/2024\/01\/cropped-png_20230413_140706_0000.png\",\"contentUrl\":\"https:\/\/xn--schav-8ra.com\/wp-content\/uploads\/2024\/01\/cropped-png_20230413_140706_0000.png\",\"width\":4000,\"height\":4000,\"caption\":\"SCHAV\u00c8\"},\"image\":{\"@id\":\"https:\/\/xn--schav-8ra.com\/#\/schema\/logo\/image\/\"}}]}<\/script>\n<!-- \/ Yoast SEO plugin. -->","yoast_head_json":{"title":"La R\u00e9mun\u00e9ration Divine - SCHAV\u00c8","description":"La mesure de la foi que produit la parole de Dieu dote chacun de nous d'une capacit\u00e9 d'agir, permettant de s'approcher du Seigneur, dans un esprit de recherche permanente, qui pousse le Seigneur \u00e0 nous r\u00e9mun\u00e9rer.","robots":{"index":"index","follow":"follow","max-snippet":"max-snippet:-1","max-image-preview":"max-image-preview:large","max-video-preview":"max-video-preview:-1"},"canonical":"https:\/\/xn--schav-8ra.com\/index.php\/produit\/la-remuneration-divine\/","og_locale":"fr_FR","og_type":"article","og_title":"La R\u00e9mun\u00e9ration Divine - SCHAV\u00c8","og_description":"La mesure de la foi que produit la parole de Dieu dote chacun de nous d'une capacit\u00e9 d'agir, permettant de s'approcher du Seigneur, dans un esprit de recherche permanente, qui pousse le Seigneur \u00e0 nous r\u00e9mun\u00e9rer.","og_url":"https:\/\/xn--schav-8ra.com\/index.php\/produit\/la-remuneration-divine\/","og_site_name":"SCHAV\u00c8","og_image":[{"width":1015,"height":768,"url":"https:\/\/xn--schav-8ra.com\/wp-content\/uploads\/2024\/01\/9.png","type":"image\/png"}],"twitter_card":"summary_large_image","twitter_misc":{"Dur\u00e9e de lecture estim\u00e9e":"1 minute"},"schema":{"@context":"https:\/\/schema.org","@graph":[{"@type":"WebPage","@id":"https:\/\/xn--schav-8ra.com\/index.php\/produit\/la-remuneration-divine\/","url":"https:\/\/xn--schav-8ra.com\/index.php\/produit\/la-remuneration-divine\/","name":"La R\u00e9mun\u00e9ration Divine - SCHAV\u00c8","isPartOf":{"@id":"https:\/\/xn--schav-8ra.com\/#website"},"primaryImageOfPage":{"@id":"https:\/\/xn--schav-8ra.com\/index.php\/produit\/la-remuneration-divine\/#primaryimage"},"image":{"@id":"https:\/\/xn--schav-8ra.com\/index.php\/produit\/la-remuneration-divine\/#primaryimage"},"thumbnailUrl":"https:\/\/xn--schav-8ra.com\/wp-content\/uploads\/2024\/01\/9.png","datePublished":"2024-01-25T15:26:57+00:00","description":"La mesure de la foi que produit la parole de Dieu dote chacun de nous d'une capacit\u00e9 d'agir, permettant de s'approcher du Seigneur, dans un esprit de recherche permanente, qui pousse le Seigneur \u00e0 nous r\u00e9mun\u00e9rer.","breadcrumb":{"@id":"https:\/\/xn--schav-8ra.com\/index.php\/produit\/la-remuneration-divine\/#breadcrumb"},"inLanguage":"fr-FR","potentialAction":[{"@type":"ReadAction","target":["https:\/\/xn--schav-8ra.com\/index.php\/produit\/la-remuneration-divine\/"]}]},{"@type":"ImageObject","inLanguage":"fr-FR","@id":"https:\/\/xn--schav-8ra.com\/index.php\/produit\/la-remuneration-divine\/#primaryimage","url":"https:\/\/xn--schav-8ra.com\/wp-content\/uploads\/2024\/01\/9.png","contentUrl":"https:\/\/xn--schav-8ra.com\/wp-content\/uploads\/2024\/01\/9.png","width":1015,"height":768},{"@type":"BreadcrumbList","@id":"https:\/\/xn--schav-8ra.com\/index.php\/produit\/la-remuneration-divine\/#breadcrumb","itemListElement":[{"@type":"ListItem","position":1,"name":"Accueil","item":"https:\/\/xn--schav-8ra.com\/"},{"@type":"ListItem","position":2,"name":"Boutique","item":"https:\/\/xn--schav-8ra.com\/index.php\/boutique\/"},{"@type":"ListItem","position":3,"name":"La R\u00e9mun\u00e9ration Divine"}]},{"@type":"WebSite","@id":"https:\/\/xn--schav-8ra.com\/#website","url":"https:\/\/xn--schav-8ra.com\/","name":"SCHAV\u00c8","description":"La Vall\u00e9e des Rois et des Reines","publisher":{"@id":"https:\/\/xn--schav-8ra.com\/#organization"},"potentialAction":[{"@type":"SearchAction","target":{"@type":"EntryPoint","urlTemplate":"https:\/\/xn--schav-8ra.com\/?s={search_term_string}"},"query-input":{"@type":"PropertyValueSpecification","valueRequired":true,"valueName":"search_term_string"}}],"inLanguage":"fr-FR"},{"@type":"Organization","@id":"https:\/\/xn--schav-8ra.com\/#organization","name":"SCHAV\u00c8","url":"https:\/\/xn--schav-8ra.com\/","logo":{"@type":"ImageObject","inLanguage":"fr-FR","@id":"https:\/\/xn--schav-8ra.com\/#\/schema\/logo\/image\/","url":"https:\/\/xn--schav-8ra.com\/wp-content\/uploads\/2024\/01\/cropped-png_20230413_140706_0000.png","contentUrl":"https:\/\/xn--schav-8ra.com\/wp-content\/uploads\/2024\/01\/cropped-png_20230413_140706_0000.png","width":4000,"height":4000,"caption":"SCHAV\u00c8"},"image":{"@id":"https:\/\/xn--schav-8ra.com\/#\/schema\/logo\/image\/"}}]}},"_links":{"self":[{"href":"https:\/\/xn--schav-8ra.com\/index.php\/wp-json\/wp\/v2\/product\/1639","targetHints":{"allow":["GET"]}}],"collection":[{"href":"https:\/\/xn--schav-8ra.com\/index.php\/wp-json\/wp\/v2\/product"}],"about":[{"href":"https:\/\/xn--schav-8ra.com\/index.php\/wp-json\/wp\/v2\/types\/product"}],"replies":[{"embeddable":true,"href":"https:\/\/xn--schav-8ra.com\/index.php\/wp-json\/wp\/v2\/comments?post=1639"}],"wp:featuredmedia":[{"embeddable":true,"href":"https:\/\/xn--schav-8ra.com\/index.php\/wp-json\/wp\/v2\/media\/1305"}],"wp:attachment":[{"href":"https:\/\/xn--schav-8ra.com\/index.php\/wp-json\/wp\/v2\/media?parent=1639"}],"wp:term":[{"taxonomy":"product_brand","embeddable":true,"href":"https:\/\/xn--schav-8ra.com\/index.php\/wp-json\/wp\/v2\/product_brand?post=1639"},{"taxonomy":"product_cat","embeddable":true,"href":"https:\/\/xn--schav-8ra.com\/index.php\/wp-json\/wp\/v2\/product_cat?post=1639"},{"taxonomy":"product_tag","embeddable":true,"href":"https:\/\/xn--schav-8ra.com\/index.php\/wp-json\/wp\/v2\/product_tag?post=1639"}],"curies":[{"name":"wp","href":"https:\/\/api.w.org\/{rel}","templated":true}]}}