{"id":1687,"date":"2024-05-31T18:26:01","date_gmt":"2024-05-31T16:26:01","guid":{"rendered":"https:\/\/xn--schav-8ra.com\/index.php\/produit\/moringa-mangue\/"},"modified":"2024-07-31T07:26:15","modified_gmt":"2024-07-31T05:26:15","slug":"moringa-mangue","status":"publish","type":"product","link":"https:\/\/xn--schav-8ra.com\/index.php\/produit\/moringa-mangue\/","title":{"rendered":"Set : Th\u00e9 Moringa &#8211; Mangue + Infuseur\u00a0\u00e0\u00a0th\u00e9\u00a0\u00ab\u00a0"},"content":{"rendered":"<p><img fetchpriority=\"high\" decoding=\"async\" class=\"alignnone size-medium wp-image-1696\" src=\"https:\/\/xn--schav-8ra.com\/wp-content\/uploads\/2024\/05\/moringa-schave-300x300.jpg\" alt=\"\" width=\"300\" height=\"300\" data-mce-src=\"https:\/\/xn--schav-8ra.com\/wp-content\/uploads\/2024\/05\/moringa-schave-300x300.jpg\" srcset=\"https:\/\/xn--schav-8ra.com\/wp-content\/uploads\/2024\/05\/moringa-schave-300x300.jpg 300w, https:\/\/xn--schav-8ra.com\/wp-content\/uploads\/2024\/05\/moringa-schave-1024x1024.jpg 1024w, https:\/\/xn--schav-8ra.com\/wp-content\/uploads\/2024\/05\/moringa-schave-150x150.jpg 150w, https:\/\/xn--schav-8ra.com\/wp-content\/uploads\/2024\/05\/moringa-schave-768x768.jpg 768w, https:\/\/xn--schav-8ra.com\/wp-content\/uploads\/2024\/05\/moringa-schave-600x600.jpg 600w, https:\/\/xn--schav-8ra.com\/wp-content\/uploads\/2024\/05\/moringa-schave-100x100.jpg 100w, https:\/\/xn--schav-8ra.com\/wp-content\/uploads\/2024\/05\/moringa-schave.jpg 1080w\" sizes=\"(max-width: 300px) 100vw, 300px\" \/><img decoding=\"async\" class=\"alignnone size-medium wp-image-1703\" src=\"https:\/\/xn--schav-8ra.com\/wp-content\/uploads\/2024\/06\/valeurs-nutritionnelles-300x300.jpg\" alt=\"\" width=\"300\" height=\"300\" data-mce-src=\"https:\/\/xn--schav-8ra.com\/wp-content\/uploads\/2024\/06\/valeurs-nutritionnelles-300x300.jpg\" style=\"font-family: var(--global-body-font-family)\" srcset=\"https:\/\/xn--schav-8ra.com\/wp-content\/uploads\/2024\/06\/valeurs-nutritionnelles-300x300.jpg 300w, https:\/\/xn--schav-8ra.com\/wp-content\/uploads\/2024\/06\/valeurs-nutritionnelles-1024x1024.jpg 1024w, https:\/\/xn--schav-8ra.com\/wp-content\/uploads\/2024\/06\/valeurs-nutritionnelles-150x150.jpg 150w, https:\/\/xn--schav-8ra.com\/wp-content\/uploads\/2024\/06\/valeurs-nutritionnelles-768x768.jpg 768w, https:\/\/xn--schav-8ra.com\/wp-content\/uploads\/2024\/06\/valeurs-nutritionnelles-600x600.jpg 600w, https:\/\/xn--schav-8ra.com\/wp-content\/uploads\/2024\/06\/valeurs-nutritionnelles-100x100.jpg 100w, https:\/\/xn--schav-8ra.com\/wp-content\/uploads\/2024\/06\/valeurs-nutritionnelles.jpg 1080w\" sizes=\"(max-width: 300px) 100vw, 300px\" \/><img decoding=\"async\" class=\"alignnone size-medium wp-image-1690\" src=\"https:\/\/xn--schav-8ra.com\/wp-content\/uploads\/2024\/05\/infuseur-300x300.jpg\" alt=\"\" width=\"300\" height=\"300\" data-mce-src=\"https:\/\/xn--schav-8ra.com\/wp-content\/uploads\/2024\/05\/infuseur-300x300.jpg\" style=\"font-family: var(--global-body-font-family)\" srcset=\"https:\/\/xn--schav-8ra.com\/wp-content\/uploads\/2024\/05\/infuseur-300x300.jpg 300w, https:\/\/xn--schav-8ra.com\/wp-content\/uploads\/2024\/05\/infuseur-1024x1024.jpg 1024w, https:\/\/xn--schav-8ra.com\/wp-content\/uploads\/2024\/05\/infuseur-150x150.jpg 150w, https:\/\/xn--schav-8ra.com\/wp-content\/uploads\/2024\/05\/infuseur-768x768.jpg 768w, https:\/\/xn--schav-8ra.com\/wp-content\/uploads\/2024\/05\/infuseur-600x600.jpg 600w, https:\/\/xn--schav-8ra.com\/wp-content\/uploads\/2024\/05\/infuseur-100x100.jpg 100w, https:\/\/xn--schav-8ra.com\/wp-content\/uploads\/2024\/05\/infuseur.jpg 1080w\" sizes=\"(max-width: 300px) 100vw, 300px\" \/><span style=\"font-family: var(--global-body-font-family)\"> <\/span><img loading=\"lazy\" decoding=\"async\" class=\"alignnone size-medium wp-image-1691\" src=\"https:\/\/xn--schav-8ra.com\/wp-content\/uploads\/2024\/05\/infuseur2-300x300.jpg\" alt=\"\" width=\"300\" height=\"300\" data-mce-src=\"https:\/\/xn--schav-8ra.com\/wp-content\/uploads\/2024\/05\/infuseur2-300x300.jpg\" style=\"font-family: var(--global-body-font-family)\" srcset=\"https:\/\/xn--schav-8ra.com\/wp-content\/uploads\/2024\/05\/infuseur2-300x300.jpg 300w, https:\/\/xn--schav-8ra.com\/wp-content\/uploads\/2024\/05\/infuseur2-1024x1024.jpg 1024w, https:\/\/xn--schav-8ra.com\/wp-content\/uploads\/2024\/05\/infuseur2-150x150.jpg 150w, https:\/\/xn--schav-8ra.com\/wp-content\/uploads\/2024\/05\/infuseur2-768x768.jpg 768w, https:\/\/xn--schav-8ra.com\/wp-content\/uploads\/2024\/05\/infuseur2-600x600.jpg 600w, https:\/\/xn--schav-8ra.com\/wp-content\/uploads\/2024\/05\/infuseur2-100x100.jpg 100w, https:\/\/xn--schav-8ra.com\/wp-content\/uploads\/2024\/05\/infuseur2.jpg 1080w\" sizes=\"(max-width: 300px) 100vw, 300px\" \/><\/p>\n","protected":false},"excerpt":{"rendered":"<p>Moringa<\/p>\n<p>Feuilles d\u00e9shydrat\u00e9es (filtre offert)<\/p>\n<p>Antioxydant, anti-inflammatoire, anti-cholest\u00e9rol, antibact\u00e9rien, anti-fatigue.<\/p>\n<p>Faire bouillir 2 \u00e0 3 cuill\u00e8re \u00e0 caf\u00e9 dans un litre d&rsquo;eau pendant 10 \u00e0 12 minutes.<\/p>\n","protected":false},"featured_media":1701,"comment_status":"open","ping_status":"closed","template":"","meta":{"_kadence_starter_templates_imported_post":false,"_kad_post_transparent":"default","_kad_post_title":"","_kad_post_layout":"default","_kad_post_sidebar_id":"","_kad_post_content_style":"default","_kad_post_vertical_padding":"default","_kad_post_feature":"","_kad_post_feature_position":"","_kad_post_header":false,"_kad_post_footer":false},"product_brand":[],"product_cat":[55],"product_tag":[],"class_list":{"0":"post-1687","1":"product","2":"type-product","3":"status-publish","4":"has-post-thumbnail","6":"product_cat-tisanes-et-bien-etre","8":"first","9":"instock","10":"shipping-taxable","11":"purchasable","12":"product-type-simple","13":"entry","14":"content-bg","15":"loop-entry"},"yoast_head":"<!-- This site is optimized with the Yoast SEO plugin v26.3 - https:\/\/yoast.com\/wordpress\/plugins\/seo\/ -->\n<title>Set : Th\u00e9 Moringa - Mangue + Infuseur\u00a0\u00e0\u00a0th\u00e9\u00a0&quot; - SCHAV\u00c8<\/title>\n<meta name=\"robots\" content=\"index, follow, max-snippet:-1, max-image-preview:large, max-video-preview:-1\" \/>\n<link rel=\"canonical\" href=\"https:\/\/xn--schav-8ra.com\/index.php\/produit\/moringa-mangue\/\" \/>\n<meta property=\"og:locale\" content=\"fr_FR\" \/>\n<meta property=\"og:type\" content=\"article\" \/>\n<meta property=\"og:title\" content=\"Set : Th\u00e9 Moringa - Mangue + Infuseur\u00a0\u00e0\u00a0th\u00e9\u00a0&quot; - SCHAV\u00c8\" \/>\n<meta property=\"og:description\" content=\"MoringaFeuilles d\u00e9shydrat\u00e9es (filtre offert)Antioxydant, anti-inflammatoire, anti-cholest\u00e9rol, antibact\u00e9rien, anti-fatigue.Faire bouillir 2 \u00e0 3 cuill\u00e8re \u00e0 caf\u00e9 dans un litre d&#039;eau pendant 10 \u00e0 12 minutes.\" \/>\n<meta property=\"og:url\" content=\"https:\/\/xn--schav-8ra.com\/index.php\/produit\/moringa-mangue\/\" \/>\n<meta property=\"og:site_name\" content=\"SCHAV\u00c8\" \/>\n<meta property=\"article:modified_time\" content=\"2024-07-31T05:26:15+00:00\" \/>\n<meta property=\"og:image\" content=\"https:\/\/xn--schav-8ra.com\/wp-content\/uploads\/2024\/06\/Moringa-mangue.jpg\" \/>\n\t<meta property=\"og:image:width\" content=\"1080\" \/>\n\t<meta property=\"og:image:height\" content=\"1080\" \/>\n\t<meta property=\"og:image:type\" content=\"image\/jpeg\" \/>\n<meta name=\"twitter:card\" content=\"summary_large_image\" \/>\n<meta name=\"twitter:label1\" content=\"Dur\u00e9e de lecture estim\u00e9e\" \/>\n\t<meta name=\"twitter:data1\" content=\"1 minute\" \/>\n<script type=\"application\/ld+json\" class=\"yoast-schema-graph\">{\"@context\":\"https:\/\/schema.org\",\"@graph\":[{\"@type\":\"WebPage\",\"@id\":\"https:\/\/xn--schav-8ra.com\/index.php\/produit\/moringa-mangue\/\",\"url\":\"https:\/\/xn--schav-8ra.com\/index.php\/produit\/moringa-mangue\/\",\"name\":\"Set : Th\u00e9 Moringa - Mangue + Infuseur\u00a0\u00e0\u00a0th\u00e9\u00a0\\\" - SCHAV\u00c8\",\"isPartOf\":{\"@id\":\"https:\/\/xn--schav-8ra.com\/#website\"},\"primaryImageOfPage\":{\"@id\":\"https:\/\/xn--schav-8ra.com\/index.php\/produit\/moringa-mangue\/#primaryimage\"},\"image\":{\"@id\":\"https:\/\/xn--schav-8ra.com\/index.php\/produit\/moringa-mangue\/#primaryimage\"},\"thumbnailUrl\":\"https:\/\/xn--schav-8ra.com\/wp-content\/uploads\/2024\/06\/Moringa-mangue.jpg\",\"datePublished\":\"2024-05-31T16:26:01+00:00\",\"dateModified\":\"2024-07-31T05:26:15+00:00\",\"breadcrumb\":{\"@id\":\"https:\/\/xn--schav-8ra.com\/index.php\/produit\/moringa-mangue\/#breadcrumb\"},\"inLanguage\":\"fr-FR\",\"potentialAction\":[{\"@type\":\"ReadAction\",\"target\":[\"https:\/\/xn--schav-8ra.com\/index.php\/produit\/moringa-mangue\/\"]}]},{\"@type\":\"ImageObject\",\"inLanguage\":\"fr-FR\",\"@id\":\"https:\/\/xn--schav-8ra.com\/index.php\/produit\/moringa-mangue\/#primaryimage\",\"url\":\"https:\/\/xn--schav-8ra.com\/wp-content\/uploads\/2024\/06\/Moringa-mangue.jpg\",\"contentUrl\":\"https:\/\/xn--schav-8ra.com\/wp-content\/uploads\/2024\/06\/Moringa-mangue.jpg\",\"width\":1080,\"height\":1080},{\"@type\":\"BreadcrumbList\",\"@id\":\"https:\/\/xn--schav-8ra.com\/index.php\/produit\/moringa-mangue\/#breadcrumb\",\"itemListElement\":[{\"@type\":\"ListItem\",\"position\":1,\"name\":\"Accueil\",\"item\":\"https:\/\/xn--schav-8ra.com\/\"},{\"@type\":\"ListItem\",\"position\":2,\"name\":\"Boutique\",\"item\":\"https:\/\/xn--schav-8ra.com\/index.php\/boutique\/\"},{\"@type\":\"ListItem\",\"position\":3,\"name\":\"Set : Th\u00e9 Moringa &#8211; Mangue + Infuseur\u00a0\u00e0\u00a0th\u00e9\u00a0&#8220;\"}]},{\"@type\":\"WebSite\",\"@id\":\"https:\/\/xn--schav-8ra.com\/#website\",\"url\":\"https:\/\/xn--schav-8ra.com\/\",\"name\":\"SCHAV\u00c8\",\"description\":\"La Vall\u00e9e des Rois et des Reines\",\"publisher\":{\"@id\":\"https:\/\/xn--schav-8ra.com\/#organization\"},\"potentialAction\":[{\"@type\":\"SearchAction\",\"target\":{\"@type\":\"EntryPoint\",\"urlTemplate\":\"https:\/\/xn--schav-8ra.com\/?s={search_term_string}\"},\"query-input\":{\"@type\":\"PropertyValueSpecification\",\"valueRequired\":true,\"valueName\":\"search_term_string\"}}],\"inLanguage\":\"fr-FR\"},{\"@type\":\"Organization\",\"@id\":\"https:\/\/xn--schav-8ra.com\/#organization\",\"name\":\"SCHAV\u00c8\",\"url\":\"https:\/\/xn--schav-8ra.com\/\",\"logo\":{\"@type\":\"ImageObject\",\"inLanguage\":\"fr-FR\",\"@id\":\"https:\/\/xn--schav-8ra.com\/#\/schema\/logo\/image\/\",\"url\":\"https:\/\/xn--schav-8ra.com\/wp-content\/uploads\/2024\/01\/cropped-png_20230413_140706_0000.png\",\"contentUrl\":\"https:\/\/xn--schav-8ra.com\/wp-content\/uploads\/2024\/01\/cropped-png_20230413_140706_0000.png\",\"width\":4000,\"height\":4000,\"caption\":\"SCHAV\u00c8\"},\"image\":{\"@id\":\"https:\/\/xn--schav-8ra.com\/#\/schema\/logo\/image\/\"}}]}<\/script>\n<!-- \/ Yoast SEO plugin. -->","yoast_head_json":{"title":"Set : Th\u00e9 Moringa - Mangue + Infuseur\u00a0\u00e0\u00a0th\u00e9\u00a0\" - SCHAV\u00c8","robots":{"index":"index","follow":"follow","max-snippet":"max-snippet:-1","max-image-preview":"max-image-preview:large","max-video-preview":"max-video-preview:-1"},"canonical":"https:\/\/xn--schav-8ra.com\/index.php\/produit\/moringa-mangue\/","og_locale":"fr_FR","og_type":"article","og_title":"Set : Th\u00e9 Moringa - Mangue + Infuseur\u00a0\u00e0\u00a0th\u00e9\u00a0\" - SCHAV\u00c8","og_description":"MoringaFeuilles d\u00e9shydrat\u00e9es (filtre offert)Antioxydant, anti-inflammatoire, anti-cholest\u00e9rol, antibact\u00e9rien, anti-fatigue.Faire bouillir 2 \u00e0 3 cuill\u00e8re \u00e0 caf\u00e9 dans un litre d'eau pendant 10 \u00e0 12 minutes.","og_url":"https:\/\/xn--schav-8ra.com\/index.php\/produit\/moringa-mangue\/","og_site_name":"SCHAV\u00c8","article_modified_time":"2024-07-31T05:26:15+00:00","og_image":[{"width":1080,"height":1080,"url":"https:\/\/xn--schav-8ra.com\/wp-content\/uploads\/2024\/06\/Moringa-mangue.jpg","type":"image\/jpeg"}],"twitter_card":"summary_large_image","twitter_misc":{"Dur\u00e9e de lecture estim\u00e9e":"1 minute"},"schema":{"@context":"https:\/\/schema.org","@graph":[{"@type":"WebPage","@id":"https:\/\/xn--schav-8ra.com\/index.php\/produit\/moringa-mangue\/","url":"https:\/\/xn--schav-8ra.com\/index.php\/produit\/moringa-mangue\/","name":"Set : Th\u00e9 Moringa - Mangue + Infuseur\u00a0\u00e0\u00a0th\u00e9\u00a0\" - SCHAV\u00c8","isPartOf":{"@id":"https:\/\/xn--schav-8ra.com\/#website"},"primaryImageOfPage":{"@id":"https:\/\/xn--schav-8ra.com\/index.php\/produit\/moringa-mangue\/#primaryimage"},"image":{"@id":"https:\/\/xn--schav-8ra.com\/index.php\/produit\/moringa-mangue\/#primaryimage"},"thumbnailUrl":"https:\/\/xn--schav-8ra.com\/wp-content\/uploads\/2024\/06\/Moringa-mangue.jpg","datePublished":"2024-05-31T16:26:01+00:00","dateModified":"2024-07-31T05:26:15+00:00","breadcrumb":{"@id":"https:\/\/xn--schav-8ra.com\/index.php\/produit\/moringa-mangue\/#breadcrumb"},"inLanguage":"fr-FR","potentialAction":[{"@type":"ReadAction","target":["https:\/\/xn--schav-8ra.com\/index.php\/produit\/moringa-mangue\/"]}]},{"@type":"ImageObject","inLanguage":"fr-FR","@id":"https:\/\/xn--schav-8ra.com\/index.php\/produit\/moringa-mangue\/#primaryimage","url":"https:\/\/xn--schav-8ra.com\/wp-content\/uploads\/2024\/06\/Moringa-mangue.jpg","contentUrl":"https:\/\/xn--schav-8ra.com\/wp-content\/uploads\/2024\/06\/Moringa-mangue.jpg","width":1080,"height":1080},{"@type":"BreadcrumbList","@id":"https:\/\/xn--schav-8ra.com\/index.php\/produit\/moringa-mangue\/#breadcrumb","itemListElement":[{"@type":"ListItem","position":1,"name":"Accueil","item":"https:\/\/xn--schav-8ra.com\/"},{"@type":"ListItem","position":2,"name":"Boutique","item":"https:\/\/xn--schav-8ra.com\/index.php\/boutique\/"},{"@type":"ListItem","position":3,"name":"Set : Th\u00e9 Moringa &#8211; Mangue + Infuseur\u00a0\u00e0\u00a0th\u00e9\u00a0&#8220;"}]},{"@type":"WebSite","@id":"https:\/\/xn--schav-8ra.com\/#website","url":"https:\/\/xn--schav-8ra.com\/","name":"SCHAV\u00c8","description":"La Vall\u00e9e des Rois et des Reines","publisher":{"@id":"https:\/\/xn--schav-8ra.com\/#organization"},"potentialAction":[{"@type":"SearchAction","target":{"@type":"EntryPoint","urlTemplate":"https:\/\/xn--schav-8ra.com\/?s={search_term_string}"},"query-input":{"@type":"PropertyValueSpecification","valueRequired":true,"valueName":"search_term_string"}}],"inLanguage":"fr-FR"},{"@type":"Organization","@id":"https:\/\/xn--schav-8ra.com\/#organization","name":"SCHAV\u00c8","url":"https:\/\/xn--schav-8ra.com\/","logo":{"@type":"ImageObject","inLanguage":"fr-FR","@id":"https:\/\/xn--schav-8ra.com\/#\/schema\/logo\/image\/","url":"https:\/\/xn--schav-8ra.com\/wp-content\/uploads\/2024\/01\/cropped-png_20230413_140706_0000.png","contentUrl":"https:\/\/xn--schav-8ra.com\/wp-content\/uploads\/2024\/01\/cropped-png_20230413_140706_0000.png","width":4000,"height":4000,"caption":"SCHAV\u00c8"},"image":{"@id":"https:\/\/xn--schav-8ra.com\/#\/schema\/logo\/image\/"}}]}},"_links":{"self":[{"href":"https:\/\/xn--schav-8ra.com\/index.php\/wp-json\/wp\/v2\/product\/1687","targetHints":{"allow":["GET"]}}],"collection":[{"href":"https:\/\/xn--schav-8ra.com\/index.php\/wp-json\/wp\/v2\/product"}],"about":[{"href":"https:\/\/xn--schav-8ra.com\/index.php\/wp-json\/wp\/v2\/types\/product"}],"replies":[{"embeddable":true,"href":"https:\/\/xn--schav-8ra.com\/index.php\/wp-json\/wp\/v2\/comments?post=1687"}],"wp:featuredmedia":[{"embeddable":true,"href":"https:\/\/xn--schav-8ra.com\/index.php\/wp-json\/wp\/v2\/media\/1701"}],"wp:attachment":[{"href":"https:\/\/xn--schav-8ra.com\/index.php\/wp-json\/wp\/v2\/media?parent=1687"}],"wp:term":[{"taxonomy":"product_brand","embeddable":true,"href":"https:\/\/xn--schav-8ra.com\/index.php\/wp-json\/wp\/v2\/product_brand?post=1687"},{"taxonomy":"product_cat","embeddable":true,"href":"https:\/\/xn--schav-8ra.com\/index.php\/wp-json\/wp\/v2\/product_cat?post=1687"},{"taxonomy":"product_tag","embeddable":true,"href":"https:\/\/xn--schav-8ra.com\/index.php\/wp-json\/wp\/v2\/product_tag?post=1687"}],"curies":[{"name":"wp","href":"https:\/\/api.w.org\/{rel}","templated":true}]}}