{"id":1718,"date":"2024-08-13T08:49:41","date_gmt":"2024-08-13T06:49:41","guid":{"rendered":"https:\/\/xn--schav-8ra.com\/?post_type=product&#038;p=1718"},"modified":"2024-08-16T10:38:17","modified_gmt":"2024-08-16T08:38:17","slug":"feuilles-de-corossol-sechees","status":"publish","type":"product","link":"https:\/\/xn--schav-8ra.com\/index.php\/produit\/feuilles-de-corossol-sechees\/","title":{"rendered":"Feuilles de corossol s\u00e9ch\u00e9es"},"content":{"rendered":"<p><img fetchpriority=\"high\" decoding=\"async\" class=\"alignnone size-medium wp-image-1719\" src=\"https:\/\/xn--schav-8ra.com\/wp-content\/uploads\/2024\/08\/Corossol-169x300.jpg\" alt=\"\" width=\"169\" height=\"300\" srcset=\"https:\/\/xn--schav-8ra.com\/wp-content\/uploads\/2024\/08\/Corossol-169x300.jpg 169w, https:\/\/xn--schav-8ra.com\/wp-content\/uploads\/2024\/08\/Corossol-576x1024.jpg 576w, https:\/\/xn--schav-8ra.com\/wp-content\/uploads\/2024\/08\/Corossol-768x1365.jpg 768w, https:\/\/xn--schav-8ra.com\/wp-content\/uploads\/2024\/08\/Corossol-864x1536.jpg 864w, https:\/\/xn--schav-8ra.com\/wp-content\/uploads\/2024\/08\/Corossol-600x1067.jpg 600w, https:\/\/xn--schav-8ra.com\/wp-content\/uploads\/2024\/08\/Corossol.jpg 1080w\" sizes=\"(max-width: 169px) 100vw, 169px\" \/> <img decoding=\"async\" class=\"alignnone size-medium wp-image-1720\" src=\"https:\/\/xn--schav-8ra.com\/wp-content\/uploads\/2024\/08\/Corossol1-300x300.jpg\" alt=\"\" width=\"300\" height=\"300\" srcset=\"https:\/\/xn--schav-8ra.com\/wp-content\/uploads\/2024\/08\/Corossol1-300x300.jpg 300w, https:\/\/xn--schav-8ra.com\/wp-content\/uploads\/2024\/08\/Corossol1-1024x1024.jpg 1024w, https:\/\/xn--schav-8ra.com\/wp-content\/uploads\/2024\/08\/Corossol1-150x150.jpg 150w, https:\/\/xn--schav-8ra.com\/wp-content\/uploads\/2024\/08\/Corossol1-768x768.jpg 768w, https:\/\/xn--schav-8ra.com\/wp-content\/uploads\/2024\/08\/Corossol1-600x600.jpg 600w, https:\/\/xn--schav-8ra.com\/wp-content\/uploads\/2024\/08\/Corossol1-100x100.jpg 100w, https:\/\/xn--schav-8ra.com\/wp-content\/uploads\/2024\/08\/Corossol1.jpg 1080w\" sizes=\"(max-width: 300px) 100vw, 300px\" \/> <img decoding=\"async\" class=\"alignnone size-medium wp-image-1721\" src=\"https:\/\/xn--schav-8ra.com\/wp-content\/uploads\/2024\/08\/Corossol2-300x300.jpg\" alt=\"\" width=\"300\" height=\"300\" srcset=\"https:\/\/xn--schav-8ra.com\/wp-content\/uploads\/2024\/08\/Corossol2-300x300.jpg 300w, https:\/\/xn--schav-8ra.com\/wp-content\/uploads\/2024\/08\/Corossol2-1024x1024.jpg 1024w, https:\/\/xn--schav-8ra.com\/wp-content\/uploads\/2024\/08\/Corossol2-150x150.jpg 150w, https:\/\/xn--schav-8ra.com\/wp-content\/uploads\/2024\/08\/Corossol2-768x768.jpg 768w, https:\/\/xn--schav-8ra.com\/wp-content\/uploads\/2024\/08\/Corossol2-600x600.jpg 600w, https:\/\/xn--schav-8ra.com\/wp-content\/uploads\/2024\/08\/Corossol2-100x100.jpg 100w, https:\/\/xn--schav-8ra.com\/wp-content\/uploads\/2024\/08\/Corossol2.jpg 1080w\" sizes=\"(max-width: 300px) 100vw, 300px\" \/><\/p>\n","protected":false},"excerpt":{"rendered":"","protected":false},"featured_media":1720,"comment_status":"open","ping_status":"closed","template":"","meta":{"_kadence_starter_templates_imported_post":false,"_kad_post_transparent":"default","_kad_post_title":"","_kad_post_layout":"default","_kad_post_sidebar_id":"","_kad_post_content_style":"default","_kad_post_vertical_padding":"default","_kad_post_feature":"","_kad_post_feature_position":"","_kad_post_header":false,"_kad_post_footer":false},"product_brand":[],"product_cat":[55],"product_tag":[],"class_list":{"0":"post-1718","1":"product","2":"type-product","3":"status-publish","4":"has-post-thumbnail","6":"product_cat-tisanes-et-bien-etre","8":"first","9":"instock","10":"shipping-taxable","11":"purchasable","12":"product-type-simple","13":"entry","14":"content-bg","15":"loop-entry"},"yoast_head":"<!-- This site is optimized with the Yoast SEO plugin v26.3 - https:\/\/yoast.com\/wordpress\/plugins\/seo\/ -->\n<title>Feuilles de corossol s\u00e9ch\u00e9es - SCHAV\u00c8<\/title>\n<meta name=\"robots\" content=\"index, follow, max-snippet:-1, max-image-preview:large, max-video-preview:-1\" \/>\n<link rel=\"canonical\" href=\"https:\/\/xn--schav-8ra.com\/index.php\/produit\/feuilles-de-corossol-sechees\/\" \/>\n<meta property=\"og:locale\" content=\"fr_FR\" \/>\n<meta property=\"og:type\" content=\"article\" \/>\n<meta property=\"og:title\" content=\"Feuilles de corossol s\u00e9ch\u00e9es - SCHAV\u00c8\" \/>\n<meta property=\"og:url\" content=\"https:\/\/xn--schav-8ra.com\/index.php\/produit\/feuilles-de-corossol-sechees\/\" \/>\n<meta property=\"og:site_name\" content=\"SCHAV\u00c8\" \/>\n<meta property=\"article:modified_time\" content=\"2024-08-16T08:38:17+00:00\" \/>\n<meta property=\"og:image\" content=\"https:\/\/xn--schav-8ra.com\/wp-content\/uploads\/2024\/08\/Corossol1.jpg\" \/>\n\t<meta property=\"og:image:width\" content=\"1080\" \/>\n\t<meta property=\"og:image:height\" content=\"1080\" \/>\n\t<meta property=\"og:image:type\" content=\"image\/jpeg\" \/>\n<meta name=\"twitter:card\" content=\"summary_large_image\" \/>\n<meta name=\"twitter:label1\" content=\"Dur\u00e9e de lecture estim\u00e9e\" \/>\n\t<meta name=\"twitter:data1\" content=\"1 minute\" \/>\n<script type=\"application\/ld+json\" class=\"yoast-schema-graph\">{\"@context\":\"https:\/\/schema.org\",\"@graph\":[{\"@type\":\"WebPage\",\"@id\":\"https:\/\/xn--schav-8ra.com\/index.php\/produit\/feuilles-de-corossol-sechees\/\",\"url\":\"https:\/\/xn--schav-8ra.com\/index.php\/produit\/feuilles-de-corossol-sechees\/\",\"name\":\"Feuilles de corossol s\u00e9ch\u00e9es - SCHAV\u00c8\",\"isPartOf\":{\"@id\":\"https:\/\/xn--schav-8ra.com\/#website\"},\"primaryImageOfPage\":{\"@id\":\"https:\/\/xn--schav-8ra.com\/index.php\/produit\/feuilles-de-corossol-sechees\/#primaryimage\"},\"image\":{\"@id\":\"https:\/\/xn--schav-8ra.com\/index.php\/produit\/feuilles-de-corossol-sechees\/#primaryimage\"},\"thumbnailUrl\":\"https:\/\/xn--schav-8ra.com\/wp-content\/uploads\/2024\/08\/Corossol1.jpg\",\"datePublished\":\"2024-08-13T06:49:41+00:00\",\"dateModified\":\"2024-08-16T08:38:17+00:00\",\"breadcrumb\":{\"@id\":\"https:\/\/xn--schav-8ra.com\/index.php\/produit\/feuilles-de-corossol-sechees\/#breadcrumb\"},\"inLanguage\":\"fr-FR\",\"potentialAction\":[{\"@type\":\"ReadAction\",\"target\":[\"https:\/\/xn--schav-8ra.com\/index.php\/produit\/feuilles-de-corossol-sechees\/\"]}]},{\"@type\":\"ImageObject\",\"inLanguage\":\"fr-FR\",\"@id\":\"https:\/\/xn--schav-8ra.com\/index.php\/produit\/feuilles-de-corossol-sechees\/#primaryimage\",\"url\":\"https:\/\/xn--schav-8ra.com\/wp-content\/uploads\/2024\/08\/Corossol1.jpg\",\"contentUrl\":\"https:\/\/xn--schav-8ra.com\/wp-content\/uploads\/2024\/08\/Corossol1.jpg\",\"width\":1080,\"height\":1080},{\"@type\":\"BreadcrumbList\",\"@id\":\"https:\/\/xn--schav-8ra.com\/index.php\/produit\/feuilles-de-corossol-sechees\/#breadcrumb\",\"itemListElement\":[{\"@type\":\"ListItem\",\"position\":1,\"name\":\"Accueil\",\"item\":\"https:\/\/xn--schav-8ra.com\/\"},{\"@type\":\"ListItem\",\"position\":2,\"name\":\"Boutique\",\"item\":\"https:\/\/xn--schav-8ra.com\/index.php\/boutique\/\"},{\"@type\":\"ListItem\",\"position\":3,\"name\":\"Feuilles de corossol s\u00e9ch\u00e9es\"}]},{\"@type\":\"WebSite\",\"@id\":\"https:\/\/xn--schav-8ra.com\/#website\",\"url\":\"https:\/\/xn--schav-8ra.com\/\",\"name\":\"SCHAV\u00c8\",\"description\":\"La Vall\u00e9e des Rois et des Reines\",\"publisher\":{\"@id\":\"https:\/\/xn--schav-8ra.com\/#organization\"},\"potentialAction\":[{\"@type\":\"SearchAction\",\"target\":{\"@type\":\"EntryPoint\",\"urlTemplate\":\"https:\/\/xn--schav-8ra.com\/?s={search_term_string}\"},\"query-input\":{\"@type\":\"PropertyValueSpecification\",\"valueRequired\":true,\"valueName\":\"search_term_string\"}}],\"inLanguage\":\"fr-FR\"},{\"@type\":\"Organization\",\"@id\":\"https:\/\/xn--schav-8ra.com\/#organization\",\"name\":\"SCHAV\u00c8\",\"url\":\"https:\/\/xn--schav-8ra.com\/\",\"logo\":{\"@type\":\"ImageObject\",\"inLanguage\":\"fr-FR\",\"@id\":\"https:\/\/xn--schav-8ra.com\/#\/schema\/logo\/image\/\",\"url\":\"https:\/\/xn--schav-8ra.com\/wp-content\/uploads\/2024\/01\/cropped-png_20230413_140706_0000.png\",\"contentUrl\":\"https:\/\/xn--schav-8ra.com\/wp-content\/uploads\/2024\/01\/cropped-png_20230413_140706_0000.png\",\"width\":4000,\"height\":4000,\"caption\":\"SCHAV\u00c8\"},\"image\":{\"@id\":\"https:\/\/xn--schav-8ra.com\/#\/schema\/logo\/image\/\"}}]}<\/script>\n<!-- \/ Yoast SEO plugin. -->","yoast_head_json":{"title":"Feuilles de corossol s\u00e9ch\u00e9es - SCHAV\u00c8","robots":{"index":"index","follow":"follow","max-snippet":"max-snippet:-1","max-image-preview":"max-image-preview:large","max-video-preview":"max-video-preview:-1"},"canonical":"https:\/\/xn--schav-8ra.com\/index.php\/produit\/feuilles-de-corossol-sechees\/","og_locale":"fr_FR","og_type":"article","og_title":"Feuilles de corossol s\u00e9ch\u00e9es - SCHAV\u00c8","og_url":"https:\/\/xn--schav-8ra.com\/index.php\/produit\/feuilles-de-corossol-sechees\/","og_site_name":"SCHAV\u00c8","article_modified_time":"2024-08-16T08:38:17+00:00","og_image":[{"width":1080,"height":1080,"url":"https:\/\/xn--schav-8ra.com\/wp-content\/uploads\/2024\/08\/Corossol1.jpg","type":"image\/jpeg"}],"twitter_card":"summary_large_image","twitter_misc":{"Dur\u00e9e de lecture estim\u00e9e":"1 minute"},"schema":{"@context":"https:\/\/schema.org","@graph":[{"@type":"WebPage","@id":"https:\/\/xn--schav-8ra.com\/index.php\/produit\/feuilles-de-corossol-sechees\/","url":"https:\/\/xn--schav-8ra.com\/index.php\/produit\/feuilles-de-corossol-sechees\/","name":"Feuilles de corossol s\u00e9ch\u00e9es - SCHAV\u00c8","isPartOf":{"@id":"https:\/\/xn--schav-8ra.com\/#website"},"primaryImageOfPage":{"@id":"https:\/\/xn--schav-8ra.com\/index.php\/produit\/feuilles-de-corossol-sechees\/#primaryimage"},"image":{"@id":"https:\/\/xn--schav-8ra.com\/index.php\/produit\/feuilles-de-corossol-sechees\/#primaryimage"},"thumbnailUrl":"https:\/\/xn--schav-8ra.com\/wp-content\/uploads\/2024\/08\/Corossol1.jpg","datePublished":"2024-08-13T06:49:41+00:00","dateModified":"2024-08-16T08:38:17+00:00","breadcrumb":{"@id":"https:\/\/xn--schav-8ra.com\/index.php\/produit\/feuilles-de-corossol-sechees\/#breadcrumb"},"inLanguage":"fr-FR","potentialAction":[{"@type":"ReadAction","target":["https:\/\/xn--schav-8ra.com\/index.php\/produit\/feuilles-de-corossol-sechees\/"]}]},{"@type":"ImageObject","inLanguage":"fr-FR","@id":"https:\/\/xn--schav-8ra.com\/index.php\/produit\/feuilles-de-corossol-sechees\/#primaryimage","url":"https:\/\/xn--schav-8ra.com\/wp-content\/uploads\/2024\/08\/Corossol1.jpg","contentUrl":"https:\/\/xn--schav-8ra.com\/wp-content\/uploads\/2024\/08\/Corossol1.jpg","width":1080,"height":1080},{"@type":"BreadcrumbList","@id":"https:\/\/xn--schav-8ra.com\/index.php\/produit\/feuilles-de-corossol-sechees\/#breadcrumb","itemListElement":[{"@type":"ListItem","position":1,"name":"Accueil","item":"https:\/\/xn--schav-8ra.com\/"},{"@type":"ListItem","position":2,"name":"Boutique","item":"https:\/\/xn--schav-8ra.com\/index.php\/boutique\/"},{"@type":"ListItem","position":3,"name":"Feuilles de corossol s\u00e9ch\u00e9es"}]},{"@type":"WebSite","@id":"https:\/\/xn--schav-8ra.com\/#website","url":"https:\/\/xn--schav-8ra.com\/","name":"SCHAV\u00c8","description":"La Vall\u00e9e des Rois et des Reines","publisher":{"@id":"https:\/\/xn--schav-8ra.com\/#organization"},"potentialAction":[{"@type":"SearchAction","target":{"@type":"EntryPoint","urlTemplate":"https:\/\/xn--schav-8ra.com\/?s={search_term_string}"},"query-input":{"@type":"PropertyValueSpecification","valueRequired":true,"valueName":"search_term_string"}}],"inLanguage":"fr-FR"},{"@type":"Organization","@id":"https:\/\/xn--schav-8ra.com\/#organization","name":"SCHAV\u00c8","url":"https:\/\/xn--schav-8ra.com\/","logo":{"@type":"ImageObject","inLanguage":"fr-FR","@id":"https:\/\/xn--schav-8ra.com\/#\/schema\/logo\/image\/","url":"https:\/\/xn--schav-8ra.com\/wp-content\/uploads\/2024\/01\/cropped-png_20230413_140706_0000.png","contentUrl":"https:\/\/xn--schav-8ra.com\/wp-content\/uploads\/2024\/01\/cropped-png_20230413_140706_0000.png","width":4000,"height":4000,"caption":"SCHAV\u00c8"},"image":{"@id":"https:\/\/xn--schav-8ra.com\/#\/schema\/logo\/image\/"}}]}},"_links":{"self":[{"href":"https:\/\/xn--schav-8ra.com\/index.php\/wp-json\/wp\/v2\/product\/1718","targetHints":{"allow":["GET"]}}],"collection":[{"href":"https:\/\/xn--schav-8ra.com\/index.php\/wp-json\/wp\/v2\/product"}],"about":[{"href":"https:\/\/xn--schav-8ra.com\/index.php\/wp-json\/wp\/v2\/types\/product"}],"replies":[{"embeddable":true,"href":"https:\/\/xn--schav-8ra.com\/index.php\/wp-json\/wp\/v2\/comments?post=1718"}],"wp:featuredmedia":[{"embeddable":true,"href":"https:\/\/xn--schav-8ra.com\/index.php\/wp-json\/wp\/v2\/media\/1720"}],"wp:attachment":[{"href":"https:\/\/xn--schav-8ra.com\/index.php\/wp-json\/wp\/v2\/media?parent=1718"}],"wp:term":[{"taxonomy":"product_brand","embeddable":true,"href":"https:\/\/xn--schav-8ra.com\/index.php\/wp-json\/wp\/v2\/product_brand?post=1718"},{"taxonomy":"product_cat","embeddable":true,"href":"https:\/\/xn--schav-8ra.com\/index.php\/wp-json\/wp\/v2\/product_cat?post=1718"},{"taxonomy":"product_tag","embeddable":true,"href":"https:\/\/xn--schav-8ra.com\/index.php\/wp-json\/wp\/v2\/product_tag?post=1718"}],"curies":[{"name":"wp","href":"https:\/\/api.w.org\/{rel}","templated":true}]}}