{"id":1730,"date":"2024-08-22T14:07:01","date_gmt":"2024-08-22T12:07:01","guid":{"rendered":"https:\/\/xn--schav-8ra.com\/?post_type=product&#038;p=1730"},"modified":"2024-11-27T14:19:36","modified_gmt":"2024-11-27T13:19:36","slug":"formule-edition","status":"publish","type":"product","link":"https:\/\/xn--schav-8ra.com\/index.php\/produit\/formule-edition\/","title":{"rendered":"Formule Edition et Publication"},"content":{"rendered":"<p>Vous souhaitez \u00eatre accompagn\u00e9 dans l&rsquo;\u00e9criture et la publication de votre livre?<\/p>\n<p>Choisissez notre formule \u00e9dition et publication, l&rsquo;accompagnement individuel qui vous permet de r\u00e9aliser votre r\u00eave de devenir auteur et de vendre votre livre.<\/p>\n<p>5 packs propos\u00e9s :<\/p>\n<p class=\"cvGsUA direction-ltr align-justify para-style-body\"><strong><span class=\"OYPEnA font-feature-liga-off font-feature-clig-off font-feature-calt-off text-decoration-none text-strikethrough-none\">Pack Silver\u00a0<\/span><\/strong><\/p>\n<ul>\n<li>Nous publions votre livre sur Amazon KDP : vous nous fournissez les fichiers du manuscrit et de la couverture au format PDF<\/li>\n<\/ul>\n<p>Pack Gold<\/p>\n<ul>\n<li>Nous publions votre livre sur Amazon KDP : vous nous fournissez les fichiers du manuscrit et de la couverture au format PDF.<\/li>\n<li>1 heure de coaching pour que vous appreniez \u00e0 publier vos prochains livres<\/li>\n<\/ul>\n<p class=\"cvGsUA direction-ltr align-justify para-style-body\"><strong><span class=\"OYPEnA font-feature-liga-off font-feature-clig-off font-feature-calt-off text-decoration-none text-strikethrough-none\">Pack Diams<\/span><\/strong><\/p>\n<ul>\n<li class=\"cvGsUA direction-ltr align-justify para-style-body\"><span class=\"OYPEnA font-feature-liga-off font-feature-clig-off font-feature-calt-off text-decoration-none text-strikethrough-none\">Relectures et corrections<\/span><\/li>\n<li class=\"cvGsUA direction-ltr align-justify para-style-body\"><span class=\"OYPEnA font-feature-liga-off font-feature-clig-off font-feature-calt-off text-decoration-none text-strikethrough-none\">Cr\u00e9ation de la couverture et de la maquette 3D par nos soins<\/span><\/li>\n<li class=\"cvGsUA direction-ltr align-justify para-style-body\"><span class=\"OYPEnA font-feature-liga-off font-feature-clig-off font-feature-calt-off text-decoration-none text-strikethrough-none\">Publication de votre livre \/ ebook par nos soins<\/span><\/li>\n<li class=\"cvGsUA direction-ltr align-justify para-style-body\"><span class=\"OYPEnA font-feature-liga-off font-feature-clig-off font-feature-calt-off text-decoration-none text-strikethrough-none\">Conseils pour la publicit\u00e9<\/span><\/li>\n<li class=\"cvGsUA direction-ltr align-justify para-style-body\"><span class=\"OYPEnA font-feature-liga-off font-feature-clig-off font-feature-calt-off text-decoration-none text-strikethrough-none\">Interview en live sur notre page instagram (facultatif)<\/span><\/li>\n<\/ul>\n<p class=\"cvGsUA direction-ltr align-justify para-style-body\"><strong><span class=\"OYPEnA font-feature-liga-off font-feature-clig-off font-feature-calt-off text-decoration-none text-strikethrough-none\">Pack Red Diams<\/span><\/strong><\/p>\n<ul>\n<li class=\"cvGsUA direction-ltr align-justify para-style-body\"><span class=\"OYPEnA font-feature-liga-off font-feature-clig-off font-feature-calt-off text-decoration-none text-strikethrough-none\">R\u00e9daction accompagn\u00e9e du plan au manuscrit complet (10 s\u00e9ances de coaching)<\/span><\/li>\n<li class=\"cvGsUA direction-ltr align-justify para-style-body\"><span class=\"OYPEnA font-feature-liga-off font-feature-clig-off font-feature-calt-off text-decoration-none text-strikethrough-none\">Relectures et corrections<\/span><\/li>\n<li class=\"cvGsUA direction-ltr align-justify para-style-body\"><span class=\"OYPEnA font-feature-liga-off font-feature-clig-off font-feature-calt-off text-decoration-none text-strikethrough-none\">Cr\u00e9ation de la couverture et de la maquette 3D par nos soins<\/span><\/li>\n<li class=\"cvGsUA direction-ltr align-justify para-style-body\"><span class=\"OYPEnA font-feature-liga-off font-feature-clig-off font-feature-calt-off text-decoration-none text-strikethrough-none\">Publication de votre livre \/ ebook par nos soins<\/span><\/li>\n<li class=\"cvGsUA direction-ltr align-justify para-style-body\"><span class=\"OYPEnA font-feature-liga-off font-feature-clig-off font-feature-calt-off text-decoration-none text-strikethrough-none\">Publicit\u00e9 de votre livre sur nos r\u00e9seaux sociaux et conseils de publicit\u00e9.<\/span><\/li>\n<li class=\"cvGsUA direction-ltr align-justify para-style-body\"><span class=\"OYPEnA font-feature-liga-off font-feature-clig-off font-feature-calt-off text-decoration-none text-strikethrough-none\">Interview en live sur notre page instagram (facultatif)<\/span><\/li>\n<\/ul>\n<p class=\"cvGsUA direction-ltr align-justify para-style-body\"><strong><span class=\"OYPEnA font-feature-liga-off font-feature-clig-off font-feature-calt-off text-decoration-none text-strikethrough-none\">Pack Blue Diams<\/span><\/strong><\/p>\n<ul>\n<li class=\"cvGsUA direction-ltr align-justify para-style-body\"><span class=\"OYPEnA font-feature-liga-off font-feature-clig-off font-feature-calt-off text-decoration-none text-strikethrough-none\">Ecriture fant\u00f4me : R\u00e9daction de votre livre par nos soins, \u00e0 partir d\u2019entretiens r\u00e9alis\u00e9s (10 \u00e0 20 rendez-vous)<\/span><\/li>\n<li class=\"cvGsUA direction-ltr align-justify para-style-body\"><span class=\"OYPEnA font-feature-liga-off font-feature-clig-off font-feature-calt-off text-decoration-none text-strikethrough-none\">Relectures et corrections<\/span><\/li>\n<li class=\"cvGsUA direction-ltr align-justify para-style-body\"><span class=\"OYPEnA font-feature-liga-off font-feature-clig-off font-feature-calt-off text-decoration-none text-strikethrough-none\">Cr\u00e9ation de la couverture et de la maquette 3D par nos soins<\/span><\/li>\n<li class=\"cvGsUA direction-ltr align-justify para-style-body\"><span class=\"OYPEnA font-feature-liga-off font-feature-clig-off font-feature-calt-off text-decoration-none text-strikethrough-none\">Publication de votre livre \/ ebook par nos soins<\/span><\/li>\n<li class=\"cvGsUA direction-ltr align-justify para-style-body\"><span class=\"OYPEnA font-feature-liga-off font-feature-clig-off font-feature-calt-off text-decoration-none text-strikethrough-none\">Publicit\u00e9 de votre livre sur nos r\u00e9seaux sociaux et conseils de publicit\u00e9.<\/span><\/li>\n<li class=\"cvGsUA direction-ltr align-justify para-style-body\"><span class=\"OYPEnA font-feature-liga-off font-feature-clig-off font-feature-calt-off text-decoration-none text-strikethrough-none\">Interview en live sur notre page instagram (facultatif)<\/span><\/li>\n<li class=\"cvGsUA direction-ltr align-justify para-style-body\"><span class=\"OYPEnA font-feature-liga-off font-feature-clig-off font-feature-calt-off text-decoration-none text-strikethrough-none\">Organisation d\u2019une s\u00e9ance de d\u00e9dicace (option suppl\u00e9mentaire)<\/span><\/li>\n<\/ul>\n","protected":false},"excerpt":{"rendered":"<p><img fetchpriority=\"high\" decoding=\"async\" class=\"alignnone size-medium wp-image-1286\" src=\"https:\/\/xn--schav-8ra.com\/wp-content\/uploads\/2024\/01\/5-300x227.png\" alt=\"\" width=\"300\" height=\"227\" srcset=\"https:\/\/xn--schav-8ra.com\/wp-content\/uploads\/2024\/01\/5-300x227.png 300w, https:\/\/xn--schav-8ra.com\/wp-content\/uploads\/2024\/01\/5-600x454.png 600w, https:\/\/xn--schav-8ra.com\/wp-content\/uploads\/2024\/01\/5-768x581.png 768w, https:\/\/xn--schav-8ra.com\/wp-content\/uploads\/2024\/01\/5.png 1015w\" sizes=\"(max-width: 300px) 100vw, 300px\" \/><\/p>\n","protected":false},"featured_media":1286,"comment_status":"open","ping_status":"closed","template":"","meta":{"_kadence_starter_templates_imported_post":false,"_kad_post_transparent":"default","_kad_post_title":"","_kad_post_layout":"default","_kad_post_sidebar_id":"","_kad_post_content_style":"default","_kad_post_vertical_padding":"default","_kad_post_feature":"","_kad_post_feature_position":"","_kad_post_header":false,"_kad_post_footer":false},"product_brand":[],"product_cat":[20],"product_tag":[],"class_list":{"0":"post-1730","1":"product","2":"type-product","3":"status-publish","4":"has-post-thumbnail","6":"product_cat-lives","8":"first","9":"instock","10":"shipping-taxable","11":"purchasable","12":"product-type-variable","13":"entry","14":"content-bg","15":"loop-entry"},"yoast_head":"<!-- This site is optimized with the Yoast SEO plugin v26.3 - https:\/\/yoast.com\/wordpress\/plugins\/seo\/ -->\n<title>Formule Edition et Publication - SCHAV\u00c8<\/title>\n<meta name=\"description\" content=\"Profitez d&#039;un accompagnement en \u00e9criture de votre livre et de sa publication en auto-\u00e9dition sur Amazon\" \/>\n<meta name=\"robots\" content=\"index, follow, max-snippet:-1, max-image-preview:large, max-video-preview:-1\" \/>\n<link rel=\"canonical\" href=\"https:\/\/xn--schav-8ra.com\/index.php\/produit\/formule-edition\/\" \/>\n<meta property=\"og:locale\" content=\"fr_FR\" \/>\n<meta property=\"og:type\" content=\"article\" \/>\n<meta property=\"og:title\" content=\"Formule Edition et Publication - SCHAV\u00c8\" \/>\n<meta property=\"og:description\" content=\"Profitez d&#039;un accompagnement en \u00e9criture de votre livre et de sa publication en auto-\u00e9dition sur Amazon\" \/>\n<meta property=\"og:url\" content=\"https:\/\/xn--schav-8ra.com\/index.php\/produit\/formule-edition\/\" \/>\n<meta property=\"og:site_name\" content=\"SCHAV\u00c8\" \/>\n<meta property=\"article:modified_time\" content=\"2024-11-27T13:19:36+00:00\" \/>\n<meta property=\"og:image\" content=\"https:\/\/xn--schav-8ra.com\/wp-content\/uploads\/2024\/01\/5.png\" \/>\n\t<meta property=\"og:image:width\" content=\"1015\" \/>\n\t<meta property=\"og:image:height\" content=\"768\" \/>\n\t<meta property=\"og:image:type\" content=\"image\/png\" \/>\n<meta name=\"twitter:card\" content=\"summary_large_image\" \/>\n<meta name=\"twitter:label1\" content=\"Dur\u00e9e de lecture estim\u00e9e\" \/>\n\t<meta name=\"twitter:data1\" content=\"2 minutes\" \/>\n<script type=\"application\/ld+json\" class=\"yoast-schema-graph\">{\"@context\":\"https:\/\/schema.org\",\"@graph\":[{\"@type\":\"WebPage\",\"@id\":\"https:\/\/xn--schav-8ra.com\/index.php\/produit\/formule-edition\/\",\"url\":\"https:\/\/xn--schav-8ra.com\/index.php\/produit\/formule-edition\/\",\"name\":\"Formule Edition et Publication - SCHAV\u00c8\",\"isPartOf\":{\"@id\":\"https:\/\/xn--schav-8ra.com\/#website\"},\"primaryImageOfPage\":{\"@id\":\"https:\/\/xn--schav-8ra.com\/index.php\/produit\/formule-edition\/#primaryimage\"},\"image\":{\"@id\":\"https:\/\/xn--schav-8ra.com\/index.php\/produit\/formule-edition\/#primaryimage\"},\"thumbnailUrl\":\"https:\/\/xn--schav-8ra.com\/wp-content\/uploads\/2024\/01\/5.png\",\"datePublished\":\"2024-08-22T12:07:01+00:00\",\"dateModified\":\"2024-11-27T13:19:36+00:00\",\"description\":\"Profitez d'un accompagnement en \u00e9criture de votre livre et de sa publication en auto-\u00e9dition sur Amazon\",\"breadcrumb\":{\"@id\":\"https:\/\/xn--schav-8ra.com\/index.php\/produit\/formule-edition\/#breadcrumb\"},\"inLanguage\":\"fr-FR\",\"potentialAction\":[{\"@type\":\"ReadAction\",\"target\":[\"https:\/\/xn--schav-8ra.com\/index.php\/produit\/formule-edition\/\"]}]},{\"@type\":\"ImageObject\",\"inLanguage\":\"fr-FR\",\"@id\":\"https:\/\/xn--schav-8ra.com\/index.php\/produit\/formule-edition\/#primaryimage\",\"url\":\"https:\/\/xn--schav-8ra.com\/wp-content\/uploads\/2024\/01\/5.png\",\"contentUrl\":\"https:\/\/xn--schav-8ra.com\/wp-content\/uploads\/2024\/01\/5.png\",\"width\":1015,\"height\":768},{\"@type\":\"BreadcrumbList\",\"@id\":\"https:\/\/xn--schav-8ra.com\/index.php\/produit\/formule-edition\/#breadcrumb\",\"itemListElement\":[{\"@type\":\"ListItem\",\"position\":1,\"name\":\"Accueil\",\"item\":\"https:\/\/xn--schav-8ra.com\/\"},{\"@type\":\"ListItem\",\"position\":2,\"name\":\"Boutique\",\"item\":\"https:\/\/xn--schav-8ra.com\/index.php\/boutique\/\"},{\"@type\":\"ListItem\",\"position\":3,\"name\":\"Formule Edition et Publication\"}]},{\"@type\":\"WebSite\",\"@id\":\"https:\/\/xn--schav-8ra.com\/#website\",\"url\":\"https:\/\/xn--schav-8ra.com\/\",\"name\":\"SCHAV\u00c8\",\"description\":\"La Vall\u00e9e des Rois et des Reines\",\"publisher\":{\"@id\":\"https:\/\/xn--schav-8ra.com\/#organization\"},\"potentialAction\":[{\"@type\":\"SearchAction\",\"target\":{\"@type\":\"EntryPoint\",\"urlTemplate\":\"https:\/\/xn--schav-8ra.com\/?s={search_term_string}\"},\"query-input\":{\"@type\":\"PropertyValueSpecification\",\"valueRequired\":true,\"valueName\":\"search_term_string\"}}],\"inLanguage\":\"fr-FR\"},{\"@type\":\"Organization\",\"@id\":\"https:\/\/xn--schav-8ra.com\/#organization\",\"name\":\"SCHAV\u00c8\",\"url\":\"https:\/\/xn--schav-8ra.com\/\",\"logo\":{\"@type\":\"ImageObject\",\"inLanguage\":\"fr-FR\",\"@id\":\"https:\/\/xn--schav-8ra.com\/#\/schema\/logo\/image\/\",\"url\":\"https:\/\/xn--schav-8ra.com\/wp-content\/uploads\/2024\/01\/cropped-png_20230413_140706_0000.png\",\"contentUrl\":\"https:\/\/xn--schav-8ra.com\/wp-content\/uploads\/2024\/01\/cropped-png_20230413_140706_0000.png\",\"width\":4000,\"height\":4000,\"caption\":\"SCHAV\u00c8\"},\"image\":{\"@id\":\"https:\/\/xn--schav-8ra.com\/#\/schema\/logo\/image\/\"}}]}<\/script>\n<!-- \/ Yoast SEO plugin. -->","yoast_head_json":{"title":"Formule Edition et Publication - SCHAV\u00c8","description":"Profitez d'un accompagnement en \u00e9criture de votre livre et de sa publication en auto-\u00e9dition sur Amazon","robots":{"index":"index","follow":"follow","max-snippet":"max-snippet:-1","max-image-preview":"max-image-preview:large","max-video-preview":"max-video-preview:-1"},"canonical":"https:\/\/xn--schav-8ra.com\/index.php\/produit\/formule-edition\/","og_locale":"fr_FR","og_type":"article","og_title":"Formule Edition et Publication - SCHAV\u00c8","og_description":"Profitez d'un accompagnement en \u00e9criture de votre livre et de sa publication en auto-\u00e9dition sur Amazon","og_url":"https:\/\/xn--schav-8ra.com\/index.php\/produit\/formule-edition\/","og_site_name":"SCHAV\u00c8","article_modified_time":"2024-11-27T13:19:36+00:00","og_image":[{"width":1015,"height":768,"url":"https:\/\/xn--schav-8ra.com\/wp-content\/uploads\/2024\/01\/5.png","type":"image\/png"}],"twitter_card":"summary_large_image","twitter_misc":{"Dur\u00e9e de lecture estim\u00e9e":"2 minutes"},"schema":{"@context":"https:\/\/schema.org","@graph":[{"@type":"WebPage","@id":"https:\/\/xn--schav-8ra.com\/index.php\/produit\/formule-edition\/","url":"https:\/\/xn--schav-8ra.com\/index.php\/produit\/formule-edition\/","name":"Formule Edition et Publication - SCHAV\u00c8","isPartOf":{"@id":"https:\/\/xn--schav-8ra.com\/#website"},"primaryImageOfPage":{"@id":"https:\/\/xn--schav-8ra.com\/index.php\/produit\/formule-edition\/#primaryimage"},"image":{"@id":"https:\/\/xn--schav-8ra.com\/index.php\/produit\/formule-edition\/#primaryimage"},"thumbnailUrl":"https:\/\/xn--schav-8ra.com\/wp-content\/uploads\/2024\/01\/5.png","datePublished":"2024-08-22T12:07:01+00:00","dateModified":"2024-11-27T13:19:36+00:00","description":"Profitez d'un accompagnement en \u00e9criture de votre livre et de sa publication en auto-\u00e9dition sur Amazon","breadcrumb":{"@id":"https:\/\/xn--schav-8ra.com\/index.php\/produit\/formule-edition\/#breadcrumb"},"inLanguage":"fr-FR","potentialAction":[{"@type":"ReadAction","target":["https:\/\/xn--schav-8ra.com\/index.php\/produit\/formule-edition\/"]}]},{"@type":"ImageObject","inLanguage":"fr-FR","@id":"https:\/\/xn--schav-8ra.com\/index.php\/produit\/formule-edition\/#primaryimage","url":"https:\/\/xn--schav-8ra.com\/wp-content\/uploads\/2024\/01\/5.png","contentUrl":"https:\/\/xn--schav-8ra.com\/wp-content\/uploads\/2024\/01\/5.png","width":1015,"height":768},{"@type":"BreadcrumbList","@id":"https:\/\/xn--schav-8ra.com\/index.php\/produit\/formule-edition\/#breadcrumb","itemListElement":[{"@type":"ListItem","position":1,"name":"Accueil","item":"https:\/\/xn--schav-8ra.com\/"},{"@type":"ListItem","position":2,"name":"Boutique","item":"https:\/\/xn--schav-8ra.com\/index.php\/boutique\/"},{"@type":"ListItem","position":3,"name":"Formule Edition et Publication"}]},{"@type":"WebSite","@id":"https:\/\/xn--schav-8ra.com\/#website","url":"https:\/\/xn--schav-8ra.com\/","name":"SCHAV\u00c8","description":"La Vall\u00e9e des Rois et des Reines","publisher":{"@id":"https:\/\/xn--schav-8ra.com\/#organization"},"potentialAction":[{"@type":"SearchAction","target":{"@type":"EntryPoint","urlTemplate":"https:\/\/xn--schav-8ra.com\/?s={search_term_string}"},"query-input":{"@type":"PropertyValueSpecification","valueRequired":true,"valueName":"search_term_string"}}],"inLanguage":"fr-FR"},{"@type":"Organization","@id":"https:\/\/xn--schav-8ra.com\/#organization","name":"SCHAV\u00c8","url":"https:\/\/xn--schav-8ra.com\/","logo":{"@type":"ImageObject","inLanguage":"fr-FR","@id":"https:\/\/xn--schav-8ra.com\/#\/schema\/logo\/image\/","url":"https:\/\/xn--schav-8ra.com\/wp-content\/uploads\/2024\/01\/cropped-png_20230413_140706_0000.png","contentUrl":"https:\/\/xn--schav-8ra.com\/wp-content\/uploads\/2024\/01\/cropped-png_20230413_140706_0000.png","width":4000,"height":4000,"caption":"SCHAV\u00c8"},"image":{"@id":"https:\/\/xn--schav-8ra.com\/#\/schema\/logo\/image\/"}}]}},"_links":{"self":[{"href":"https:\/\/xn--schav-8ra.com\/index.php\/wp-json\/wp\/v2\/product\/1730","targetHints":{"allow":["GET"]}}],"collection":[{"href":"https:\/\/xn--schav-8ra.com\/index.php\/wp-json\/wp\/v2\/product"}],"about":[{"href":"https:\/\/xn--schav-8ra.com\/index.php\/wp-json\/wp\/v2\/types\/product"}],"replies":[{"embeddable":true,"href":"https:\/\/xn--schav-8ra.com\/index.php\/wp-json\/wp\/v2\/comments?post=1730"}],"wp:featuredmedia":[{"embeddable":true,"href":"https:\/\/xn--schav-8ra.com\/index.php\/wp-json\/wp\/v2\/media\/1286"}],"wp:attachment":[{"href":"https:\/\/xn--schav-8ra.com\/index.php\/wp-json\/wp\/v2\/media?parent=1730"}],"wp:term":[{"taxonomy":"product_brand","embeddable":true,"href":"https:\/\/xn--schav-8ra.com\/index.php\/wp-json\/wp\/v2\/product_brand?post=1730"},{"taxonomy":"product_cat","embeddable":true,"href":"https:\/\/xn--schav-8ra.com\/index.php\/wp-json\/wp\/v2\/product_cat?post=1730"},{"taxonomy":"product_tag","embeddable":true,"href":"https:\/\/xn--schav-8ra.com\/index.php\/wp-json\/wp\/v2\/product_tag?post=1730"}],"curies":[{"name":"wp","href":"https:\/\/api.w.org\/{rel}","templated":true}]}}