{"id":1769,"date":"2024-11-14T16:28:18","date_gmt":"2024-11-14T15:28:18","guid":{"rendered":"https:\/\/xn--schav-8ra.com\/?post_type=product&#038;p=1769"},"modified":"2024-12-11T00:01:41","modified_gmt":"2024-12-10T23:01:41","slug":"ateliers-decriture-acceleree-ecrivez-et-terminez-votre-livre-en-1-mois","status":"publish","type":"product","link":"https:\/\/xn--schav-8ra.com\/index.php\/produit\/ateliers-decriture-acceleree-ecrivez-et-terminez-votre-livre-en-1-mois\/","title":{"rendered":"Ateliers d&rsquo;\u00e9criture acc\u00e9l\u00e9r\u00e9e &#8211; \u00c9crivez et Terminez Votre Livre en 1 mois"},"content":{"rendered":"<p>Vous avez toujours r\u00eav\u00e9 d&rsquo;\u00e9crire un livre, mais le manque de temps ou de m\u00e9thode vous freine ? Les Ateliers d&rsquo;\u00c9criture Acc\u00e9l\u00e9r\u00e9e sont con\u00e7us pour vous aider \u00e0 concr\u00e9tiser ce r\u00eave en 5 semaines. Gr\u00e2ce \u00e0 un accompagnement innovant, incluant l&rsquo;intelligence artificielle et des techniques d&rsquo;\u00e9criture guid\u00e9e, vous d\u00e9veloppez un contenu riche et personnalis\u00e9 en peu de temps.<\/p>\n<h3><strong>Programme des Ateliers :<\/strong><\/h3>\n<ul>\n<li class=\"cvGsUA direction-ltr align-justify para-style-body\"><span class=\"OYPEnA font-feature-liga-off font-feature-clig-off font-feature-calt-off text-decoration-none text-strikethrough-none\"><strong>Atelier 1 : Poser les fondations de votre livre<\/strong> : <\/span>\u00a0D\u00e9finir le th\u00e8me, l\u2019audience, et le message personnel du livre.<\/li>\n<li class=\"cvGsUA direction-ltr align-justify para-style-body\"><span class=\"OYPEnA font-feature-liga-off font-feature-clig-off font-feature-calt-off text-decoration-none text-strikethrough-none\"><strong>Atelier 2 : Structurer votre livre avec authenticit\u00e9<\/strong> : Concevoir une structure de contenu qui refl\u00e8te l\u2019unicit\u00e9 du message.<\/span><\/li>\n<li class=\"cvGsUA direction-ltr align-justify para-style-body\"><span class=\"OYPEnA font-feature-liga-off font-feature-clig-off font-feature-calt-off text-decoration-none text-strikethrough-none\"><strong>Atelier 3 : Ecrire avec l\u2019IA en conservant votre voix personnelle<\/strong> : Utiliser l\u2019IA pour produire du contenu sans perdre son style unique. <\/span><\/li>\n<li class=\"cvGsUA direction-ltr align-justify para-style-body\"><span class=\"OYPEnA font-feature-liga-off font-feature-clig-off font-feature-calt-off text-decoration-none text-strikethrough-none\"><strong>Atelier 4 : Etoffer et Affiner le manuscrit<\/strong> : Enrichir le contenu pour une lecture engageante et coh\u00e9rente. <\/span><\/li>\n<li class=\"cvGsUA direction-ltr align-justify para-style-body\"><span class=\"OYPEnA font-feature-liga-off font-feature-clig-off font-feature-calt-off text-decoration-none text-strikethrough-none\"><strong>Atelier 5 : Pr\u00e9parer la publication et la publicit\u00e9<\/strong> : Finaliser la mise en forme et concevoir un plan de promotion<\/span><\/li>\n<\/ul>\n<h3>Avantages des Ateliers d&rsquo;\u00c9criture Acc\u00e9l\u00e9r\u00e9e :<\/h3>\n<ul>\n<li><strong>Acc\u00e8s au Groupe WhatsApp<\/strong> : B\u00e9n\u00e9ficiez d&rsquo;une communaut\u00e9 de soutien pour partager vos progr\u00e8s, poser vos questions et \u00e9changer des conseils.<\/li>\n<li><strong>Replays disponibles<\/strong> : Ne ratez rien ! Acc\u00e9dez aux replays des ateliers pour revoir chaque s\u00e9ance \u00e0 votre rythme.<\/li>\n<li><strong>Ateliers pratiques et guid\u00e9s<\/strong> : Des \u00e9tapes claires pour d\u00e9finir le th\u00e8me, le message, l&rsquo;audience et la structure de votre livre.<\/li>\n<li><strong>Utilisation de l&rsquo;IA pour optimiser votre \u00e9criture<\/strong> : Apprenez \u00e0 collaborer avec l&rsquo;intelligence artificielle tout en gardant votre style unique.<\/li>\n<\/ul>\n<p>Ces ateliers s&rsquo;adressent \u00e0 tous les auteurs en herbe et \u00e9crivains exp\u00e9riment\u00e9s souhaitant acc\u00e9l\u00e9rer leur processus cr\u00e9atif. Inscrivez-vous d\u00e8s maintenant pour donner vie \u00e0 votre livre et partagez votre message avec le monde !<\/p>\n","protected":false},"excerpt":{"rendered":"<p>Ecrivez votre livre et terminez-le en 5 semaines.<\/p>\n","protected":false},"featured_media":1772,"comment_status":"open","ping_status":"closed","template":"","meta":{"_kadence_starter_templates_imported_post":false,"_kad_post_transparent":"default","_kad_post_title":"","_kad_post_layout":"default","_kad_post_sidebar_id":"","_kad_post_content_style":"default","_kad_post_vertical_padding":"default","_kad_post_feature":"","_kad_post_feature_position":"","_kad_post_header":false,"_kad_post_footer":false},"product_brand":[],"product_cat":[20],"product_tag":[],"class_list":{"0":"post-1769","1":"product","2":"type-product","3":"status-publish","4":"has-post-thumbnail","6":"product_cat-lives","8":"first","9":"instock","10":"shipping-taxable","11":"purchasable","12":"product-type-variable","13":"entry","14":"content-bg","15":"loop-entry"},"yoast_head":"<!-- This site is optimized with the Yoast SEO plugin v26.3 - https:\/\/yoast.com\/wordpress\/plugins\/seo\/ -->\n<title>Ateliers d&#039;\u00e9criture acc\u00e9l\u00e9r\u00e9e - \u00c9crivez et Terminez Votre Livre en 1 mois - SCHAV\u00c8<\/title>\n<meta name=\"description\" content=\"Participez aux ateliers d&#039;\u00e9criture acc\u00e9l\u00e9r\u00e9e pour transformer vos id\u00e9es en un livre unique et publi\u00e9 en un temps record !\" \/>\n<meta name=\"robots\" content=\"index, follow, max-snippet:-1, max-image-preview:large, max-video-preview:-1\" \/>\n<link rel=\"canonical\" href=\"https:\/\/xn--schav-8ra.com\/index.php\/produit\/ateliers-decriture-acceleree-ecrivez-et-terminez-votre-livre-en-1-mois\/\" \/>\n<meta property=\"og:locale\" content=\"fr_FR\" \/>\n<meta property=\"og:type\" content=\"article\" \/>\n<meta property=\"og:title\" content=\"Ateliers d&#039;\u00e9criture acc\u00e9l\u00e9r\u00e9e - \u00c9crivez et Terminez Votre Livre en 1 mois - SCHAV\u00c8\" \/>\n<meta property=\"og:description\" content=\"Participez aux ateliers d&#039;\u00e9criture acc\u00e9l\u00e9r\u00e9e pour transformer vos id\u00e9es en un livre unique et publi\u00e9 en un temps record !\" \/>\n<meta property=\"og:url\" content=\"https:\/\/xn--schav-8ra.com\/index.php\/produit\/ateliers-decriture-acceleree-ecrivez-et-terminez-votre-livre-en-1-mois\/\" \/>\n<meta property=\"og:site_name\" content=\"SCHAV\u00c8\" \/>\n<meta property=\"article:modified_time\" content=\"2024-12-10T23:01:41+00:00\" \/>\n<meta property=\"og:image\" content=\"https:\/\/xn--schav-8ra.com\/wp-content\/uploads\/2024\/11\/WhatsApp-Image-2024-11-14-at-15.54.31.jpeg\" \/>\n\t<meta property=\"og:image:width\" content=\"1080\" \/>\n\t<meta property=\"og:image:height\" content=\"1080\" \/>\n\t<meta property=\"og:image:type\" content=\"image\/jpeg\" \/>\n<meta name=\"twitter:card\" content=\"summary_large_image\" \/>\n<meta name=\"twitter:label1\" content=\"Dur\u00e9e de lecture estim\u00e9e\" \/>\n\t<meta name=\"twitter:data1\" content=\"2 minutes\" \/>\n<script type=\"application\/ld+json\" class=\"yoast-schema-graph\">{\"@context\":\"https:\/\/schema.org\",\"@graph\":[{\"@type\":\"WebPage\",\"@id\":\"https:\/\/xn--schav-8ra.com\/index.php\/produit\/ateliers-decriture-acceleree-ecrivez-et-terminez-votre-livre-en-1-mois\/\",\"url\":\"https:\/\/xn--schav-8ra.com\/index.php\/produit\/ateliers-decriture-acceleree-ecrivez-et-terminez-votre-livre-en-1-mois\/\",\"name\":\"Ateliers d'\u00e9criture acc\u00e9l\u00e9r\u00e9e - \u00c9crivez et Terminez Votre Livre en 1 mois - SCHAV\u00c8\",\"isPartOf\":{\"@id\":\"https:\/\/xn--schav-8ra.com\/#website\"},\"primaryImageOfPage\":{\"@id\":\"https:\/\/xn--schav-8ra.com\/index.php\/produit\/ateliers-decriture-acceleree-ecrivez-et-terminez-votre-livre-en-1-mois\/#primaryimage\"},\"image\":{\"@id\":\"https:\/\/xn--schav-8ra.com\/index.php\/produit\/ateliers-decriture-acceleree-ecrivez-et-terminez-votre-livre-en-1-mois\/#primaryimage\"},\"thumbnailUrl\":\"https:\/\/xn--schav-8ra.com\/wp-content\/uploads\/2024\/11\/WhatsApp-Image-2024-11-14-at-15.54.31.jpeg\",\"datePublished\":\"2024-11-14T15:28:18+00:00\",\"dateModified\":\"2024-12-10T23:01:41+00:00\",\"description\":\"Participez aux ateliers d'\u00e9criture acc\u00e9l\u00e9r\u00e9e pour transformer vos id\u00e9es en un livre unique et publi\u00e9 en un temps record !\",\"breadcrumb\":{\"@id\":\"https:\/\/xn--schav-8ra.com\/index.php\/produit\/ateliers-decriture-acceleree-ecrivez-et-terminez-votre-livre-en-1-mois\/#breadcrumb\"},\"inLanguage\":\"fr-FR\",\"potentialAction\":[{\"@type\":\"ReadAction\",\"target\":[\"https:\/\/xn--schav-8ra.com\/index.php\/produit\/ateliers-decriture-acceleree-ecrivez-et-terminez-votre-livre-en-1-mois\/\"]}]},{\"@type\":\"ImageObject\",\"inLanguage\":\"fr-FR\",\"@id\":\"https:\/\/xn--schav-8ra.com\/index.php\/produit\/ateliers-decriture-acceleree-ecrivez-et-terminez-votre-livre-en-1-mois\/#primaryimage\",\"url\":\"https:\/\/xn--schav-8ra.com\/wp-content\/uploads\/2024\/11\/WhatsApp-Image-2024-11-14-at-15.54.31.jpeg\",\"contentUrl\":\"https:\/\/xn--schav-8ra.com\/wp-content\/uploads\/2024\/11\/WhatsApp-Image-2024-11-14-at-15.54.31.jpeg\",\"width\":1080,\"height\":1080},{\"@type\":\"BreadcrumbList\",\"@id\":\"https:\/\/xn--schav-8ra.com\/index.php\/produit\/ateliers-decriture-acceleree-ecrivez-et-terminez-votre-livre-en-1-mois\/#breadcrumb\",\"itemListElement\":[{\"@type\":\"ListItem\",\"position\":1,\"name\":\"Accueil\",\"item\":\"https:\/\/xn--schav-8ra.com\/\"},{\"@type\":\"ListItem\",\"position\":2,\"name\":\"Boutique\",\"item\":\"https:\/\/xn--schav-8ra.com\/index.php\/boutique\/\"},{\"@type\":\"ListItem\",\"position\":3,\"name\":\"Ateliers d&#8217;\u00e9criture acc\u00e9l\u00e9r\u00e9e &#8211; \u00c9crivez et Terminez Votre Livre en 1 mois\"}]},{\"@type\":\"WebSite\",\"@id\":\"https:\/\/xn--schav-8ra.com\/#website\",\"url\":\"https:\/\/xn--schav-8ra.com\/\",\"name\":\"SCHAV\u00c8\",\"description\":\"La Vall\u00e9e des Rois et des Reines\",\"publisher\":{\"@id\":\"https:\/\/xn--schav-8ra.com\/#organization\"},\"potentialAction\":[{\"@type\":\"SearchAction\",\"target\":{\"@type\":\"EntryPoint\",\"urlTemplate\":\"https:\/\/xn--schav-8ra.com\/?s={search_term_string}\"},\"query-input\":{\"@type\":\"PropertyValueSpecification\",\"valueRequired\":true,\"valueName\":\"search_term_string\"}}],\"inLanguage\":\"fr-FR\"},{\"@type\":\"Organization\",\"@id\":\"https:\/\/xn--schav-8ra.com\/#organization\",\"name\":\"SCHAV\u00c8\",\"url\":\"https:\/\/xn--schav-8ra.com\/\",\"logo\":{\"@type\":\"ImageObject\",\"inLanguage\":\"fr-FR\",\"@id\":\"https:\/\/xn--schav-8ra.com\/#\/schema\/logo\/image\/\",\"url\":\"https:\/\/xn--schav-8ra.com\/wp-content\/uploads\/2024\/01\/cropped-png_20230413_140706_0000.png\",\"contentUrl\":\"https:\/\/xn--schav-8ra.com\/wp-content\/uploads\/2024\/01\/cropped-png_20230413_140706_0000.png\",\"width\":4000,\"height\":4000,\"caption\":\"SCHAV\u00c8\"},\"image\":{\"@id\":\"https:\/\/xn--schav-8ra.com\/#\/schema\/logo\/image\/\"}}]}<\/script>\n<!-- \/ Yoast SEO plugin. -->","yoast_head_json":{"title":"Ateliers d'\u00e9criture acc\u00e9l\u00e9r\u00e9e - \u00c9crivez et Terminez Votre Livre en 1 mois - SCHAV\u00c8","description":"Participez aux ateliers d'\u00e9criture acc\u00e9l\u00e9r\u00e9e pour transformer vos id\u00e9es en un livre unique et publi\u00e9 en un temps record !","robots":{"index":"index","follow":"follow","max-snippet":"max-snippet:-1","max-image-preview":"max-image-preview:large","max-video-preview":"max-video-preview:-1"},"canonical":"https:\/\/xn--schav-8ra.com\/index.php\/produit\/ateliers-decriture-acceleree-ecrivez-et-terminez-votre-livre-en-1-mois\/","og_locale":"fr_FR","og_type":"article","og_title":"Ateliers d'\u00e9criture acc\u00e9l\u00e9r\u00e9e - \u00c9crivez et Terminez Votre Livre en 1 mois - SCHAV\u00c8","og_description":"Participez aux ateliers d'\u00e9criture acc\u00e9l\u00e9r\u00e9e pour transformer vos id\u00e9es en un livre unique et publi\u00e9 en un temps record !","og_url":"https:\/\/xn--schav-8ra.com\/index.php\/produit\/ateliers-decriture-acceleree-ecrivez-et-terminez-votre-livre-en-1-mois\/","og_site_name":"SCHAV\u00c8","article_modified_time":"2024-12-10T23:01:41+00:00","og_image":[{"width":1080,"height":1080,"url":"https:\/\/xn--schav-8ra.com\/wp-content\/uploads\/2024\/11\/WhatsApp-Image-2024-11-14-at-15.54.31.jpeg","type":"image\/jpeg"}],"twitter_card":"summary_large_image","twitter_misc":{"Dur\u00e9e de lecture estim\u00e9e":"2 minutes"},"schema":{"@context":"https:\/\/schema.org","@graph":[{"@type":"WebPage","@id":"https:\/\/xn--schav-8ra.com\/index.php\/produit\/ateliers-decriture-acceleree-ecrivez-et-terminez-votre-livre-en-1-mois\/","url":"https:\/\/xn--schav-8ra.com\/index.php\/produit\/ateliers-decriture-acceleree-ecrivez-et-terminez-votre-livre-en-1-mois\/","name":"Ateliers d'\u00e9criture acc\u00e9l\u00e9r\u00e9e - \u00c9crivez et Terminez Votre Livre en 1 mois - SCHAV\u00c8","isPartOf":{"@id":"https:\/\/xn--schav-8ra.com\/#website"},"primaryImageOfPage":{"@id":"https:\/\/xn--schav-8ra.com\/index.php\/produit\/ateliers-decriture-acceleree-ecrivez-et-terminez-votre-livre-en-1-mois\/#primaryimage"},"image":{"@id":"https:\/\/xn--schav-8ra.com\/index.php\/produit\/ateliers-decriture-acceleree-ecrivez-et-terminez-votre-livre-en-1-mois\/#primaryimage"},"thumbnailUrl":"https:\/\/xn--schav-8ra.com\/wp-content\/uploads\/2024\/11\/WhatsApp-Image-2024-11-14-at-15.54.31.jpeg","datePublished":"2024-11-14T15:28:18+00:00","dateModified":"2024-12-10T23:01:41+00:00","description":"Participez aux ateliers d'\u00e9criture acc\u00e9l\u00e9r\u00e9e pour transformer vos id\u00e9es en un livre unique et publi\u00e9 en un temps record !","breadcrumb":{"@id":"https:\/\/xn--schav-8ra.com\/index.php\/produit\/ateliers-decriture-acceleree-ecrivez-et-terminez-votre-livre-en-1-mois\/#breadcrumb"},"inLanguage":"fr-FR","potentialAction":[{"@type":"ReadAction","target":["https:\/\/xn--schav-8ra.com\/index.php\/produit\/ateliers-decriture-acceleree-ecrivez-et-terminez-votre-livre-en-1-mois\/"]}]},{"@type":"ImageObject","inLanguage":"fr-FR","@id":"https:\/\/xn--schav-8ra.com\/index.php\/produit\/ateliers-decriture-acceleree-ecrivez-et-terminez-votre-livre-en-1-mois\/#primaryimage","url":"https:\/\/xn--schav-8ra.com\/wp-content\/uploads\/2024\/11\/WhatsApp-Image-2024-11-14-at-15.54.31.jpeg","contentUrl":"https:\/\/xn--schav-8ra.com\/wp-content\/uploads\/2024\/11\/WhatsApp-Image-2024-11-14-at-15.54.31.jpeg","width":1080,"height":1080},{"@type":"BreadcrumbList","@id":"https:\/\/xn--schav-8ra.com\/index.php\/produit\/ateliers-decriture-acceleree-ecrivez-et-terminez-votre-livre-en-1-mois\/#breadcrumb","itemListElement":[{"@type":"ListItem","position":1,"name":"Accueil","item":"https:\/\/xn--schav-8ra.com\/"},{"@type":"ListItem","position":2,"name":"Boutique","item":"https:\/\/xn--schav-8ra.com\/index.php\/boutique\/"},{"@type":"ListItem","position":3,"name":"Ateliers d&#8217;\u00e9criture acc\u00e9l\u00e9r\u00e9e &#8211; \u00c9crivez et Terminez Votre Livre en 1 mois"}]},{"@type":"WebSite","@id":"https:\/\/xn--schav-8ra.com\/#website","url":"https:\/\/xn--schav-8ra.com\/","name":"SCHAV\u00c8","description":"La Vall\u00e9e des Rois et des Reines","publisher":{"@id":"https:\/\/xn--schav-8ra.com\/#organization"},"potentialAction":[{"@type":"SearchAction","target":{"@type":"EntryPoint","urlTemplate":"https:\/\/xn--schav-8ra.com\/?s={search_term_string}"},"query-input":{"@type":"PropertyValueSpecification","valueRequired":true,"valueName":"search_term_string"}}],"inLanguage":"fr-FR"},{"@type":"Organization","@id":"https:\/\/xn--schav-8ra.com\/#organization","name":"SCHAV\u00c8","url":"https:\/\/xn--schav-8ra.com\/","logo":{"@type":"ImageObject","inLanguage":"fr-FR","@id":"https:\/\/xn--schav-8ra.com\/#\/schema\/logo\/image\/","url":"https:\/\/xn--schav-8ra.com\/wp-content\/uploads\/2024\/01\/cropped-png_20230413_140706_0000.png","contentUrl":"https:\/\/xn--schav-8ra.com\/wp-content\/uploads\/2024\/01\/cropped-png_20230413_140706_0000.png","width":4000,"height":4000,"caption":"SCHAV\u00c8"},"image":{"@id":"https:\/\/xn--schav-8ra.com\/#\/schema\/logo\/image\/"}}]}},"_links":{"self":[{"href":"https:\/\/xn--schav-8ra.com\/index.php\/wp-json\/wp\/v2\/product\/1769","targetHints":{"allow":["GET"]}}],"collection":[{"href":"https:\/\/xn--schav-8ra.com\/index.php\/wp-json\/wp\/v2\/product"}],"about":[{"href":"https:\/\/xn--schav-8ra.com\/index.php\/wp-json\/wp\/v2\/types\/product"}],"replies":[{"embeddable":true,"href":"https:\/\/xn--schav-8ra.com\/index.php\/wp-json\/wp\/v2\/comments?post=1769"}],"wp:featuredmedia":[{"embeddable":true,"href":"https:\/\/xn--schav-8ra.com\/index.php\/wp-json\/wp\/v2\/media\/1772"}],"wp:attachment":[{"href":"https:\/\/xn--schav-8ra.com\/index.php\/wp-json\/wp\/v2\/media?parent=1769"}],"wp:term":[{"taxonomy":"product_brand","embeddable":true,"href":"https:\/\/xn--schav-8ra.com\/index.php\/wp-json\/wp\/v2\/product_brand?post=1769"},{"taxonomy":"product_cat","embeddable":true,"href":"https:\/\/xn--schav-8ra.com\/index.php\/wp-json\/wp\/v2\/product_cat?post=1769"},{"taxonomy":"product_tag","embeddable":true,"href":"https:\/\/xn--schav-8ra.com\/index.php\/wp-json\/wp\/v2\/product_tag?post=1769"}],"curies":[{"name":"wp","href":"https:\/\/api.w.org\/{rel}","templated":true}]}}