{"id":1789,"date":"2024-12-11T16:33:06","date_gmt":"2024-12-11T15:33:06","guid":{"rendered":"https:\/\/xn--schav-8ra.com\/?post_type=product&#038;p=1789"},"modified":"2024-12-12T05:59:00","modified_gmt":"2024-12-12T04:59:00","slug":"kit-business","status":"publish","type":"product","link":"https:\/\/xn--schav-8ra.com\/index.php\/produit\/kit-business\/","title":{"rendered":"KIT BUSINESS"},"content":{"rendered":"<div class=\"flex-1 overflow-hidden @container\/thread\">\n<div class=\"h-full\">\n<div class=\"react-scroll-to-bottom--css-fsntw-79elbk h-full\">\n<div class=\"react-scroll-to-bottom--css-fsntw-1n7m0yu\">\n<div class=\"flex flex-col text-sm md:pb-9\">\n<article class=\"w-full scroll-mb-[var(--thread-trailing-height,150px)] text-token-text-primary focus-visible:outline-2 focus-visible:outline-offset-[-4px]\" dir=\"auto\" data-testid=\"conversation-turn-19\" data-scroll-anchor=\"true\">\n<div class=\"m-auto text-base py-[18px] px-3 md:px-4 w-full md:px-5 lg:px-4 xl:px-5\">\n<div class=\"mx-auto flex flex-1 gap-4 text-base md:gap-5 lg:gap-6 md:max-w-3xl lg:max-w-[40rem] xl:max-w-[48rem]\">\n<div class=\"group\/conversation-turn relative flex w-full min-w-0 flex-col agent-turn\">\n<div class=\"flex-col gap-1 md:gap-3\">\n<div class=\"flex max-w-full flex-col flex-grow\">\n<div class=\"min-h-8 text-message flex w-full flex-col items-end gap-2 whitespace-normal break-words text-start [.text-message+&amp;]:mt-5\" dir=\"auto\" data-message-author-role=\"assistant\" data-message-id=\"9be86255-45d3-45a5-87d5-e3fbc957140d\" data-message-model-slug=\"gpt-4o\">\n<div class=\"flex w-full flex-col gap-1 empty:hidden first:pt-[3px]\">\n<div class=\"markdown prose w-full break-words dark:prose-invert light\">\n<p>Vous voulez lancer ou d\u00e9velopper votre entreprise, mais vous ne savez pas par o\u00f9 commencer. Vous manquez d&rsquo;outils concrets et pratiques pour structurer vos id\u00e9es, g\u00e9rer vos r\u00e9seaux sociaux, ou m\u00eame utiliser des technologies comme ChatGPT pour booster votre activit\u00e9.<\/p>\n<p>Le <strong>KIT BUSINESS<\/strong> est votre alli\u00e9 strat\u00e9gique ! Ce kit vous offre tous les outils essentiels pour structurer, d\u00e9velopper et automatiser votre activit\u00e9 de mani\u00e8re efficace et sans vous ruiner. Con\u00e7u pour les entrepreneurs modernes, ce kit vous permet de gagner du temps, d&rsquo;\u00e9viter les erreurs co\u00fbteuses et de passer \u00e0 l&rsquo;action imm\u00e9diatement.<\/p>\n<p>T\u00e9l\u00e9chargez, personnalisez et exploitez 7 ressources exclusives qui vous accompagneront dans toutes les \u00e9tapes de votre entreprise.<\/p>\n<h3><strong>Contenu du KIT BUSINESS<\/strong><\/h3>\n<p>1\ufe0f\u20e3 <strong>E-book : Comment d\u00e9velopper son business sans se ruiner ?<\/strong><br \/>\n\ud83d\udc49 Un guide complet et concret qui vous d\u00e9voile des astuces et des strat\u00e9gies \u00e9prouv\u00e9es pour faire cro\u00eetre votre activit\u00e9 sans exploser votre budget.<\/p>\n<p>2\ufe0f\u20e3 <strong>127 posts Instagram pr\u00eats \u00e0 l&#8217;emploi<\/strong><br \/>\n\ud83d\udc49 Attirez l&rsquo;attention de votre audience et boostez votre visibilit\u00e9 avec des publications pr\u00eates \u00e0 \u00eatre utilis\u00e9es. Fini le stress du \u00abQuoi publier aujourd&rsquo;hui ?\u00bb.<\/p>\n<p>3\ufe0f\u20e3 <strong>Business Plan<\/strong><br \/>\n\ud83d\udc49 Concevez un business plan clair, professionnel et percutant, indispensable pour structurer vos id\u00e9es et convaincre des partenaires ou investisseurs.<\/p>\n<p>4\ufe0f\u20e3 <strong>Guide de l&rsquo;entrepreneur vers la libert\u00e9 financi\u00e8re<\/strong><br \/>\n\ud83d\udc49 Apprenez \u00e0 g\u00e9rer vos finances et \u00e0 b\u00e2tir une entreprise rentable qui vous rapproche de l&rsquo;ind\u00e9pendance financi\u00e8re.<\/p>\n<p>5\ufe0f\u20e3 <strong>50 moyens d&rsquo;utiliser ChatGPT dans les affaires<\/strong><br \/>\n\ud83d\udc49 D\u00e9couvrez comment tirer parti de l&rsquo;intelligence artificielle pour automatiser des taches, gagner du temps et optimiser vos performances commerciales.<\/p>\n<p>6\ufe0f\u20e3 <strong>Kit de cr\u00e9ation des produits num\u00e9riques<\/strong><br \/>\n\ud83d\udc49 Cr\u00e9ez des produits num\u00e9riques (ebooks, formations, kits, etc.) pour diversifier vos revenus et automatiser vos ventes.<\/p>\n<p>7\ufe0f\u20e3 <strong>Planificateur de gestion des r\u00e9seaux sociaux<\/strong><br \/>\n\ud83d\udc49 Organisez et planifiez vos publications sur les r\u00e9seaux sociaux de mani\u00e8re strat\u00e9gique et sans stress. Optimisez votre pr\u00e9sence en ligne avec une vision claire de vos actions.<\/p>\n<hr \/>\n<p><strong>Comment passer \u00e0 l&rsquo;action ?<\/strong><br \/>\n1\ufe0f\u20e3 <strong>T\u00e9l\u00e9chargez<\/strong> le kit en un clic.<br \/>\n2\ufe0f\u20e3 <strong>Personnalisez<\/strong> les documents selon vos besoins (ebook, plan, contenus de r\u00e9seaux sociaux, etc.).<br \/>\n3\ufe0f\u20e3 <strong>Exploitez<\/strong> ces outils pour automatiser et simplifier la gestion de votre entreprise.<\/p>\n<p><strong>Avantages du KIT BUSINESS<\/strong><\/p>\n<ul>\n<li>\u2705 <strong>Gagnez du temps<\/strong> : Des outils pr\u00eats \u00e0 l&#8217;emploi.<\/li>\n<li>\u2705 <strong>Personnalisez \u00e0 volont\u00e9<\/strong> : Modifiez les fichiers pour qu&rsquo;ils correspondent \u00e0 vos besoins.<\/li>\n<li>\u2705 <strong>Passez \u00e0 l&rsquo;action imm\u00e9diatement<\/strong> : Acc\u00e9dez aux fichiers, modifiez-les et utilisez-les sans attendre.<\/li>\n<li>\u2705 <strong>Maximisez vos r\u00e9sultats<\/strong> : Profitez des strat\u00e9gies, m\u00e9thodes et astuces incluses.<\/li>\n<\/ul>\n<p><strong>Un petit plus ?<\/strong><br \/>\nVous pouvez non seulement utiliser ces outils pour vous, mais aussi <strong>les personnaliser et les revendre<\/strong> si vous le souhaitez !<\/p>\n<hr \/>\n<p>\ud83d\udca5 <strong>Vous m\u00e9ritez de r\u00e9ussir !<\/strong> Prenez le contr\u00f4le de votre activit\u00e9 et donnez-lui un nouveau souffle avec le <strong>KIT BUSINESS<\/strong> .<br \/>\n\ud83d\udce5 <strong>T\u00e9l\u00e9chargez-le d\u00e8s maintenant<\/strong> et posez des actions concr\u00e8tes pour grandir faire votre entreprise.<br \/>\n\ud83d\udc49 <strong>Contacter l&rsquo;assistance<\/strong> : <a rel=\"noopener\">nappyunivers@gmail.com<\/a> pour toute question ou probl\u00e8me technique.<\/p>\n<p><strong>Ne perdez plus de temps, passez \u00e0 l&rsquo;action !<\/strong> \ud83d\udcaa\ud83d\ude80<\/p>\n<\/div>\n<\/div>\n<\/div>\n<\/div>\n<div class=\"mb-2 flex gap-3 empty:hidden -ml-2\">\n<div class=\"items-center justify-start rounded-xl p-1 flex\">\n<div class=\"flex items-center\">\n<div class=\"flex\"><\/div>\n<\/div>\n<\/div>\n<\/div>\n<div class=\"pr-2 lg:pr-0\"><\/div>\n<div class=\"mt-3 w-full empty:hidden\">\n<div class=\"text-center\"><\/div>\n<\/div>\n<\/div>\n<div class=\"absolute\">\n<div class=\"flex items-center justify-center\"><\/div>\n<\/div>\n<\/div>\n<\/div>\n<\/div>\n<\/article>\n<\/div>\n<\/div>\n<\/div>\n<\/div>\n<\/div>\n<div class=\"md:pt-0 dark:border-white\/20 md:border-transparent md:dark:border-transparent w-full\">\n<div>\n<div class=\"m-auto text-base px-3 md:px-4 w-full md:px-5 lg:px-4 xl:px-5\">\n<div class=\"mx-auto flex flex-1 gap-4 text-base md:gap-5 lg:gap-6 md:max-w-3xl lg:max-w-[40rem] xl:max-w-[48rem]\">\n<div class=\"flex justify-center\"><\/div>\n<\/div>\n<\/div>\n<\/div>\n<\/div>\n","protected":false},"excerpt":{"rendered":"<p>Prenez votre Kit d`\u00e8s maintenant<\/p>\n","protected":false},"featured_media":1795,"comment_status":"open","ping_status":"closed","template":"","meta":{"_kadence_starter_templates_imported_post":false,"_kad_post_transparent":"default","_kad_post_title":"","_kad_post_layout":"default","_kad_post_sidebar_id":"","_kad_post_content_style":"default","_kad_post_vertical_padding":"default","_kad_post_feature":"","_kad_post_feature_position":"","_kad_post_header":false,"_kad_post_footer":false},"product_brand":[],"product_cat":[20],"product_tag":[],"class_list":{"0":"post-1789","1":"product","2":"type-product","3":"status-publish","4":"has-post-thumbnail","6":"product_cat-lives","8":"first","9":"instock","10":"sale","11":"downloadable","12":"virtual","13":"purchasable","14":"product-type-simple","15":"entry","16":"content-bg","17":"loop-entry"},"yoast_head":"<!-- This site is optimized with the Yoast SEO plugin v26.3 - https:\/\/yoast.com\/wordpress\/plugins\/seo\/ -->\n<title>KIT BUSINESS - SCHAV\u00c8<\/title>\n<meta name=\"description\" content=\"Ce kit vous offre tous les outils essentiels pour structurer, d\u00e9velopper et automatiser votre activit\u00e9 de mani\u00e8re efficace et sans vous ruiner.\" \/>\n<meta name=\"robots\" content=\"index, follow, max-snippet:-1, max-image-preview:large, max-video-preview:-1\" \/>\n<link rel=\"canonical\" href=\"https:\/\/xn--schav-8ra.com\/index.php\/produit\/kit-business\/\" \/>\n<meta property=\"og:locale\" content=\"fr_FR\" \/>\n<meta property=\"og:type\" content=\"article\" \/>\n<meta property=\"og:title\" content=\"KIT BUSINESS - SCHAV\u00c8\" \/>\n<meta property=\"og:description\" content=\"Ce kit vous offre tous les outils essentiels pour structurer, d\u00e9velopper et automatiser votre activit\u00e9 de mani\u00e8re efficace et sans vous ruiner.\" \/>\n<meta property=\"og:url\" content=\"https:\/\/xn--schav-8ra.com\/index.php\/produit\/kit-business\/\" \/>\n<meta property=\"og:site_name\" content=\"SCHAV\u00c8\" \/>\n<meta property=\"article:modified_time\" content=\"2024-12-12T04:59:00+00:00\" \/>\n<meta property=\"og:image\" content=\"https:\/\/xn--schav-8ra.com\/wp-content\/uploads\/2024\/12\/kit-business-affiche-.png\" \/>\n\t<meta property=\"og:image:width\" content=\"1080\" \/>\n\t<meta property=\"og:image:height\" content=\"1080\" \/>\n\t<meta property=\"og:image:type\" content=\"image\/png\" \/>\n<meta name=\"twitter:card\" content=\"summary_large_image\" \/>\n<meta name=\"twitter:label1\" content=\"Dur\u00e9e de lecture estim\u00e9e\" \/>\n\t<meta name=\"twitter:data1\" content=\"3 minutes\" \/>\n<script type=\"application\/ld+json\" class=\"yoast-schema-graph\">{\"@context\":\"https:\/\/schema.org\",\"@graph\":[{\"@type\":\"WebPage\",\"@id\":\"https:\/\/xn--schav-8ra.com\/index.php\/produit\/kit-business\/\",\"url\":\"https:\/\/xn--schav-8ra.com\/index.php\/produit\/kit-business\/\",\"name\":\"KIT BUSINESS - SCHAV\u00c8\",\"isPartOf\":{\"@id\":\"https:\/\/xn--schav-8ra.com\/#website\"},\"primaryImageOfPage\":{\"@id\":\"https:\/\/xn--schav-8ra.com\/index.php\/produit\/kit-business\/#primaryimage\"},\"image\":{\"@id\":\"https:\/\/xn--schav-8ra.com\/index.php\/produit\/kit-business\/#primaryimage\"},\"thumbnailUrl\":\"https:\/\/xn--schav-8ra.com\/wp-content\/uploads\/2024\/12\/kit-business-affiche-.png\",\"datePublished\":\"2024-12-11T15:33:06+00:00\",\"dateModified\":\"2024-12-12T04:59:00+00:00\",\"description\":\"Ce kit vous offre tous les outils essentiels pour structurer, d\u00e9velopper et automatiser votre activit\u00e9 de mani\u00e8re efficace et sans vous ruiner.\",\"breadcrumb\":{\"@id\":\"https:\/\/xn--schav-8ra.com\/index.php\/produit\/kit-business\/#breadcrumb\"},\"inLanguage\":\"fr-FR\",\"potentialAction\":[{\"@type\":\"ReadAction\",\"target\":[\"https:\/\/xn--schav-8ra.com\/index.php\/produit\/kit-business\/\"]}]},{\"@type\":\"ImageObject\",\"inLanguage\":\"fr-FR\",\"@id\":\"https:\/\/xn--schav-8ra.com\/index.php\/produit\/kit-business\/#primaryimage\",\"url\":\"https:\/\/xn--schav-8ra.com\/wp-content\/uploads\/2024\/12\/kit-business-affiche-.png\",\"contentUrl\":\"https:\/\/xn--schav-8ra.com\/wp-content\/uploads\/2024\/12\/kit-business-affiche-.png\",\"width\":1080,\"height\":1080},{\"@type\":\"BreadcrumbList\",\"@id\":\"https:\/\/xn--schav-8ra.com\/index.php\/produit\/kit-business\/#breadcrumb\",\"itemListElement\":[{\"@type\":\"ListItem\",\"position\":1,\"name\":\"Accueil\",\"item\":\"https:\/\/xn--schav-8ra.com\/\"},{\"@type\":\"ListItem\",\"position\":2,\"name\":\"Boutique\",\"item\":\"https:\/\/xn--schav-8ra.com\/index.php\/boutique\/\"},{\"@type\":\"ListItem\",\"position\":3,\"name\":\"KIT BUSINESS\"}]},{\"@type\":\"WebSite\",\"@id\":\"https:\/\/xn--schav-8ra.com\/#website\",\"url\":\"https:\/\/xn--schav-8ra.com\/\",\"name\":\"SCHAV\u00c8\",\"description\":\"La Vall\u00e9e des Rois et des Reines\",\"publisher\":{\"@id\":\"https:\/\/xn--schav-8ra.com\/#organization\"},\"potentialAction\":[{\"@type\":\"SearchAction\",\"target\":{\"@type\":\"EntryPoint\",\"urlTemplate\":\"https:\/\/xn--schav-8ra.com\/?s={search_term_string}\"},\"query-input\":{\"@type\":\"PropertyValueSpecification\",\"valueRequired\":true,\"valueName\":\"search_term_string\"}}],\"inLanguage\":\"fr-FR\"},{\"@type\":\"Organization\",\"@id\":\"https:\/\/xn--schav-8ra.com\/#organization\",\"name\":\"SCHAV\u00c8\",\"url\":\"https:\/\/xn--schav-8ra.com\/\",\"logo\":{\"@type\":\"ImageObject\",\"inLanguage\":\"fr-FR\",\"@id\":\"https:\/\/xn--schav-8ra.com\/#\/schema\/logo\/image\/\",\"url\":\"https:\/\/xn--schav-8ra.com\/wp-content\/uploads\/2024\/01\/cropped-png_20230413_140706_0000.png\",\"contentUrl\":\"https:\/\/xn--schav-8ra.com\/wp-content\/uploads\/2024\/01\/cropped-png_20230413_140706_0000.png\",\"width\":4000,\"height\":4000,\"caption\":\"SCHAV\u00c8\"},\"image\":{\"@id\":\"https:\/\/xn--schav-8ra.com\/#\/schema\/logo\/image\/\"}}]}<\/script>\n<!-- \/ Yoast SEO plugin. -->","yoast_head_json":{"title":"KIT BUSINESS - SCHAV\u00c8","description":"Ce kit vous offre tous les outils essentiels pour structurer, d\u00e9velopper et automatiser votre activit\u00e9 de mani\u00e8re efficace et sans vous ruiner.","robots":{"index":"index","follow":"follow","max-snippet":"max-snippet:-1","max-image-preview":"max-image-preview:large","max-video-preview":"max-video-preview:-1"},"canonical":"https:\/\/xn--schav-8ra.com\/index.php\/produit\/kit-business\/","og_locale":"fr_FR","og_type":"article","og_title":"KIT BUSINESS - SCHAV\u00c8","og_description":"Ce kit vous offre tous les outils essentiels pour structurer, d\u00e9velopper et automatiser votre activit\u00e9 de mani\u00e8re efficace et sans vous ruiner.","og_url":"https:\/\/xn--schav-8ra.com\/index.php\/produit\/kit-business\/","og_site_name":"SCHAV\u00c8","article_modified_time":"2024-12-12T04:59:00+00:00","og_image":[{"width":1080,"height":1080,"url":"https:\/\/xn--schav-8ra.com\/wp-content\/uploads\/2024\/12\/kit-business-affiche-.png","type":"image\/png"}],"twitter_card":"summary_large_image","twitter_misc":{"Dur\u00e9e de lecture estim\u00e9e":"3 minutes"},"schema":{"@context":"https:\/\/schema.org","@graph":[{"@type":"WebPage","@id":"https:\/\/xn--schav-8ra.com\/index.php\/produit\/kit-business\/","url":"https:\/\/xn--schav-8ra.com\/index.php\/produit\/kit-business\/","name":"KIT BUSINESS - SCHAV\u00c8","isPartOf":{"@id":"https:\/\/xn--schav-8ra.com\/#website"},"primaryImageOfPage":{"@id":"https:\/\/xn--schav-8ra.com\/index.php\/produit\/kit-business\/#primaryimage"},"image":{"@id":"https:\/\/xn--schav-8ra.com\/index.php\/produit\/kit-business\/#primaryimage"},"thumbnailUrl":"https:\/\/xn--schav-8ra.com\/wp-content\/uploads\/2024\/12\/kit-business-affiche-.png","datePublished":"2024-12-11T15:33:06+00:00","dateModified":"2024-12-12T04:59:00+00:00","description":"Ce kit vous offre tous les outils essentiels pour structurer, d\u00e9velopper et automatiser votre activit\u00e9 de mani\u00e8re efficace et sans vous ruiner.","breadcrumb":{"@id":"https:\/\/xn--schav-8ra.com\/index.php\/produit\/kit-business\/#breadcrumb"},"inLanguage":"fr-FR","potentialAction":[{"@type":"ReadAction","target":["https:\/\/xn--schav-8ra.com\/index.php\/produit\/kit-business\/"]}]},{"@type":"ImageObject","inLanguage":"fr-FR","@id":"https:\/\/xn--schav-8ra.com\/index.php\/produit\/kit-business\/#primaryimage","url":"https:\/\/xn--schav-8ra.com\/wp-content\/uploads\/2024\/12\/kit-business-affiche-.png","contentUrl":"https:\/\/xn--schav-8ra.com\/wp-content\/uploads\/2024\/12\/kit-business-affiche-.png","width":1080,"height":1080},{"@type":"BreadcrumbList","@id":"https:\/\/xn--schav-8ra.com\/index.php\/produit\/kit-business\/#breadcrumb","itemListElement":[{"@type":"ListItem","position":1,"name":"Accueil","item":"https:\/\/xn--schav-8ra.com\/"},{"@type":"ListItem","position":2,"name":"Boutique","item":"https:\/\/xn--schav-8ra.com\/index.php\/boutique\/"},{"@type":"ListItem","position":3,"name":"KIT BUSINESS"}]},{"@type":"WebSite","@id":"https:\/\/xn--schav-8ra.com\/#website","url":"https:\/\/xn--schav-8ra.com\/","name":"SCHAV\u00c8","description":"La Vall\u00e9e des Rois et des Reines","publisher":{"@id":"https:\/\/xn--schav-8ra.com\/#organization"},"potentialAction":[{"@type":"SearchAction","target":{"@type":"EntryPoint","urlTemplate":"https:\/\/xn--schav-8ra.com\/?s={search_term_string}"},"query-input":{"@type":"PropertyValueSpecification","valueRequired":true,"valueName":"search_term_string"}}],"inLanguage":"fr-FR"},{"@type":"Organization","@id":"https:\/\/xn--schav-8ra.com\/#organization","name":"SCHAV\u00c8","url":"https:\/\/xn--schav-8ra.com\/","logo":{"@type":"ImageObject","inLanguage":"fr-FR","@id":"https:\/\/xn--schav-8ra.com\/#\/schema\/logo\/image\/","url":"https:\/\/xn--schav-8ra.com\/wp-content\/uploads\/2024\/01\/cropped-png_20230413_140706_0000.png","contentUrl":"https:\/\/xn--schav-8ra.com\/wp-content\/uploads\/2024\/01\/cropped-png_20230413_140706_0000.png","width":4000,"height":4000,"caption":"SCHAV\u00c8"},"image":{"@id":"https:\/\/xn--schav-8ra.com\/#\/schema\/logo\/image\/"}}]}},"_links":{"self":[{"href":"https:\/\/xn--schav-8ra.com\/index.php\/wp-json\/wp\/v2\/product\/1789","targetHints":{"allow":["GET"]}}],"collection":[{"href":"https:\/\/xn--schav-8ra.com\/index.php\/wp-json\/wp\/v2\/product"}],"about":[{"href":"https:\/\/xn--schav-8ra.com\/index.php\/wp-json\/wp\/v2\/types\/product"}],"replies":[{"embeddable":true,"href":"https:\/\/xn--schav-8ra.com\/index.php\/wp-json\/wp\/v2\/comments?post=1789"}],"wp:featuredmedia":[{"embeddable":true,"href":"https:\/\/xn--schav-8ra.com\/index.php\/wp-json\/wp\/v2\/media\/1795"}],"wp:attachment":[{"href":"https:\/\/xn--schav-8ra.com\/index.php\/wp-json\/wp\/v2\/media?parent=1789"}],"wp:term":[{"taxonomy":"product_brand","embeddable":true,"href":"https:\/\/xn--schav-8ra.com\/index.php\/wp-json\/wp\/v2\/product_brand?post=1789"},{"taxonomy":"product_cat","embeddable":true,"href":"https:\/\/xn--schav-8ra.com\/index.php\/wp-json\/wp\/v2\/product_cat?post=1789"},{"taxonomy":"product_tag","embeddable":true,"href":"https:\/\/xn--schav-8ra.com\/index.php\/wp-json\/wp\/v2\/product_tag?post=1789"}],"curies":[{"name":"wp","href":"https:\/\/api.w.org\/{rel}","templated":true}]}}