{"id":1887,"date":"2025-05-01T10:23:21","date_gmt":"2025-05-01T08:23:21","guid":{"rendered":"https:\/\/xn--schav-8ra.com\/?post_type=product&#038;p=1887"},"modified":"2025-05-01T10:23:21","modified_gmt":"2025-05-01T08:23:21","slug":"sacs-en-tissu","status":"publish","type":"product","link":"https:\/\/xn--schav-8ra.com\/index.php\/produit\/sacs-en-tissu\/","title":{"rendered":"Sacs en tissu"},"content":{"rendered":"<p><img fetchpriority=\"high\" decoding=\"async\" class=\"alignnone size-medium wp-image-1875\" src=\"https:\/\/xn--schav-8ra.com\/wp-content\/uploads\/2025\/04\/IMG-20241129-WA0028-225x300.jpg\" alt=\"\" width=\"225\" height=\"300\" srcset=\"https:\/\/xn--schav-8ra.com\/wp-content\/uploads\/2025\/04\/IMG-20241129-WA0028-225x300.jpg 225w, https:\/\/xn--schav-8ra.com\/wp-content\/uploads\/2025\/04\/IMG-20241129-WA0028-768x1024.jpg 768w, https:\/\/xn--schav-8ra.com\/wp-content\/uploads\/2025\/04\/IMG-20241129-WA0028-1152x1536.jpg 1152w, https:\/\/xn--schav-8ra.com\/wp-content\/uploads\/2025\/04\/IMG-20241129-WA0028-600x800.jpg 600w, https:\/\/xn--schav-8ra.com\/wp-content\/uploads\/2025\/04\/IMG-20241129-WA0028.jpg 1200w\" sizes=\"(max-width: 225px) 100vw, 225px\" \/> <img decoding=\"async\" class=\"alignnone size-medium wp-image-1867\" src=\"https:\/\/xn--schav-8ra.com\/wp-content\/uploads\/2025\/04\/IMG-20241129-WA0019-225x300.jpg\" alt=\"\" width=\"225\" height=\"300\" srcset=\"https:\/\/xn--schav-8ra.com\/wp-content\/uploads\/2025\/04\/IMG-20241129-WA0019-225x300.jpg 225w, https:\/\/xn--schav-8ra.com\/wp-content\/uploads\/2025\/04\/IMG-20241129-WA0019-768x1024.jpg 768w, https:\/\/xn--schav-8ra.com\/wp-content\/uploads\/2025\/04\/IMG-20241129-WA0019-1152x1536.jpg 1152w, https:\/\/xn--schav-8ra.com\/wp-content\/uploads\/2025\/04\/IMG-20241129-WA0019-600x800.jpg 600w, https:\/\/xn--schav-8ra.com\/wp-content\/uploads\/2025\/04\/IMG-20241129-WA0019.jpg 1200w\" sizes=\"(max-width: 225px) 100vw, 225px\" \/> <img decoding=\"async\" class=\"alignnone size-medium wp-image-1868\" src=\"https:\/\/xn--schav-8ra.com\/wp-content\/uploads\/2025\/04\/IMG-20241129-WA0020-225x300.jpg\" alt=\"\" width=\"225\" height=\"300\" srcset=\"https:\/\/xn--schav-8ra.com\/wp-content\/uploads\/2025\/04\/IMG-20241129-WA0020-225x300.jpg 225w, https:\/\/xn--schav-8ra.com\/wp-content\/uploads\/2025\/04\/IMG-20241129-WA0020-768x1024.jpg 768w, https:\/\/xn--schav-8ra.com\/wp-content\/uploads\/2025\/04\/IMG-20241129-WA0020-1152x1536.jpg 1152w, https:\/\/xn--schav-8ra.com\/wp-content\/uploads\/2025\/04\/IMG-20241129-WA0020-600x800.jpg 600w, https:\/\/xn--schav-8ra.com\/wp-content\/uploads\/2025\/04\/IMG-20241129-WA0020.jpg 1200w\" sizes=\"(max-width: 225px) 100vw, 225px\" \/> <img loading=\"lazy\" decoding=\"async\" class=\"alignnone size-medium wp-image-1877\" src=\"https:\/\/xn--schav-8ra.com\/wp-content\/uploads\/2025\/04\/IMG-20241129-WA0030-225x300.jpg\" alt=\"\" width=\"225\" height=\"300\" srcset=\"https:\/\/xn--schav-8ra.com\/wp-content\/uploads\/2025\/04\/IMG-20241129-WA0030-225x300.jpg 225w, https:\/\/xn--schav-8ra.com\/wp-content\/uploads\/2025\/04\/IMG-20241129-WA0030-768x1024.jpg 768w, https:\/\/xn--schav-8ra.com\/wp-content\/uploads\/2025\/04\/IMG-20241129-WA0030-1152x1536.jpg 1152w, https:\/\/xn--schav-8ra.com\/wp-content\/uploads\/2025\/04\/IMG-20241129-WA0030-600x800.jpg 600w, https:\/\/xn--schav-8ra.com\/wp-content\/uploads\/2025\/04\/IMG-20241129-WA0030.jpg 1200w\" sizes=\"(max-width: 225px) 100vw, 225px\" \/> <img loading=\"lazy\" decoding=\"async\" class=\"alignnone size-medium wp-image-1878\" src=\"https:\/\/xn--schav-8ra.com\/wp-content\/uploads\/2025\/04\/WhatsApp-Image-2024-11-29-a-12.54.50_3bec329b-300x225.jpg\" alt=\"\" width=\"300\" height=\"225\" srcset=\"https:\/\/xn--schav-8ra.com\/wp-content\/uploads\/2025\/04\/WhatsApp-Image-2024-11-29-a-12.54.50_3bec329b-300x225.jpg 300w, https:\/\/xn--schav-8ra.com\/wp-content\/uploads\/2025\/04\/WhatsApp-Image-2024-11-29-a-12.54.50_3bec329b-1024x768.jpg 1024w, https:\/\/xn--schav-8ra.com\/wp-content\/uploads\/2025\/04\/WhatsApp-Image-2024-11-29-a-12.54.50_3bec329b-768x576.jpg 768w, https:\/\/xn--schav-8ra.com\/wp-content\/uploads\/2025\/04\/WhatsApp-Image-2024-11-29-a-12.54.50_3bec329b-1536x1152.jpg 1536w, https:\/\/xn--schav-8ra.com\/wp-content\/uploads\/2025\/04\/WhatsApp-Image-2024-11-29-a-12.54.50_3bec329b-1320x990.jpg 1320w, https:\/\/xn--schav-8ra.com\/wp-content\/uploads\/2025\/04\/WhatsApp-Image-2024-11-29-a-12.54.50_3bec329b-600x450.jpg 600w, https:\/\/xn--schav-8ra.com\/wp-content\/uploads\/2025\/04\/WhatsApp-Image-2024-11-29-a-12.54.50_3bec329b.jpg 1600w\" sizes=\"(max-width: 300px) 100vw, 300px\" \/><\/p>\n","protected":false},"excerpt":{"rendered":"<p>Sacs, fourre-tout en tissu africain.<\/p>\n<p>4 couleurs au choix (rouge, bleu clair, bleu fonc\u00e9, orange).<\/p>\n<p>Faits \u00e0 la main et tr\u00e8s pratique pour vos petites sorties en \u00e9t\u00e9.<\/p>\n<p>Origine : C\u00f4te d&rsquo;Ivoire<\/p>\n","protected":false},"featured_media":1867,"comment_status":"open","ping_status":"closed","template":"","meta":{"_kadence_starter_templates_imported_post":false,"_kad_post_transparent":"default","_kad_post_title":"","_kad_post_layout":"default","_kad_post_sidebar_id":"","_kad_post_content_style":"default","_kad_post_vertical_padding":"default","_kad_post_feature":"","_kad_post_feature_position":"","_kad_post_header":false,"_kad_post_footer":false},"product_brand":[],"product_cat":[58],"product_tag":[],"class_list":{"0":"post-1887","1":"product","2":"type-product","3":"status-publish","4":"has-post-thumbnail","6":"product_cat-maroquinerie-boutique-bikehi","8":"first","9":"instock","10":"shipping-taxable","11":"purchasable","12":"product-type-simple","13":"entry","14":"content-bg","15":"loop-entry"},"yoast_head":"<!-- This site is optimized with the Yoast SEO plugin v26.3 - https:\/\/yoast.com\/wordpress\/plugins\/seo\/ -->\n<title>Sacs en tissu - SCHAV\u00c8<\/title>\n<meta name=\"description\" content=\"Sacs en tissu Africain bleu, rouge ou orange.\" \/>\n<meta name=\"robots\" content=\"index, follow, max-snippet:-1, max-image-preview:large, max-video-preview:-1\" \/>\n<link rel=\"canonical\" href=\"https:\/\/xn--schav-8ra.com\/index.php\/produit\/sacs-en-tissu\/\" \/>\n<meta property=\"og:locale\" content=\"fr_FR\" \/>\n<meta property=\"og:type\" content=\"article\" \/>\n<meta property=\"og:title\" content=\"Sacs en tissu - SCHAV\u00c8\" \/>\n<meta property=\"og:description\" content=\"Sacs en tissu Africain bleu, rouge ou orange.\" \/>\n<meta property=\"og:url\" content=\"https:\/\/xn--schav-8ra.com\/index.php\/produit\/sacs-en-tissu\/\" \/>\n<meta property=\"og:site_name\" content=\"SCHAV\u00c8\" \/>\n<meta property=\"og:image\" content=\"https:\/\/xn--schav-8ra.com\/wp-content\/uploads\/2025\/04\/IMG-20241129-WA0019.jpg\" \/>\n\t<meta property=\"og:image:width\" content=\"1200\" \/>\n\t<meta property=\"og:image:height\" content=\"1600\" \/>\n\t<meta property=\"og:image:type\" content=\"image\/jpeg\" \/>\n<meta name=\"twitter:card\" content=\"summary_large_image\" \/>\n<meta name=\"twitter:label1\" content=\"Dur\u00e9e de lecture estim\u00e9e\" \/>\n\t<meta name=\"twitter:data1\" content=\"2 minutes\" \/>\n<script type=\"application\/ld+json\" class=\"yoast-schema-graph\">{\"@context\":\"https:\/\/schema.org\",\"@graph\":[{\"@type\":\"WebPage\",\"@id\":\"https:\/\/xn--schav-8ra.com\/index.php\/produit\/sacs-en-tissu\/\",\"url\":\"https:\/\/xn--schav-8ra.com\/index.php\/produit\/sacs-en-tissu\/\",\"name\":\"Sacs en tissu - SCHAV\u00c8\",\"isPartOf\":{\"@id\":\"https:\/\/xn--schav-8ra.com\/#website\"},\"primaryImageOfPage\":{\"@id\":\"https:\/\/xn--schav-8ra.com\/index.php\/produit\/sacs-en-tissu\/#primaryimage\"},\"image\":{\"@id\":\"https:\/\/xn--schav-8ra.com\/index.php\/produit\/sacs-en-tissu\/#primaryimage\"},\"thumbnailUrl\":\"https:\/\/xn--schav-8ra.com\/wp-content\/uploads\/2025\/04\/IMG-20241129-WA0019.jpg\",\"datePublished\":\"2025-05-01T08:23:21+00:00\",\"description\":\"Sacs en tissu Africain bleu, rouge ou orange.\",\"breadcrumb\":{\"@id\":\"https:\/\/xn--schav-8ra.com\/index.php\/produit\/sacs-en-tissu\/#breadcrumb\"},\"inLanguage\":\"fr-FR\",\"potentialAction\":[{\"@type\":\"ReadAction\",\"target\":[\"https:\/\/xn--schav-8ra.com\/index.php\/produit\/sacs-en-tissu\/\"]}]},{\"@type\":\"ImageObject\",\"inLanguage\":\"fr-FR\",\"@id\":\"https:\/\/xn--schav-8ra.com\/index.php\/produit\/sacs-en-tissu\/#primaryimage\",\"url\":\"https:\/\/xn--schav-8ra.com\/wp-content\/uploads\/2025\/04\/IMG-20241129-WA0019.jpg\",\"contentUrl\":\"https:\/\/xn--schav-8ra.com\/wp-content\/uploads\/2025\/04\/IMG-20241129-WA0019.jpg\",\"width\":1200,\"height\":1600,\"caption\":\"4 couleurs au choix (rouge, bleu clair, bleu fonc\u00e9, orange)\"},{\"@type\":\"BreadcrumbList\",\"@id\":\"https:\/\/xn--schav-8ra.com\/index.php\/produit\/sacs-en-tissu\/#breadcrumb\",\"itemListElement\":[{\"@type\":\"ListItem\",\"position\":1,\"name\":\"Accueil\",\"item\":\"https:\/\/xn--schav-8ra.com\/\"},{\"@type\":\"ListItem\",\"position\":2,\"name\":\"Boutique\",\"item\":\"https:\/\/xn--schav-8ra.com\/index.php\/boutique\/\"},{\"@type\":\"ListItem\",\"position\":3,\"name\":\"Sacs en tissu\"}]},{\"@type\":\"WebSite\",\"@id\":\"https:\/\/xn--schav-8ra.com\/#website\",\"url\":\"https:\/\/xn--schav-8ra.com\/\",\"name\":\"SCHAV\u00c8\",\"description\":\"La Vall\u00e9e des Rois et des Reines\",\"publisher\":{\"@id\":\"https:\/\/xn--schav-8ra.com\/#organization\"},\"potentialAction\":[{\"@type\":\"SearchAction\",\"target\":{\"@type\":\"EntryPoint\",\"urlTemplate\":\"https:\/\/xn--schav-8ra.com\/?s={search_term_string}\"},\"query-input\":{\"@type\":\"PropertyValueSpecification\",\"valueRequired\":true,\"valueName\":\"search_term_string\"}}],\"inLanguage\":\"fr-FR\"},{\"@type\":\"Organization\",\"@id\":\"https:\/\/xn--schav-8ra.com\/#organization\",\"name\":\"SCHAV\u00c8\",\"url\":\"https:\/\/xn--schav-8ra.com\/\",\"logo\":{\"@type\":\"ImageObject\",\"inLanguage\":\"fr-FR\",\"@id\":\"https:\/\/xn--schav-8ra.com\/#\/schema\/logo\/image\/\",\"url\":\"https:\/\/xn--schav-8ra.com\/wp-content\/uploads\/2024\/01\/cropped-png_20230413_140706_0000.png\",\"contentUrl\":\"https:\/\/xn--schav-8ra.com\/wp-content\/uploads\/2024\/01\/cropped-png_20230413_140706_0000.png\",\"width\":4000,\"height\":4000,\"caption\":\"SCHAV\u00c8\"},\"image\":{\"@id\":\"https:\/\/xn--schav-8ra.com\/#\/schema\/logo\/image\/\"}}]}<\/script>\n<!-- \/ Yoast SEO plugin. -->","yoast_head_json":{"title":"Sacs en tissu - SCHAV\u00c8","description":"Sacs en tissu Africain bleu, rouge ou orange.","robots":{"index":"index","follow":"follow","max-snippet":"max-snippet:-1","max-image-preview":"max-image-preview:large","max-video-preview":"max-video-preview:-1"},"canonical":"https:\/\/xn--schav-8ra.com\/index.php\/produit\/sacs-en-tissu\/","og_locale":"fr_FR","og_type":"article","og_title":"Sacs en tissu - SCHAV\u00c8","og_description":"Sacs en tissu Africain bleu, rouge ou orange.","og_url":"https:\/\/xn--schav-8ra.com\/index.php\/produit\/sacs-en-tissu\/","og_site_name":"SCHAV\u00c8","og_image":[{"width":1200,"height":1600,"url":"https:\/\/xn--schav-8ra.com\/wp-content\/uploads\/2025\/04\/IMG-20241129-WA0019.jpg","type":"image\/jpeg"}],"twitter_card":"summary_large_image","twitter_misc":{"Dur\u00e9e de lecture estim\u00e9e":"2 minutes"},"schema":{"@context":"https:\/\/schema.org","@graph":[{"@type":"WebPage","@id":"https:\/\/xn--schav-8ra.com\/index.php\/produit\/sacs-en-tissu\/","url":"https:\/\/xn--schav-8ra.com\/index.php\/produit\/sacs-en-tissu\/","name":"Sacs en tissu - SCHAV\u00c8","isPartOf":{"@id":"https:\/\/xn--schav-8ra.com\/#website"},"primaryImageOfPage":{"@id":"https:\/\/xn--schav-8ra.com\/index.php\/produit\/sacs-en-tissu\/#primaryimage"},"image":{"@id":"https:\/\/xn--schav-8ra.com\/index.php\/produit\/sacs-en-tissu\/#primaryimage"},"thumbnailUrl":"https:\/\/xn--schav-8ra.com\/wp-content\/uploads\/2025\/04\/IMG-20241129-WA0019.jpg","datePublished":"2025-05-01T08:23:21+00:00","description":"Sacs en tissu Africain bleu, rouge ou orange.","breadcrumb":{"@id":"https:\/\/xn--schav-8ra.com\/index.php\/produit\/sacs-en-tissu\/#breadcrumb"},"inLanguage":"fr-FR","potentialAction":[{"@type":"ReadAction","target":["https:\/\/xn--schav-8ra.com\/index.php\/produit\/sacs-en-tissu\/"]}]},{"@type":"ImageObject","inLanguage":"fr-FR","@id":"https:\/\/xn--schav-8ra.com\/index.php\/produit\/sacs-en-tissu\/#primaryimage","url":"https:\/\/xn--schav-8ra.com\/wp-content\/uploads\/2025\/04\/IMG-20241129-WA0019.jpg","contentUrl":"https:\/\/xn--schav-8ra.com\/wp-content\/uploads\/2025\/04\/IMG-20241129-WA0019.jpg","width":1200,"height":1600,"caption":"4 couleurs au choix (rouge, bleu clair, bleu fonc\u00e9, orange)"},{"@type":"BreadcrumbList","@id":"https:\/\/xn--schav-8ra.com\/index.php\/produit\/sacs-en-tissu\/#breadcrumb","itemListElement":[{"@type":"ListItem","position":1,"name":"Accueil","item":"https:\/\/xn--schav-8ra.com\/"},{"@type":"ListItem","position":2,"name":"Boutique","item":"https:\/\/xn--schav-8ra.com\/index.php\/boutique\/"},{"@type":"ListItem","position":3,"name":"Sacs en tissu"}]},{"@type":"WebSite","@id":"https:\/\/xn--schav-8ra.com\/#website","url":"https:\/\/xn--schav-8ra.com\/","name":"SCHAV\u00c8","description":"La Vall\u00e9e des Rois et des Reines","publisher":{"@id":"https:\/\/xn--schav-8ra.com\/#organization"},"potentialAction":[{"@type":"SearchAction","target":{"@type":"EntryPoint","urlTemplate":"https:\/\/xn--schav-8ra.com\/?s={search_term_string}"},"query-input":{"@type":"PropertyValueSpecification","valueRequired":true,"valueName":"search_term_string"}}],"inLanguage":"fr-FR"},{"@type":"Organization","@id":"https:\/\/xn--schav-8ra.com\/#organization","name":"SCHAV\u00c8","url":"https:\/\/xn--schav-8ra.com\/","logo":{"@type":"ImageObject","inLanguage":"fr-FR","@id":"https:\/\/xn--schav-8ra.com\/#\/schema\/logo\/image\/","url":"https:\/\/xn--schav-8ra.com\/wp-content\/uploads\/2024\/01\/cropped-png_20230413_140706_0000.png","contentUrl":"https:\/\/xn--schav-8ra.com\/wp-content\/uploads\/2024\/01\/cropped-png_20230413_140706_0000.png","width":4000,"height":4000,"caption":"SCHAV\u00c8"},"image":{"@id":"https:\/\/xn--schav-8ra.com\/#\/schema\/logo\/image\/"}}]}},"_links":{"self":[{"href":"https:\/\/xn--schav-8ra.com\/index.php\/wp-json\/wp\/v2\/product\/1887","targetHints":{"allow":["GET"]}}],"collection":[{"href":"https:\/\/xn--schav-8ra.com\/index.php\/wp-json\/wp\/v2\/product"}],"about":[{"href":"https:\/\/xn--schav-8ra.com\/index.php\/wp-json\/wp\/v2\/types\/product"}],"replies":[{"embeddable":true,"href":"https:\/\/xn--schav-8ra.com\/index.php\/wp-json\/wp\/v2\/comments?post=1887"}],"wp:featuredmedia":[{"embeddable":true,"href":"https:\/\/xn--schav-8ra.com\/index.php\/wp-json\/wp\/v2\/media\/1867"}],"wp:attachment":[{"href":"https:\/\/xn--schav-8ra.com\/index.php\/wp-json\/wp\/v2\/media?parent=1887"}],"wp:term":[{"taxonomy":"product_brand","embeddable":true,"href":"https:\/\/xn--schav-8ra.com\/index.php\/wp-json\/wp\/v2\/product_brand?post=1887"},{"taxonomy":"product_cat","embeddable":true,"href":"https:\/\/xn--schav-8ra.com\/index.php\/wp-json\/wp\/v2\/product_cat?post=1887"},{"taxonomy":"product_tag","embeddable":true,"href":"https:\/\/xn--schav-8ra.com\/index.php\/wp-json\/wp\/v2\/product_tag?post=1887"}],"curies":[{"name":"wp","href":"https:\/\/api.w.org\/{rel}","templated":true}]}}