{"id":1955,"date":"2025-11-12T13:27:46","date_gmt":"2025-11-12T12:27:46","guid":{"rendered":"https:\/\/xn--schav-8ra.com\/?post_type=product&#038;p=1955"},"modified":"2025-11-12T13:27:46","modified_gmt":"2025-11-12T12:27:46","slug":"super-auteur-challenge-21-jours-pour-debloquer-ton-manuscrit-et-le-rendre-vendable","status":"publish","type":"product","link":"https:\/\/xn--schav-8ra.com\/index.php\/produit\/super-auteur-challenge-21-jours-pour-debloquer-ton-manuscrit-et-le-rendre-vendable\/","title":{"rendered":"Super Auteur Challenge \u2013 21 jours pour d\u00e9bloquer ton manuscrit et le rendre vendable"},"content":{"rendered":"<h2 data-start=\"1041\" data-end=\"1081\">Objectif du Super Auteur Challenge<\/h2>\n<blockquote data-start=\"1082\" data-end=\"1172\">\n<p data-start=\"1084\" data-end=\"1172\">T\u2019aider \u00e0 passer du manuscrit inachev\u00e9 au livre impactant, clair et pr\u00eat \u00e0 \u00eatre vendu.<\/p>\n<\/blockquote>\n<p data-start=\"1174\" data-end=\"1274\">Pendant <strong data-start=\"1182\" data-end=\"1194\">21 jours<\/strong>, tu travailleras main dans la main avec deux expertes de Schave \u00c9ditions pour :<\/p>\n<ul data-start=\"1275\" data-end=\"1583\">\n<li data-start=\"1275\" data-end=\"1346\">\n<p data-start=\"1277\" data-end=\"1346\">Corriger les faiblesses structurelles et stylistiques de ton texte,<\/p>\n<\/li>\n<li data-start=\"1347\" data-end=\"1423\">\n<p data-start=\"1349\" data-end=\"1423\">Identifier les blocages mentaux ou spirituels qui t\u2019emp\u00eachent d\u2019avancer,<\/p>\n<\/li>\n<li data-start=\"1424\" data-end=\"1508\">\n<p data-start=\"1426\" data-end=\"1508\">Donner \u00e0 ton livre une <strong data-start=\"1449\" data-end=\"1505\">coh\u00e9rence \u00e9ditoriale et un potentiel commercial fort<\/strong>,<\/p>\n<\/li>\n<li data-start=\"1509\" data-end=\"1583\">\n<p data-start=\"1511\" data-end=\"1583\">Et surtout, <strong data-start=\"1523\" data-end=\"1580\">retrouver la joie d\u2019\u00e9crire avec fluidit\u00e9 et confiance<\/strong>.<\/p>\n<\/li>\n<\/ul>\n<h2 data-start=\"1590\" data-end=\"1629\">\ud83d\udca1 Pourquoi rejoindre ce programme ?<\/h2>\n<p data-start=\"1630\" data-end=\"1821\">Parce que tu n\u2019as pas besoin d\u2019un \u00e9ni\u00e8me tutoriel sur l\u2019\u00e9criture.<br data-start=\"1695\" data-end=\"1698\" \/>Tu as besoin d\u2019un <strong data-start=\"1716\" data-end=\"1733\">regard expert<\/strong>, d\u2019un <strong data-start=\"1740\" data-end=\"1771\">accompagnement personnalis\u00e9<\/strong>, et d\u2019une <strong data-start=\"1782\" data-end=\"1818\">m\u00e9thode qui lib\u00e8re ton potentiel<\/strong>.<\/p>\n<p data-start=\"1823\" data-end=\"2027\">\ud83d\udc49 <strong data-start=\"1826\" data-end=\"1838\">En 5 ans, nous avons<\/strong>\u00a0accompagn\u00e9 <strong data-start=\"1869\" data-end=\"1891\">plus de 95 auteurs<\/strong>,<br data-start=\"1892\" data-end=\"1895\" \/>\ud83d\udc49 <strong data-start=\"1898\" data-end=\"1911\">23 livres<\/strong> publi\u00e9s rien qu\u2019en <strong data-start=\"1931\" data-end=\"1939\">2025<\/strong>,<br data-start=\"1940\" data-end=\"1943\" \/>\ud83d\udc49 Des centaines de manuscrits relus, d\u00e9bloqu\u00e9s, finalis\u00e9s et publi\u00e9s avec succ\u00e8s.<\/p>\n<p data-start=\"2029\" data-end=\"2161\">Nous savons exactement ce qui emp\u00eache un auteur de franchir la ligne d\u2019arriv\u00e9e.<br data-start=\"2108\" data-end=\"2111\" \/>Et nous avons b\u00e2ti ce challenge pour t\u2019y conduire.<\/p>\n<h2 data-start=\"2168\" data-end=\"2245\">\ud83d\udcc5 Programme du Super Auteur Challenge (du 19 novembre au 9 d\u00e9cembre 2025)<\/h2>\n<h3 data-start=\"2247\" data-end=\"2281\">\u2705 Semaine 1 : Clart\u00e9 et Vision<\/h3>\n<ul data-start=\"2282\" data-end=\"2426\">\n<li data-start=\"2282\" data-end=\"2328\">\n<p data-start=\"2284\" data-end=\"2328\">Comprendre le message central de ton livre<\/p>\n<\/li>\n<li data-start=\"2329\" data-end=\"2380\">\n<p data-start=\"2331\" data-end=\"2380\">Identifier les zones floues et les incoh\u00e9rences<\/p>\n<\/li>\n<li data-start=\"2381\" data-end=\"2426\">\n<p data-start=\"2383\" data-end=\"2426\">Red\u00e9finir la promesse faite \u00e0 ton lecteur<\/p>\n<\/li>\n<\/ul>\n<h3 data-start=\"2428\" data-end=\"2464\">\u2705 Semaine 2 : Structure et Style<\/h3>\n<ul data-start=\"2465\" data-end=\"2578\">\n<li data-start=\"2465\" data-end=\"2491\">\n<p data-start=\"2467\" data-end=\"2491\">R\u00e9\u00e9criture strat\u00e9gique<\/p>\n<\/li>\n<li data-start=\"2492\" data-end=\"2535\">\n<p data-start=\"2494\" data-end=\"2535\">Fluidit\u00e9, rythme et coh\u00e9rence narrative<\/p>\n<\/li>\n<li data-start=\"2536\" data-end=\"2578\">\n<p data-start=\"2538\" data-end=\"2578\">Harmonisation du ton et du vocabulaire<\/p>\n<\/li>\n<\/ul>\n<h3 data-start=\"2580\" data-end=\"2613\">\u2705 Semaine 3 : Impact et Vente<\/h3>\n<ul data-start=\"2614\" data-end=\"2789\">\n<li data-start=\"2614\" data-end=\"2658\">\n<p data-start=\"2616\" data-end=\"2658\">Analyse du potentiel commercial du livre<\/p>\n<\/li>\n<li data-start=\"2659\" data-end=\"2722\">\n<p data-start=\"2661\" data-end=\"2722\">Ajustement du titre, du r\u00e9sum\u00e9 et de la structure marketing<\/p>\n<\/li>\n<li data-start=\"2723\" data-end=\"2789\">\n<p data-start=\"2725\" data-end=\"2789\">Rendre ton manuscrit attractif pour l\u2019\u00e9dition ou l\u2019auto\u00e9dition<\/p>\n<\/li>\n<\/ul>\n<h2 data-start=\"2796\" data-end=\"2822\">\ud83d\udcd8 Contenu du Challenge<\/h2>\n<ul data-start=\"2823\" data-end=\"3113\">\n<li data-start=\"2823\" data-end=\"2873\">\n<p data-start=\"2825\" data-end=\"2873\">\ud83c\udfa5 <strong data-start=\"2828\" data-end=\"2854\">6 Lives de deux heures<\/strong> (replays inclus)<\/p>\n<\/li>\n<li data-start=\"2874\" data-end=\"2919\">\n<p data-start=\"2876\" data-end=\"2919\">\ud83d\udcd7 <strong data-start=\"2879\" data-end=\"2910\">Guide pratique de 100 pages<\/strong> offert<\/p>\n<\/li>\n<li data-start=\"2920\" data-end=\"2965\">\n<p data-start=\"2922\" data-end=\"2965\">\ud83d\udcac <strong data-start=\"2925\" data-end=\"2963\">Entretiens individuels sur demande<\/strong><\/p>\n<\/li>\n<li data-start=\"2966\" data-end=\"3003\">\n<p data-start=\"2968\" data-end=\"3003\">\ud83e\udd1d <strong data-start=\"2971\" data-end=\"3001\">Groupe WhatsApp d\u2019entraide<\/strong><\/p>\n<\/li>\n<li data-start=\"3004\" data-end=\"3056\">\n<p data-start=\"3006\" data-end=\"3056\">\ud83d\udc69\ud83c\udffd\u200d\ud83c\udfeb <strong data-start=\"3014\" data-end=\"3054\">Suivi personnalis\u00e9 par deux expertes<\/strong><\/p>\n<\/li>\n<li data-start=\"3057\" data-end=\"3113\">\n<p data-start=\"3059\" data-end=\"3113\">\ud83c\udf1f <strong data-start=\"3062\" data-end=\"3111\">T\u00e9moignages inspirants d\u2019anciens participants<\/strong><\/p>\n<\/li>\n<\/ul>\n<h2 data-start=\"3120\" data-end=\"3139\">\ud83c\udf3f Nos promesses<\/h2>\n<ul data-start=\"3140\" data-end=\"3412\">\n<li data-start=\"3140\" data-end=\"3190\">\n<p data-start=\"3142\" data-end=\"3190\">Un manuscrit <strong data-start=\"3155\" data-end=\"3188\">clarifi\u00e9, fluide et percutant<\/strong><\/p>\n<\/li>\n<li data-start=\"3191\" data-end=\"3236\">\n<p data-start=\"3193\" data-end=\"3236\">Un style <strong data-start=\"3202\" data-end=\"3234\">professionnalis\u00e9 et coh\u00e9rent<\/strong><\/p>\n<\/li>\n<li data-start=\"3237\" data-end=\"3287\">\n<p data-start=\"3239\" data-end=\"3287\">Une <strong data-start=\"3243\" data-end=\"3267\">confiance renouvel\u00e9e<\/strong> dans ton \u00e9criture<\/p>\n<\/li>\n<li data-start=\"3288\" data-end=\"3353\">\n<p data-start=\"3290\" data-end=\"3353\">Un <b>manuscrit termin\u00e9\u00a0<\/b><\/p>\n<\/li>\n<li data-start=\"3354\" data-end=\"3412\">\n<p data-start=\"3356\" data-end=\"3412\">Et surtout, la <strong data-start=\"3371\" data-end=\"3410\">lib\u00e9ration de ton potentiel cr\u00e9atif<\/strong><\/p>\n<\/li>\n<\/ul>\n<h2 data-start=\"3419\" data-end=\"3440\">\ud83c\udf81 Bonus exclusifs<\/h2>\n<ul data-start=\"3441\" data-end=\"3605\">\n<li data-start=\"3501\" data-end=\"3551\">\n<p data-start=\"3503\" data-end=\"3551\">Fiche de <strong data-start=\"3512\" data-end=\"3541\">relecture professionnelle<\/strong> incluse<\/p>\n<\/li>\n<li data-start=\"3552\" data-end=\"3605\">\n<p data-start=\"3554\" data-end=\"3605\">R\u00e9duction sur nos offres DIAM&rsquo;S<\/p>\n<\/li>\n<\/ul>\n<h2 data-start=\"3612\" data-end=\"3635\">\ud83d\udccd Informations cl\u00e9s<\/h2>\n<ul data-start=\"3636\" data-end=\"3887\">\n<li data-start=\"3636\" data-end=\"3688\">\n<p data-start=\"3638\" data-end=\"3688\">\ud83d\udcc5 <strong data-start=\"3641\" data-end=\"3652\">Dates :<\/strong> du 19 novembre au 9 d\u00e9cembre 2025<\/p>\n<\/li>\n<li data-start=\"3689\" data-end=\"3753\">\n<p data-start=\"3691\" data-end=\"3753\">\ud83c\udfaf <strong data-start=\"3694\" data-end=\"3708\">Objectif :<\/strong> Manuscrit finalis\u00e9 au <strong data-start=\"3731\" data-end=\"3751\">10 d\u00e9cembre 2025<\/strong><\/p>\n<\/li>\n<li data-start=\"3754\" data-end=\"3796\">\n<p data-start=\"3756\" data-end=\"3796\">\ud83d\udc65 <strong data-start=\"3759\" data-end=\"3794\">10 places disponibles seulement<\/strong><\/p>\n<\/li>\n<li data-start=\"3797\" data-end=\"3840\">\n<p data-start=\"3799\" data-end=\"3840\">\ud83d\udcbb <strong data-start=\"3802\" data-end=\"3838\">100 % en ligne : Zoom + WhatsApp<\/strong><\/p>\n<\/li>\n<\/ul>\n<h2 data-start=\"4235\" data-end=\"4285\">\ud83d\udd25 Rejoins maintenant le Super Auteur Challenge<\/h2>\n<p data-start=\"4286\" data-end=\"4432\">Si ton manuscrit dort dans un dossier depuis trop longtemps, si tu veux enfin <strong data-start=\"4364\" data-end=\"4414\">le rendre professionnel, vendable et impactant<\/strong>, c\u2019est le moment.<\/p>\n<p data-start=\"4434\" data-end=\"4570\">\ud83d\udc49 <strong data-start=\"4437\" data-end=\"4476\">Rejoins les 10 auteurs s\u00e9lectionn\u00e9s<\/strong> pour cette \u00e9dition exceptionnelle.<br data-start=\"4511\" data-end=\"4514\" \/>\ud83d\udc49 <strong data-start=\"4517\" data-end=\"4570\">Finalise ton manuscrit avant le 10 d\u00e9cembre 2025.<\/strong><\/p>\n<p data-start=\"4572\" data-end=\"4662\"><strong data-start=\"4572\" data-end=\"4591\">Schave \u00c9ditions<\/strong> \u2013 <em data-start=\"4594\" data-end=\"4662\">Lib\u00e8re ton potentiel d\u2019auteur, r\u00e9v\u00e8le la puissance de ton message.<\/em><\/p>\n","protected":false},"excerpt":{"rendered":"<p>Le <strong data-start=\"99\" data-end=\"125\">Super Auteur Challenge<\/strong> est un programme intensif de 21 jours pour t\u2019aider \u00e0 <strong data-start=\"179\" data-end=\"206\">peaufiner ton manuscrit<\/strong>, lever tes blocages et rendre ton livre pr\u00eat \u00e0 publier. Accompagnement personnalis\u00e9, lives interactifs, relectures et outils professionnels inclus.<\/p>\n","protected":false},"featured_media":1956,"comment_status":"open","ping_status":"closed","template":"","meta":{"_kadence_starter_templates_imported_post":false,"_kad_post_transparent":"default","_kad_post_title":"","_kad_post_layout":"default","_kad_post_sidebar_id":"","_kad_post_content_style":"default","_kad_post_vertical_padding":"default","_kad_post_feature":"","_kad_post_feature_position":"","_kad_post_header":false,"_kad_post_footer":false},"product_brand":[],"product_cat":[20],"product_tag":[],"class_list":{"0":"post-1955","1":"product","2":"type-product","3":"status-publish","4":"has-post-thumbnail","6":"product_cat-lives","8":"first","9":"instock","10":"sale","11":"virtual","12":"purchasable","13":"product-type-simple","14":"entry","15":"content-bg","16":"loop-entry"},"yoast_head":"<!-- This site is optimized with the Yoast SEO plugin v26.3 - https:\/\/yoast.com\/wordpress\/plugins\/seo\/ -->\n<title>Super Auteur Challenge \u2013 21 jours pour d\u00e9bloquer ton manuscrit et le rendre vendable - SCHAV\u00c8<\/title>\n<meta name=\"description\" content=\"Transforme ton manuscrit en livre pr\u00eat \u00e0 publie. En 21 jours, d\u00e9bloque ton \u00e9criture, peaufine ton texte et rends ton livre plus vendable.\" \/>\n<meta name=\"robots\" content=\"index, follow, max-snippet:-1, max-image-preview:large, max-video-preview:-1\" \/>\n<link rel=\"canonical\" href=\"https:\/\/xn--schav-8ra.com\/index.php\/produit\/super-auteur-challenge-21-jours-pour-debloquer-ton-manuscrit-et-le-rendre-vendable\/\" \/>\n<meta property=\"og:locale\" content=\"fr_FR\" \/>\n<meta property=\"og:type\" content=\"article\" \/>\n<meta property=\"og:title\" content=\"Super Auteur Challenge \u2013 21 jours pour d\u00e9bloquer ton manuscrit et le rendre vendable - SCHAV\u00c8\" \/>\n<meta property=\"og:description\" content=\"Transforme ton manuscrit en livre pr\u00eat \u00e0 publie. En 21 jours, d\u00e9bloque ton \u00e9criture, peaufine ton texte et rends ton livre plus vendable.\" \/>\n<meta property=\"og:url\" content=\"https:\/\/xn--schav-8ra.com\/index.php\/produit\/super-auteur-challenge-21-jours-pour-debloquer-ton-manuscrit-et-le-rendre-vendable\/\" \/>\n<meta property=\"og:site_name\" content=\"SCHAV\u00c8\" \/>\n<meta property=\"og:image\" content=\"https:\/\/xn--schav-8ra.com\/wp-content\/uploads\/2025\/11\/Noir-et-rouge-moderne-challenge-sport-post-instagram-1.png\" \/>\n\t<meta property=\"og:image:width\" content=\"1080\" \/>\n\t<meta property=\"og:image:height\" content=\"1080\" \/>\n\t<meta property=\"og:image:type\" content=\"image\/png\" \/>\n<meta name=\"twitter:card\" content=\"summary_large_image\" \/>\n<meta name=\"twitter:label1\" content=\"Dur\u00e9e de lecture estim\u00e9e\" \/>\n\t<meta name=\"twitter:data1\" content=\"3 minutes\" \/>\n<script type=\"application\/ld+json\" class=\"yoast-schema-graph\">{\"@context\":\"https:\/\/schema.org\",\"@graph\":[{\"@type\":\"WebPage\",\"@id\":\"https:\/\/xn--schav-8ra.com\/index.php\/produit\/super-auteur-challenge-21-jours-pour-debloquer-ton-manuscrit-et-le-rendre-vendable\/\",\"url\":\"https:\/\/xn--schav-8ra.com\/index.php\/produit\/super-auteur-challenge-21-jours-pour-debloquer-ton-manuscrit-et-le-rendre-vendable\/\",\"name\":\"Super Auteur Challenge \u2013 21 jours pour d\u00e9bloquer ton manuscrit et le rendre vendable - SCHAV\u00c8\",\"isPartOf\":{\"@id\":\"https:\/\/xn--schav-8ra.com\/#website\"},\"primaryImageOfPage\":{\"@id\":\"https:\/\/xn--schav-8ra.com\/index.php\/produit\/super-auteur-challenge-21-jours-pour-debloquer-ton-manuscrit-et-le-rendre-vendable\/#primaryimage\"},\"image\":{\"@id\":\"https:\/\/xn--schav-8ra.com\/index.php\/produit\/super-auteur-challenge-21-jours-pour-debloquer-ton-manuscrit-et-le-rendre-vendable\/#primaryimage\"},\"thumbnailUrl\":\"https:\/\/xn--schav-8ra.com\/wp-content\/uploads\/2025\/11\/Noir-et-rouge-moderne-challenge-sport-post-instagram-1.png\",\"datePublished\":\"2025-11-12T12:27:46+00:00\",\"description\":\"Transforme ton manuscrit en livre pr\u00eat \u00e0 publie. En 21 jours, d\u00e9bloque ton \u00e9criture, peaufine ton texte et rends ton livre plus vendable.\",\"breadcrumb\":{\"@id\":\"https:\/\/xn--schav-8ra.com\/index.php\/produit\/super-auteur-challenge-21-jours-pour-debloquer-ton-manuscrit-et-le-rendre-vendable\/#breadcrumb\"},\"inLanguage\":\"fr-FR\",\"potentialAction\":[{\"@type\":\"ReadAction\",\"target\":[\"https:\/\/xn--schav-8ra.com\/index.php\/produit\/super-auteur-challenge-21-jours-pour-debloquer-ton-manuscrit-et-le-rendre-vendable\/\"]}]},{\"@type\":\"ImageObject\",\"inLanguage\":\"fr-FR\",\"@id\":\"https:\/\/xn--schav-8ra.com\/index.php\/produit\/super-auteur-challenge-21-jours-pour-debloquer-ton-manuscrit-et-le-rendre-vendable\/#primaryimage\",\"url\":\"https:\/\/xn--schav-8ra.com\/wp-content\/uploads\/2025\/11\/Noir-et-rouge-moderne-challenge-sport-post-instagram-1.png\",\"contentUrl\":\"https:\/\/xn--schav-8ra.com\/wp-content\/uploads\/2025\/11\/Noir-et-rouge-moderne-challenge-sport-post-instagram-1.png\",\"width\":1080,\"height\":1080},{\"@type\":\"BreadcrumbList\",\"@id\":\"https:\/\/xn--schav-8ra.com\/index.php\/produit\/super-auteur-challenge-21-jours-pour-debloquer-ton-manuscrit-et-le-rendre-vendable\/#breadcrumb\",\"itemListElement\":[{\"@type\":\"ListItem\",\"position\":1,\"name\":\"Accueil\",\"item\":\"https:\/\/xn--schav-8ra.com\/\"},{\"@type\":\"ListItem\",\"position\":2,\"name\":\"Boutique\",\"item\":\"https:\/\/xn--schav-8ra.com\/index.php\/boutique\/\"},{\"@type\":\"ListItem\",\"position\":3,\"name\":\"Super Auteur Challenge \u2013 21 jours pour d\u00e9bloquer ton manuscrit et le rendre vendable\"}]},{\"@type\":\"WebSite\",\"@id\":\"https:\/\/xn--schav-8ra.com\/#website\",\"url\":\"https:\/\/xn--schav-8ra.com\/\",\"name\":\"SCHAV\u00c8\",\"description\":\"La Vall\u00e9e des Rois et des Reines\",\"publisher\":{\"@id\":\"https:\/\/xn--schav-8ra.com\/#organization\"},\"potentialAction\":[{\"@type\":\"SearchAction\",\"target\":{\"@type\":\"EntryPoint\",\"urlTemplate\":\"https:\/\/xn--schav-8ra.com\/?s={search_term_string}\"},\"query-input\":{\"@type\":\"PropertyValueSpecification\",\"valueRequired\":true,\"valueName\":\"search_term_string\"}}],\"inLanguage\":\"fr-FR\"},{\"@type\":\"Organization\",\"@id\":\"https:\/\/xn--schav-8ra.com\/#organization\",\"name\":\"SCHAV\u00c8\",\"url\":\"https:\/\/xn--schav-8ra.com\/\",\"logo\":{\"@type\":\"ImageObject\",\"inLanguage\":\"fr-FR\",\"@id\":\"https:\/\/xn--schav-8ra.com\/#\/schema\/logo\/image\/\",\"url\":\"https:\/\/xn--schav-8ra.com\/wp-content\/uploads\/2024\/01\/cropped-png_20230413_140706_0000.png\",\"contentUrl\":\"https:\/\/xn--schav-8ra.com\/wp-content\/uploads\/2024\/01\/cropped-png_20230413_140706_0000.png\",\"width\":4000,\"height\":4000,\"caption\":\"SCHAV\u00c8\"},\"image\":{\"@id\":\"https:\/\/xn--schav-8ra.com\/#\/schema\/logo\/image\/\"}}]}<\/script>\n<!-- \/ Yoast SEO plugin. -->","yoast_head_json":{"title":"Super Auteur Challenge \u2013 21 jours pour d\u00e9bloquer ton manuscrit et le rendre vendable - SCHAV\u00c8","description":"Transforme ton manuscrit en livre pr\u00eat \u00e0 publie. En 21 jours, d\u00e9bloque ton \u00e9criture, peaufine ton texte et rends ton livre plus vendable.","robots":{"index":"index","follow":"follow","max-snippet":"max-snippet:-1","max-image-preview":"max-image-preview:large","max-video-preview":"max-video-preview:-1"},"canonical":"https:\/\/xn--schav-8ra.com\/index.php\/produit\/super-auteur-challenge-21-jours-pour-debloquer-ton-manuscrit-et-le-rendre-vendable\/","og_locale":"fr_FR","og_type":"article","og_title":"Super Auteur Challenge \u2013 21 jours pour d\u00e9bloquer ton manuscrit et le rendre vendable - SCHAV\u00c8","og_description":"Transforme ton manuscrit en livre pr\u00eat \u00e0 publie. En 21 jours, d\u00e9bloque ton \u00e9criture, peaufine ton texte et rends ton livre plus vendable.","og_url":"https:\/\/xn--schav-8ra.com\/index.php\/produit\/super-auteur-challenge-21-jours-pour-debloquer-ton-manuscrit-et-le-rendre-vendable\/","og_site_name":"SCHAV\u00c8","og_image":[{"width":1080,"height":1080,"url":"https:\/\/xn--schav-8ra.com\/wp-content\/uploads\/2025\/11\/Noir-et-rouge-moderne-challenge-sport-post-instagram-1.png","type":"image\/png"}],"twitter_card":"summary_large_image","twitter_misc":{"Dur\u00e9e de lecture estim\u00e9e":"3 minutes"},"schema":{"@context":"https:\/\/schema.org","@graph":[{"@type":"WebPage","@id":"https:\/\/xn--schav-8ra.com\/index.php\/produit\/super-auteur-challenge-21-jours-pour-debloquer-ton-manuscrit-et-le-rendre-vendable\/","url":"https:\/\/xn--schav-8ra.com\/index.php\/produit\/super-auteur-challenge-21-jours-pour-debloquer-ton-manuscrit-et-le-rendre-vendable\/","name":"Super Auteur Challenge \u2013 21 jours pour d\u00e9bloquer ton manuscrit et le rendre vendable - SCHAV\u00c8","isPartOf":{"@id":"https:\/\/xn--schav-8ra.com\/#website"},"primaryImageOfPage":{"@id":"https:\/\/xn--schav-8ra.com\/index.php\/produit\/super-auteur-challenge-21-jours-pour-debloquer-ton-manuscrit-et-le-rendre-vendable\/#primaryimage"},"image":{"@id":"https:\/\/xn--schav-8ra.com\/index.php\/produit\/super-auteur-challenge-21-jours-pour-debloquer-ton-manuscrit-et-le-rendre-vendable\/#primaryimage"},"thumbnailUrl":"https:\/\/xn--schav-8ra.com\/wp-content\/uploads\/2025\/11\/Noir-et-rouge-moderne-challenge-sport-post-instagram-1.png","datePublished":"2025-11-12T12:27:46+00:00","description":"Transforme ton manuscrit en livre pr\u00eat \u00e0 publie. En 21 jours, d\u00e9bloque ton \u00e9criture, peaufine ton texte et rends ton livre plus vendable.","breadcrumb":{"@id":"https:\/\/xn--schav-8ra.com\/index.php\/produit\/super-auteur-challenge-21-jours-pour-debloquer-ton-manuscrit-et-le-rendre-vendable\/#breadcrumb"},"inLanguage":"fr-FR","potentialAction":[{"@type":"ReadAction","target":["https:\/\/xn--schav-8ra.com\/index.php\/produit\/super-auteur-challenge-21-jours-pour-debloquer-ton-manuscrit-et-le-rendre-vendable\/"]}]},{"@type":"ImageObject","inLanguage":"fr-FR","@id":"https:\/\/xn--schav-8ra.com\/index.php\/produit\/super-auteur-challenge-21-jours-pour-debloquer-ton-manuscrit-et-le-rendre-vendable\/#primaryimage","url":"https:\/\/xn--schav-8ra.com\/wp-content\/uploads\/2025\/11\/Noir-et-rouge-moderne-challenge-sport-post-instagram-1.png","contentUrl":"https:\/\/xn--schav-8ra.com\/wp-content\/uploads\/2025\/11\/Noir-et-rouge-moderne-challenge-sport-post-instagram-1.png","width":1080,"height":1080},{"@type":"BreadcrumbList","@id":"https:\/\/xn--schav-8ra.com\/index.php\/produit\/super-auteur-challenge-21-jours-pour-debloquer-ton-manuscrit-et-le-rendre-vendable\/#breadcrumb","itemListElement":[{"@type":"ListItem","position":1,"name":"Accueil","item":"https:\/\/xn--schav-8ra.com\/"},{"@type":"ListItem","position":2,"name":"Boutique","item":"https:\/\/xn--schav-8ra.com\/index.php\/boutique\/"},{"@type":"ListItem","position":3,"name":"Super Auteur Challenge \u2013 21 jours pour d\u00e9bloquer ton manuscrit et le rendre vendable"}]},{"@type":"WebSite","@id":"https:\/\/xn--schav-8ra.com\/#website","url":"https:\/\/xn--schav-8ra.com\/","name":"SCHAV\u00c8","description":"La Vall\u00e9e des Rois et des Reines","publisher":{"@id":"https:\/\/xn--schav-8ra.com\/#organization"},"potentialAction":[{"@type":"SearchAction","target":{"@type":"EntryPoint","urlTemplate":"https:\/\/xn--schav-8ra.com\/?s={search_term_string}"},"query-input":{"@type":"PropertyValueSpecification","valueRequired":true,"valueName":"search_term_string"}}],"inLanguage":"fr-FR"},{"@type":"Organization","@id":"https:\/\/xn--schav-8ra.com\/#organization","name":"SCHAV\u00c8","url":"https:\/\/xn--schav-8ra.com\/","logo":{"@type":"ImageObject","inLanguage":"fr-FR","@id":"https:\/\/xn--schav-8ra.com\/#\/schema\/logo\/image\/","url":"https:\/\/xn--schav-8ra.com\/wp-content\/uploads\/2024\/01\/cropped-png_20230413_140706_0000.png","contentUrl":"https:\/\/xn--schav-8ra.com\/wp-content\/uploads\/2024\/01\/cropped-png_20230413_140706_0000.png","width":4000,"height":4000,"caption":"SCHAV\u00c8"},"image":{"@id":"https:\/\/xn--schav-8ra.com\/#\/schema\/logo\/image\/"}}]}},"_links":{"self":[{"href":"https:\/\/xn--schav-8ra.com\/index.php\/wp-json\/wp\/v2\/product\/1955","targetHints":{"allow":["GET"]}}],"collection":[{"href":"https:\/\/xn--schav-8ra.com\/index.php\/wp-json\/wp\/v2\/product"}],"about":[{"href":"https:\/\/xn--schav-8ra.com\/index.php\/wp-json\/wp\/v2\/types\/product"}],"replies":[{"embeddable":true,"href":"https:\/\/xn--schav-8ra.com\/index.php\/wp-json\/wp\/v2\/comments?post=1955"}],"wp:featuredmedia":[{"embeddable":true,"href":"https:\/\/xn--schav-8ra.com\/index.php\/wp-json\/wp\/v2\/media\/1956"}],"wp:attachment":[{"href":"https:\/\/xn--schav-8ra.com\/index.php\/wp-json\/wp\/v2\/media?parent=1955"}],"wp:term":[{"taxonomy":"product_brand","embeddable":true,"href":"https:\/\/xn--schav-8ra.com\/index.php\/wp-json\/wp\/v2\/product_brand?post=1955"},{"taxonomy":"product_cat","embeddable":true,"href":"https:\/\/xn--schav-8ra.com\/index.php\/wp-json\/wp\/v2\/product_cat?post=1955"},{"taxonomy":"product_tag","embeddable":true,"href":"https:\/\/xn--schav-8ra.com\/index.php\/wp-json\/wp\/v2\/product_tag?post=1955"}],"curies":[{"name":"wp","href":"https:\/\/api.w.org\/{rel}","templated":true}]}}