{"id":1981,"date":"2026-02-18T23:32:01","date_gmt":"2026-02-18T22:32:01","guid":{"rendered":"https:\/\/xn--schav-8ra.com\/?post_type=product&#038;p=1981"},"modified":"2026-02-18T23:58:06","modified_gmt":"2026-02-18T22:58:06","slug":"21-jours-pour-restaurer-votre-couple-et-votre-famille-un-parcours-fonde-sur-les-principes-divins-tiki-sarah-bekoe","status":"publish","type":"product","link":"https:\/\/xn--schav-8ra.com\/index.php\/produit\/21-jours-pour-restaurer-votre-couple-et-votre-famille-un-parcours-fonde-sur-les-principes-divins-tiki-sarah-bekoe\/","title":{"rendered":"21 jours pour restaurer votre couple  et votre famille : Un parcours fond\u00e9 sur  les principes Divins &#8211; Tiki Sarah BEKO\u00c9"},"content":{"rendered":"<p class=\"cvGsUA direction-ltr align-center para-style-body\"><span class=\"a_GcMg font-feature-liga-off font-feature-clig-off font-feature-calt-off text-decoration-none text-strikethrough-none\">Tout comme<\/span><\/p>\n<p class=\"cvGsUA direction-ltr align-center para-style-body\"><span class=\"a_GcMg font-feature-liga-off font-feature-clig-off font-feature-calt-off text-decoration-none text-strikethrough-none\">Il faut une pierre pour commencer la construction d&rsquo;un building.<\/span><\/p>\n<p class=\"cvGsUA direction-ltr align-center para-style-body\"><span class=\"a_GcMg font-feature-liga-off font-feature-clig-off font-feature-calt-off text-decoration-none text-strikethrough-none\">Il faut une carte pour construire (ou d\u00e9truire) un ch\u00e2teau de carte.<\/span><\/p>\n<p class=\"cvGsUA direction-ltr align-center para-style-body\"><span class=\"a_GcMg font-feature-liga-off font-feature-clig-off font-feature-calt-off text-decoration-none text-strikethrough-none\">Il faut faire un pas apr\u00e8s l&rsquo;autre pour marcher.<\/span><\/p>\n<p class=\"cvGsUA direction-ltr align-center para-style-body\"><span class=\"a_GcMg font-feature-liga-off font-feature-clig-off font-feature-calt-off text-decoration-none text-strikethrough-none\">Il suffit d&rsquo;enlever une \u00e9pine pour se sentir mieux.<\/span><\/p>\n<p class=\"cvGsUA direction-ltr align-center para-style-body\"><span class=\"a_GcMg font-feature-liga-off font-feature-clig-off font-feature-calt-off text-decoration-none text-strikethrough-none\">De m\u00eame,<\/span><\/p>\n<p class=\"cvGsUA direction-ltr align-center para-style-body\"><span class=\"a_GcMg font-feature-liga-off font-feature-clig-off font-feature-calt-off text-decoration-none text-strikethrough-none\">Il suffit d&rsquo;une action pour construire, d\u00e9truite ou r\u00e9parer (restaurer) une relation.<\/span><\/p>\n<p class=\"cvGsUA direction-ltr align-center para-style-body\"><span class=\"a_GcMg font-feature-liga-off font-feature-clig-off font-feature-calt-off text-decoration-none text-strikethrough-none\">Ce programme est inspir\u00e9 du principe<\/span> <span class=\"a_GcMg font-feature-liga-off font-feature-clig-off font-feature-calt-off text-decoration-none text-strikethrough-none\">\u201cfaire une chose \u00e0 la fois\u201d.<\/span><\/p>\n<p class=\"cvGsUA direction-ltr align-center para-style-body\"><span class=\"a_GcMg font-feature-liga-off font-feature-clig-off font-feature-calt-off text-decoration-none text-strikethrough-none\">Parfois, nous voulons r\u00e9ussir en \u00e9tudiant de grandes th\u00e9ories, en suivant de longues formations, mais ob\u00e9ir en profondeur \u00e0 une \u00ab\u00a0petite instruction\u00a0\u00bb peut nous sembler difficile, voire impossible.<\/span><\/p>\n<p class=\"cvGsUA direction-ltr align-center para-style-body\"><span class=\"a_GcMg font-feature-liga-off font-feature-clig-off font-feature-calt-off text-decoration-none text-strikethrough-none\">Dans ce programme, je vous encourage \u00e0 faire de petites choses,<\/span><\/p>\n<p class=\"cvGsUA direction-ltr align-center para-style-body\"><span class=\"a_GcMg font-feature-liga-off font-feature-clig-off font-feature-calt-off text-decoration-none text-strikethrough-none\">\u00e0 poser de petits actes, un.e \u00e0 la fois.<\/span><\/p>\n<p class=\"cvGsUA direction-ltr align-center para-style-body\"><span class=\"a_GcMg font-feature-liga-off font-feature-clig-off font-feature-calt-off text-decoration-none text-strikethrough-none\">Faites le m\u00eame si cela vous semble insignifiant.<\/span><\/p>\n<p class=\"cvGsUA direction-ltr align-center para-style-body\"><span class=\"a_GcMg font-feature-liga-off font-feature-clig-off font-feature-calt-off text-decoration-none text-strikethrough-none\">Allez en profondeur et vous r\u00e9ussissez ce merveilleux challenge de la restauration de vos relations, de votre couple, de votre famille.<\/span><\/p>\n","protected":false},"excerpt":{"rendered":"<p>Un livre interactif que vous pourrez remplir seul.e ou avec votre conjoint.e<\/p>\n","protected":false},"featured_media":1982,"comment_status":"open","ping_status":"closed","template":"","meta":{"_kadence_starter_templates_imported_post":false,"_kad_post_transparent":"default","_kad_post_title":"","_kad_post_layout":"default","_kad_post_sidebar_id":"","_kad_post_content_style":"default","_kad_post_vertical_padding":"default","_kad_post_feature":"","_kad_post_feature_position":"","_kad_post_header":false,"_kad_post_footer":false},"product_brand":[],"product_cat":[20],"product_tag":[],"class_list":{"0":"post-1981","1":"product","2":"type-product","3":"status-publish","4":"has-post-thumbnail","6":"product_cat-lives","8":"first","9":"instock","10":"downloadable","11":"shipping-taxable","12":"purchasable","13":"product-type-simple","14":"entry","15":"content-bg","16":"loop-entry"},"yoast_head":"<!-- This site is optimized with the Yoast SEO plugin v26.3 - https:\/\/yoast.com\/wordpress\/plugins\/seo\/ -->\n<title>21 jours pour restaurer votre couple et votre famille : Un parcours fond\u00e9 sur les principes Divins - Tiki Sarah BEKO\u00c9 - SCHAV\u00c8<\/title>\n<meta name=\"robots\" content=\"index, follow, max-snippet:-1, max-image-preview:large, max-video-preview:-1\" \/>\n<link rel=\"canonical\" href=\"https:\/\/xn--schav-8ra.com\/index.php\/produit\/21-jours-pour-restaurer-votre-couple-et-votre-famille-un-parcours-fonde-sur-les-principes-divins-tiki-sarah-bekoe\/\" \/>\n<meta property=\"og:locale\" content=\"fr_FR\" \/>\n<meta property=\"og:type\" content=\"article\" \/>\n<meta property=\"og:title\" content=\"21 jours pour restaurer votre couple et votre famille : Un parcours fond\u00e9 sur les principes Divins - Tiki Sarah BEKO\u00c9 - SCHAV\u00c8\" \/>\n<meta property=\"og:description\" content=\"Un livre interactif que vous pourrez remplir seul.e ou avec votre conjoint.e\" \/>\n<meta property=\"og:url\" content=\"https:\/\/xn--schav-8ra.com\/index.php\/produit\/21-jours-pour-restaurer-votre-couple-et-votre-famille-un-parcours-fonde-sur-les-principes-divins-tiki-sarah-bekoe\/\" \/>\n<meta property=\"og:site_name\" content=\"SCHAV\u00c8\" \/>\n<meta property=\"article:modified_time\" content=\"2026-02-18T22:58:06+00:00\" \/>\n<meta property=\"og:image\" content=\"https:\/\/xn--schav-8ra.com\/wp-content\/uploads\/2026\/02\/Capture-decran-2026-02-18-214214.png\" \/>\n\t<meta property=\"og:image:width\" content=\"226\" \/>\n\t<meta property=\"og:image:height\" content=\"357\" \/>\n\t<meta property=\"og:image:type\" content=\"image\/png\" \/>\n<meta name=\"twitter:card\" content=\"summary_large_image\" \/>\n<meta name=\"twitter:label1\" content=\"Dur\u00e9e de lecture estim\u00e9e\" \/>\n\t<meta name=\"twitter:data1\" content=\"1 minute\" \/>\n<script type=\"application\/ld+json\" class=\"yoast-schema-graph\">{\"@context\":\"https:\/\/schema.org\",\"@graph\":[{\"@type\":\"WebPage\",\"@id\":\"https:\/\/xn--schav-8ra.com\/index.php\/produit\/21-jours-pour-restaurer-votre-couple-et-votre-famille-un-parcours-fonde-sur-les-principes-divins-tiki-sarah-bekoe\/\",\"url\":\"https:\/\/xn--schav-8ra.com\/index.php\/produit\/21-jours-pour-restaurer-votre-couple-et-votre-famille-un-parcours-fonde-sur-les-principes-divins-tiki-sarah-bekoe\/\",\"name\":\"21 jours pour restaurer votre couple et votre famille : Un parcours fond\u00e9 sur les principes Divins - Tiki Sarah BEKO\u00c9 - SCHAV\u00c8\",\"isPartOf\":{\"@id\":\"https:\/\/xn--schav-8ra.com\/#website\"},\"primaryImageOfPage\":{\"@id\":\"https:\/\/xn--schav-8ra.com\/index.php\/produit\/21-jours-pour-restaurer-votre-couple-et-votre-famille-un-parcours-fonde-sur-les-principes-divins-tiki-sarah-bekoe\/#primaryimage\"},\"image\":{\"@id\":\"https:\/\/xn--schav-8ra.com\/index.php\/produit\/21-jours-pour-restaurer-votre-couple-et-votre-famille-un-parcours-fonde-sur-les-principes-divins-tiki-sarah-bekoe\/#primaryimage\"},\"thumbnailUrl\":\"https:\/\/xn--schav-8ra.com\/wp-content\/uploads\/2026\/02\/Capture-decran-2026-02-18-214214.png\",\"datePublished\":\"2026-02-18T22:32:01+00:00\",\"dateModified\":\"2026-02-18T22:58:06+00:00\",\"breadcrumb\":{\"@id\":\"https:\/\/xn--schav-8ra.com\/index.php\/produit\/21-jours-pour-restaurer-votre-couple-et-votre-famille-un-parcours-fonde-sur-les-principes-divins-tiki-sarah-bekoe\/#breadcrumb\"},\"inLanguage\":\"fr-FR\",\"potentialAction\":[{\"@type\":\"ReadAction\",\"target\":[\"https:\/\/xn--schav-8ra.com\/index.php\/produit\/21-jours-pour-restaurer-votre-couple-et-votre-famille-un-parcours-fonde-sur-les-principes-divins-tiki-sarah-bekoe\/\"]}]},{\"@type\":\"ImageObject\",\"inLanguage\":\"fr-FR\",\"@id\":\"https:\/\/xn--schav-8ra.com\/index.php\/produit\/21-jours-pour-restaurer-votre-couple-et-votre-famille-un-parcours-fonde-sur-les-principes-divins-tiki-sarah-bekoe\/#primaryimage\",\"url\":\"https:\/\/xn--schav-8ra.com\/wp-content\/uploads\/2026\/02\/Capture-decran-2026-02-18-214214.png\",\"contentUrl\":\"https:\/\/xn--schav-8ra.com\/wp-content\/uploads\/2026\/02\/Capture-decran-2026-02-18-214214.png\",\"width\":226,\"height\":357},{\"@type\":\"BreadcrumbList\",\"@id\":\"https:\/\/xn--schav-8ra.com\/index.php\/produit\/21-jours-pour-restaurer-votre-couple-et-votre-famille-un-parcours-fonde-sur-les-principes-divins-tiki-sarah-bekoe\/#breadcrumb\",\"itemListElement\":[{\"@type\":\"ListItem\",\"position\":1,\"name\":\"Accueil\",\"item\":\"https:\/\/xn--schav-8ra.com\/\"},{\"@type\":\"ListItem\",\"position\":2,\"name\":\"Boutique\",\"item\":\"https:\/\/xn--schav-8ra.com\/index.php\/boutique\/\"},{\"@type\":\"ListItem\",\"position\":3,\"name\":\"21 jours pour restaurer votre couple et votre famille : Un parcours fond\u00e9 sur les principes Divins &#8211; Tiki Sarah BEKO\u00c9\"}]},{\"@type\":\"WebSite\",\"@id\":\"https:\/\/xn--schav-8ra.com\/#website\",\"url\":\"https:\/\/xn--schav-8ra.com\/\",\"name\":\"SCHAV\u00c8\",\"description\":\"La Vall\u00e9e des Rois et des Reines\",\"publisher\":{\"@id\":\"https:\/\/xn--schav-8ra.com\/#organization\"},\"potentialAction\":[{\"@type\":\"SearchAction\",\"target\":{\"@type\":\"EntryPoint\",\"urlTemplate\":\"https:\/\/xn--schav-8ra.com\/?s={search_term_string}\"},\"query-input\":{\"@type\":\"PropertyValueSpecification\",\"valueRequired\":true,\"valueName\":\"search_term_string\"}}],\"inLanguage\":\"fr-FR\"},{\"@type\":\"Organization\",\"@id\":\"https:\/\/xn--schav-8ra.com\/#organization\",\"name\":\"SCHAV\u00c8\",\"url\":\"https:\/\/xn--schav-8ra.com\/\",\"logo\":{\"@type\":\"ImageObject\",\"inLanguage\":\"fr-FR\",\"@id\":\"https:\/\/xn--schav-8ra.com\/#\/schema\/logo\/image\/\",\"url\":\"https:\/\/xn--schav-8ra.com\/wp-content\/uploads\/2024\/01\/cropped-png_20230413_140706_0000.png\",\"contentUrl\":\"https:\/\/xn--schav-8ra.com\/wp-content\/uploads\/2024\/01\/cropped-png_20230413_140706_0000.png\",\"width\":4000,\"height\":4000,\"caption\":\"SCHAV\u00c8\"},\"image\":{\"@id\":\"https:\/\/xn--schav-8ra.com\/#\/schema\/logo\/image\/\"}}]}<\/script>\n<!-- \/ Yoast SEO plugin. -->","yoast_head_json":{"title":"21 jours pour restaurer votre couple et votre famille : Un parcours fond\u00e9 sur les principes Divins - Tiki Sarah BEKO\u00c9 - SCHAV\u00c8","robots":{"index":"index","follow":"follow","max-snippet":"max-snippet:-1","max-image-preview":"max-image-preview:large","max-video-preview":"max-video-preview:-1"},"canonical":"https:\/\/xn--schav-8ra.com\/index.php\/produit\/21-jours-pour-restaurer-votre-couple-et-votre-famille-un-parcours-fonde-sur-les-principes-divins-tiki-sarah-bekoe\/","og_locale":"fr_FR","og_type":"article","og_title":"21 jours pour restaurer votre couple et votre famille : Un parcours fond\u00e9 sur les principes Divins - Tiki Sarah BEKO\u00c9 - SCHAV\u00c8","og_description":"Un livre interactif que vous pourrez remplir seul.e ou avec votre conjoint.e","og_url":"https:\/\/xn--schav-8ra.com\/index.php\/produit\/21-jours-pour-restaurer-votre-couple-et-votre-famille-un-parcours-fonde-sur-les-principes-divins-tiki-sarah-bekoe\/","og_site_name":"SCHAV\u00c8","article_modified_time":"2026-02-18T22:58:06+00:00","og_image":[{"width":226,"height":357,"url":"https:\/\/xn--schav-8ra.com\/wp-content\/uploads\/2026\/02\/Capture-decran-2026-02-18-214214.png","type":"image\/png"}],"twitter_card":"summary_large_image","twitter_misc":{"Dur\u00e9e de lecture estim\u00e9e":"1 minute"},"schema":{"@context":"https:\/\/schema.org","@graph":[{"@type":"WebPage","@id":"https:\/\/xn--schav-8ra.com\/index.php\/produit\/21-jours-pour-restaurer-votre-couple-et-votre-famille-un-parcours-fonde-sur-les-principes-divins-tiki-sarah-bekoe\/","url":"https:\/\/xn--schav-8ra.com\/index.php\/produit\/21-jours-pour-restaurer-votre-couple-et-votre-famille-un-parcours-fonde-sur-les-principes-divins-tiki-sarah-bekoe\/","name":"21 jours pour restaurer votre couple et votre famille : Un parcours fond\u00e9 sur les principes Divins - Tiki Sarah BEKO\u00c9 - SCHAV\u00c8","isPartOf":{"@id":"https:\/\/xn--schav-8ra.com\/#website"},"primaryImageOfPage":{"@id":"https:\/\/xn--schav-8ra.com\/index.php\/produit\/21-jours-pour-restaurer-votre-couple-et-votre-famille-un-parcours-fonde-sur-les-principes-divins-tiki-sarah-bekoe\/#primaryimage"},"image":{"@id":"https:\/\/xn--schav-8ra.com\/index.php\/produit\/21-jours-pour-restaurer-votre-couple-et-votre-famille-un-parcours-fonde-sur-les-principes-divins-tiki-sarah-bekoe\/#primaryimage"},"thumbnailUrl":"https:\/\/xn--schav-8ra.com\/wp-content\/uploads\/2026\/02\/Capture-decran-2026-02-18-214214.png","datePublished":"2026-02-18T22:32:01+00:00","dateModified":"2026-02-18T22:58:06+00:00","breadcrumb":{"@id":"https:\/\/xn--schav-8ra.com\/index.php\/produit\/21-jours-pour-restaurer-votre-couple-et-votre-famille-un-parcours-fonde-sur-les-principes-divins-tiki-sarah-bekoe\/#breadcrumb"},"inLanguage":"fr-FR","potentialAction":[{"@type":"ReadAction","target":["https:\/\/xn--schav-8ra.com\/index.php\/produit\/21-jours-pour-restaurer-votre-couple-et-votre-famille-un-parcours-fonde-sur-les-principes-divins-tiki-sarah-bekoe\/"]}]},{"@type":"ImageObject","inLanguage":"fr-FR","@id":"https:\/\/xn--schav-8ra.com\/index.php\/produit\/21-jours-pour-restaurer-votre-couple-et-votre-famille-un-parcours-fonde-sur-les-principes-divins-tiki-sarah-bekoe\/#primaryimage","url":"https:\/\/xn--schav-8ra.com\/wp-content\/uploads\/2026\/02\/Capture-decran-2026-02-18-214214.png","contentUrl":"https:\/\/xn--schav-8ra.com\/wp-content\/uploads\/2026\/02\/Capture-decran-2026-02-18-214214.png","width":226,"height":357},{"@type":"BreadcrumbList","@id":"https:\/\/xn--schav-8ra.com\/index.php\/produit\/21-jours-pour-restaurer-votre-couple-et-votre-famille-un-parcours-fonde-sur-les-principes-divins-tiki-sarah-bekoe\/#breadcrumb","itemListElement":[{"@type":"ListItem","position":1,"name":"Accueil","item":"https:\/\/xn--schav-8ra.com\/"},{"@type":"ListItem","position":2,"name":"Boutique","item":"https:\/\/xn--schav-8ra.com\/index.php\/boutique\/"},{"@type":"ListItem","position":3,"name":"21 jours pour restaurer votre couple et votre famille : Un parcours fond\u00e9 sur les principes Divins &#8211; Tiki Sarah BEKO\u00c9"}]},{"@type":"WebSite","@id":"https:\/\/xn--schav-8ra.com\/#website","url":"https:\/\/xn--schav-8ra.com\/","name":"SCHAV\u00c8","description":"La Vall\u00e9e des Rois et des Reines","publisher":{"@id":"https:\/\/xn--schav-8ra.com\/#organization"},"potentialAction":[{"@type":"SearchAction","target":{"@type":"EntryPoint","urlTemplate":"https:\/\/xn--schav-8ra.com\/?s={search_term_string}"},"query-input":{"@type":"PropertyValueSpecification","valueRequired":true,"valueName":"search_term_string"}}],"inLanguage":"fr-FR"},{"@type":"Organization","@id":"https:\/\/xn--schav-8ra.com\/#organization","name":"SCHAV\u00c8","url":"https:\/\/xn--schav-8ra.com\/","logo":{"@type":"ImageObject","inLanguage":"fr-FR","@id":"https:\/\/xn--schav-8ra.com\/#\/schema\/logo\/image\/","url":"https:\/\/xn--schav-8ra.com\/wp-content\/uploads\/2024\/01\/cropped-png_20230413_140706_0000.png","contentUrl":"https:\/\/xn--schav-8ra.com\/wp-content\/uploads\/2024\/01\/cropped-png_20230413_140706_0000.png","width":4000,"height":4000,"caption":"SCHAV\u00c8"},"image":{"@id":"https:\/\/xn--schav-8ra.com\/#\/schema\/logo\/image\/"}}]}},"_links":{"self":[{"href":"https:\/\/xn--schav-8ra.com\/index.php\/wp-json\/wp\/v2\/product\/1981","targetHints":{"allow":["GET"]}}],"collection":[{"href":"https:\/\/xn--schav-8ra.com\/index.php\/wp-json\/wp\/v2\/product"}],"about":[{"href":"https:\/\/xn--schav-8ra.com\/index.php\/wp-json\/wp\/v2\/types\/product"}],"replies":[{"embeddable":true,"href":"https:\/\/xn--schav-8ra.com\/index.php\/wp-json\/wp\/v2\/comments?post=1981"}],"wp:featuredmedia":[{"embeddable":true,"href":"https:\/\/xn--schav-8ra.com\/index.php\/wp-json\/wp\/v2\/media\/1982"}],"wp:attachment":[{"href":"https:\/\/xn--schav-8ra.com\/index.php\/wp-json\/wp\/v2\/media?parent=1981"}],"wp:term":[{"taxonomy":"product_brand","embeddable":true,"href":"https:\/\/xn--schav-8ra.com\/index.php\/wp-json\/wp\/v2\/product_brand?post=1981"},{"taxonomy":"product_cat","embeddable":true,"href":"https:\/\/xn--schav-8ra.com\/index.php\/wp-json\/wp\/v2\/product_cat?post=1981"},{"taxonomy":"product_tag","embeddable":true,"href":"https:\/\/xn--schav-8ra.com\/index.php\/wp-json\/wp\/v2\/product_tag?post=1981"}],"curies":[{"name":"wp","href":"https:\/\/api.w.org\/{rel}","templated":true}]}}